{"id":798,"date":"2020-06-11T21:10:06","date_gmt":"2020-06-12T00:10:06","guid":{"rendered":"http:\/\/www2.unifap.br\/ppglet\/?page_id=798"},"modified":"2020-06-11T21:10:06","modified_gmt":"2020-06-12T00:10:06","slug":"credenciamento-2019","status":"publish","type":"page","link":"https:\/\/www2.unifap.br\/ppglet\/docentes\/credenciamento\/credenciamento-2019\/","title":{"rendered":"Credenciamento 2019"},"content":{"rendered":"<h3>Chamada n. 04 &#8211; Credenciamento de Professores &#8211; PPGLET\/UNIFAP<\/h3>\n<p><span style=\"font-weight: 400\">A Universidade Federal do Amap\u00e1 (UNIFAP), por meio do Programa de P\u00f3s-Gradua\u00e7\u00e3o em Letras (PPGLET), torna p\u00fablico, pela presente chamada, a recep\u00e7\u00e3o de interesse de docentes\/pesquisadores\/as efetivos\/as, em regime de 40H, com dedica\u00e7\u00e3o exclusiva, de Institui\u00e7\u00f5es de Ensino Superior (IESs) e\/ou Institui\u00e7\u00f5es de Ci\u00eancia e Tecnologia (ICTs)&nbsp; para credenciamento no PPGLET.<\/span><\/p>\n<p><a href=\"http:\/\/www2.unifap.br\/ppglet\/files\/2019\/07\/Chamada_4_2019_Credenciamento_Docente.pdf\">Chamada n. 4\/2019 Credenciamento de Professores &#8211; PPGLET\/UNIFAP<\/a><\/p>\n<p><a href=\"http:\/\/www2.unifap.br\/ppglet\/files\/2019\/07\/Chamada_4_2019_Credenciamento_Docente_Anexo_A.docx\">Chamada n.4\/2019 &#8211; Anexo A &#8211; Ficha de Inscri\u00e7\u00e3o<\/a><\/p>\n<p><a href=\"http:\/\/www2.unifap.br\/ppglet\/files\/2019\/07\/Chamada_4_2019_Credenciamento_Docente_Anexo_A.pdf\">]Chamada n.4\/2019 &#8211; Anexo A &#8211; Ficha de Inscri\u00e7\u00e3o<\/a><\/p>\n<p><a href=\"http:\/\/www2.unifap.br\/ppglet\/files\/2019\/07\/Chamada_4_2019_Credenciamento_Docente_Anexo_B.docx\">Chamada n.4\/2019 &#8211; Anexo B &#8211; Formul\u00e1rio de Recurso<\/a><\/p>\n<p><a href=\"http:\/\/www2.unifap.br\/ppglet\/files\/2019\/07\/Chamada_4_2019_Credenciamento_Docente_Anexo_B.pdf\">Chamada n.4\/2019 &#8211; Anexo B &#8211; Formul\u00e1rio de Recurso<\/a><\/p>\n","protected":false},"excerpt":{"rendered":"<p>Chamada n. 04 &#8211; Credenciamento de Professores &#8211; PPGLET\/UNIFAP A Universidade Federal do Amap\u00e1 (UNIFAP), por meio do Programa de P\u00f3s-Gradua\u00e7\u00e3o em Letras (PPGLET), torna p\u00fablico, pela presente chamada, a recep\u00e7\u00e3o de interesse de docentes\/pesquisadores\/as efetivos\/as, em regime de 40H, com dedica\u00e7\u00e3o exclusiva, de Institui\u00e7\u00f5es de Ensino Superior (IESs) e\/ou Institui\u00e7\u00f5es de Ci\u00eancia e Tecnologia&#8230;<\/p>\n","protected":false},"author":3826,"featured_media":0,"parent":793,"menu_order":2,"comment_status":"closed","ping_status":"closed","template":"","meta":{"inline_featured_image":false,"ngg_post_thumbnail":0,"footnotes":""},"folder":[],"class_list":["post-798","page","type-page","status-publish","hentry","entry"],"_links":{"self":[{"href":"https:\/\/www2.unifap.br\/ppglet\/wp-json\/wp\/v2\/pages\/798","targetHints":{"allow":["GET"]}}],"collection":[{"href":"https:\/\/www2.unifap.br\/ppglet\/wp-json\/wp\/v2\/pages"}],"about":[{"href":"https:\/\/www2.unifap.br\/ppglet\/wp-json\/wp\/v2\/types\/page"}],"author":[{"embeddable":true,"href":"https:\/\/www2.unifap.br\/ppglet\/wp-json\/wp\/v2\/users\/3826"}],"replies":[{"embeddable":true,"href":"https:\/\/www2.unifap.br\/ppglet\/wp-json\/wp\/v2\/comments?post=798"}],"version-history":[{"count":1,"href":"https:\/\/www2.unifap.br\/ppglet\/wp-json\/wp\/v2\/pages\/798\/revisions"}],"predecessor-version":[{"id":799,"href":"https:\/\/www2.unifap.br\/ppglet\/wp-json\/wp\/v2\/pages\/798\/revisions\/799"}],"up":[{"embeddable":true,"href":"https:\/\/www2.unifap.br\/ppglet\/wp-json\/wp\/v2\/pages\/793"}],"wp:attachment":[{"href":"https:\/\/www2.unifap.br\/ppglet\/wp-json\/wp\/v2\/media?parent=798"}],"wp:term":[{"taxonomy":"folder","embeddable":true,"href":"https:\/\/www2.unifap.br\/ppglet\/wp-json\/wp\/v2\/folder?post=798"}],"curies":[{"name":"wp","href":"https:\/\/api.w.org\/{rel}","templated":true}]}}