{"id":803,"date":"2020-06-12T11:58:58","date_gmt":"2020-06-12T14:58:58","guid":{"rendered":"http:\/\/www2.unifap.br\/ppglet\/?page_id=803"},"modified":"2022-05-16T12:17:58","modified_gmt":"2022-05-16T15:17:58","slug":"credenciamento-2020-2021","status":"publish","type":"page","link":"https:\/\/www2.unifap.br\/ppglet\/docentes\/credenciamento\/credenciamento-2020-2021\/","title":{"rendered":"Credenciamento 2020\/2021"},"content":{"rendered":"\t\t<div data-elementor-type=\"wp-page\" data-elementor-id=\"803\" class=\"elementor elementor-803\">\n\t\t\t\t\t\t<section class=\"elementor-section elementor-top-section elementor-element elementor-element-7e2b185f elementor-section-boxed elementor-section-height-default elementor-section-height-default\" data-id=\"7e2b185f\" data-element_type=\"section\" data-e-type=\"section\">\n\t\t\t\t\t\t<div class=\"elementor-container elementor-column-gap-default\">\n\t\t\t\t\t<div class=\"elementor-column elementor-col-100 elementor-top-column elementor-element elementor-element-3e6bb0e5\" data-id=\"3e6bb0e5\" data-element_type=\"column\" data-e-type=\"column\">\n\t\t\t<div class=\"elementor-widget-wrap elementor-element-populated\">\n\t\t\t\t\t\t<div class=\"elementor-element elementor-element-74f1c973 elementor-widget elementor-widget-text-editor\" data-id=\"74f1c973\" data-element_type=\"widget\" data-e-type=\"widget\" data-widget_type=\"text-editor.default\">\n\t\t\t\t<div class=\"elementor-widget-container\">\n\t\t\t\t\t\t\t\t\t<p><span style=\"color: #000000\"><strong>CHAMADA N. 3\/2020 &#8211;\u00a0<\/strong><strong>CREDENCIAMENTO DE PROFESSORES &#8211; PPGLET\/UNIFAP<\/strong><\/span><\/p><p><span style=\"color: #000000\">A Universidade Federal do Amap\u00e1 (UNIFAP), por meio do Programa de P\u00f3s-Gradua\u00e7\u00e3o em Letras (PPGLET), torna p\u00fablico, pela presente chamada, a recep\u00e7\u00e3o de interesse de docentes\/pesquisadores\/as efetivos\/as, em regime de 40H, com dedica\u00e7\u00e3o exclusiva, de Institui\u00e7\u00f5es de Ensino Superior (IESs) e\/ou Institui\u00e7\u00f5es de Ci\u00eancia e Tecnologia (ICTs) para credenciamento no PPGLET.<\/span><\/p><p><span style=\"color: #000000\"><a style=\"color: #000000\" href=\"http:\/\/www2.unifap.br\/ppglet\/files\/2020\/06\/Chamada-para-credenciamento-2020-2021_final.pdf\">12\/06\/2020 &#8211; Chamada 03\/2020 &#8211; Credenciamento de Professores &#8211; PPGLET\/UNIFAP<\/a><\/span><\/p><p><span style=\"color: #000000\"><a style=\"color: #000000\" href=\"http:\/\/www2.unifap.br\/ppglet\/files\/2020\/06\/Chamada_3_2020_ficha-de-inscri\u00e7\u00e3o_final.doc\">12\/06\/2020 &#8211; Chamada 03\/2020 &#8211; Credenciamento de Professores &#8211; PPGLET\/UNIFAP &#8211; Anexo A &#8211; Ficha de Inscri\u00e7\u00e3o<\/a><\/span><\/p><p><span style=\"color: #000000\"><a style=\"color: #000000\" href=\"http:\/\/www2.unifap.br\/ppglet\/files\/2020\/06\/Chamada_3_2020_Formul\u00e1rio-para-recurso_final.doc\">12\/06\/2020 &#8211; Chamada 03\/2020 &#8211; Credenciamento de Professores &#8211; PPGLET\/UNIFAP &#8211; Anexo B &#8211; Formul\u00e1rio de Recurso<\/a><\/span><\/p>\t\t\t\t\t\t\t\t<\/div>\n\t\t\t\t<\/div>\n\t\t\t\t\t<\/div>\n\t\t<\/div>\n\t\t\t\t\t<\/div>\n\t\t<\/section>\n\t\t\t\t<\/div>\n\t\t","protected":false},"excerpt":{"rendered":"<p>CHAMADA N. 3\/2020 &#8211;\u00a0CREDENCIAMENTO DE PROFESSORES &#8211; PPGLET\/UNIFAP A Universidade Federal do Amap\u00e1 (UNIFAP), por meio do Programa de P\u00f3s-Gradua\u00e7\u00e3o em Letras (PPGLET), torna p\u00fablico, pela presente chamada, a recep\u00e7\u00e3o de interesse de docentes\/pesquisadores\/as efetivos\/as, em regime de 40H, com dedica\u00e7\u00e3o exclusiva, de Institui\u00e7\u00f5es de Ensino Superior (IESs) e\/ou Institui\u00e7\u00f5es de Ci\u00eancia e Tecnologia (ICTs)&#8230;<\/p>\n","protected":false},"author":3826,"featured_media":0,"parent":793,"menu_order":-1,"comment_status":"closed","ping_status":"closed","template":"","meta":{"inline_featured_image":false,"ngg_post_thumbnail":0,"footnotes":""},"folder":[],"class_list":["post-803","page","type-page","status-publish","hentry","entry"],"_links":{"self":[{"href":"https:\/\/www2.unifap.br\/ppglet\/wp-json\/wp\/v2\/pages\/803","targetHints":{"allow":["GET"]}}],"collection":[{"href":"https:\/\/www2.unifap.br\/ppglet\/wp-json\/wp\/v2\/pages"}],"about":[{"href":"https:\/\/www2.unifap.br\/ppglet\/wp-json\/wp\/v2\/types\/page"}],"author":[{"embeddable":true,"href":"https:\/\/www2.unifap.br\/ppglet\/wp-json\/wp\/v2\/users\/3826"}],"replies":[{"embeddable":true,"href":"https:\/\/www2.unifap.br\/ppglet\/wp-json\/wp\/v2\/comments?post=803"}],"version-history":[{"count":4,"href":"https:\/\/www2.unifap.br\/ppglet\/wp-json\/wp\/v2\/pages\/803\/revisions"}],"predecessor-version":[{"id":1550,"href":"https:\/\/www2.unifap.br\/ppglet\/wp-json\/wp\/v2\/pages\/803\/revisions\/1550"}],"up":[{"embeddable":true,"href":"https:\/\/www2.unifap.br\/ppglet\/wp-json\/wp\/v2\/pages\/793"}],"wp:attachment":[{"href":"https:\/\/www2.unifap.br\/ppglet\/wp-json\/wp\/v2\/media?parent=803"}],"wp:term":[{"taxonomy":"folder","embeddable":true,"href":"https:\/\/www2.unifap.br\/ppglet\/wp-json\/wp\/v2\/folder?post=803"}],"curies":[{"name":"wp","href":"https:\/\/api.w.org\/{rel}","templated":true}]}}