{"id":843,"date":"2020-07-27T16:58:04","date_gmt":"2020-07-27T19:58:04","guid":{"rendered":"http:\/\/www2.unifap.br\/ppglet\/?page_id=843"},"modified":"2020-07-27T17:25:50","modified_gmt":"2020-07-27T20:25:50","slug":"ciclo","status":"publish","type":"page","link":"https:\/\/www2.unifap.br\/ppglet\/eventos\/ciclo\/","title":{"rendered":"I Ciclo de Palestras do PPGLET"},"content":{"rendered":"<p>O&nbsp;<b>I Ciclo de Palestras do PPGLET<\/b>&nbsp;\u00e9 um evento promovido pelo Programa de P\u00f3s-Gradua\u00e7\u00e3o em Letras que tem como objetivo criar um espa\u00e7o de discuss\u00e3o e divulga\u00e7\u00e3o da pesquisa na \u00e1rea de Lingu\u00edstica e Literatura. Entre suas atividades est\u00e3o palestras e minicursos de professores\/pesquisadores nacionais e internacionais. Nessa primeira edi\u00e7\u00e3o, foram convidadas tr\u00eas pesquisadoras:&nbsp;<i>Profa. Dra. T\u00e2nia Maria Alkmim (UNICAMP), Profa. Dra. Ana Vilacy Moreira Gal\u00facio (MPEG) e Profa. Dra. Christina Bielinski Ramalho (UFS)<\/i>. Nesse I Ciclo de Palestras, ser\u00e3o discutidos temas como Sociolingu\u00edstica, Documenta\u00e7\u00e3o Lingu\u00edstica e Lirismo. As atividades acontecem entre 27\/11 e 12\/12 de 2019.<\/p>\n<p style=\"text-align: center\"><a href=\"https:\/\/www.even3.com.br\/ppglet\/\">SITE DO EVENTO<\/a><\/p>\n<p><a href=\"https:\/\/www.even3.com.br\/ppglet\/\"><img fetchpriority=\"high\" decoding=\"async\" class=\"alignnone wp-image-848 aligncenter\" src=\"http:\/\/www2.unifap.br\/ppglet\/files\/2020\/07\/I-Ciclo-de-Palestras-do-PPGLET_TESTE-300x212.jpg\" alt=\"\" width=\"369\" height=\"261\" srcset=\"https:\/\/www2.unifap.br\/ppglet\/files\/2020\/07\/I-Ciclo-de-Palestras-do-PPGLET_TESTE-300x212.jpg 300w, https:\/\/www2.unifap.br\/ppglet\/files\/2020\/07\/I-Ciclo-de-Palestras-do-PPGLET_TESTE-1024x724.jpg 1024w, https:\/\/www2.unifap.br\/ppglet\/files\/2020\/07\/I-Ciclo-de-Palestras-do-PPGLET_TESTE-768x543.jpg 768w, https:\/\/www2.unifap.br\/ppglet\/files\/2020\/07\/I-Ciclo-de-Palestras-do-PPGLET_TESTE-1536x1086.jpg 1536w, https:\/\/www2.unifap.br\/ppglet\/files\/2020\/07\/I-Ciclo-de-Palestras-do-PPGLET_TESTE.jpg 1754w\" sizes=\"(max-width: 369px) 100vw, 369px\" \/><\/a><\/p>\n","protected":false},"excerpt":{"rendered":"<p>O&nbsp;I Ciclo de Palestras do PPGLET&nbsp;\u00e9 um evento promovido pelo Programa de P\u00f3s-Gradua\u00e7\u00e3o em Letras que tem como objetivo criar um espa\u00e7o de discuss\u00e3o e divulga\u00e7\u00e3o da pesquisa na \u00e1rea de Lingu\u00edstica e Literatura. Entre suas atividades est\u00e3o palestras e minicursos de professores\/pesquisadores nacionais e internacionais. Nessa primeira edi\u00e7\u00e3o, foram convidadas tr\u00eas pesquisadoras:&nbsp;Profa. Dra. T\u00e2nia&#8230;<\/p>\n","protected":false},"author":3826,"featured_media":0,"parent":39,"menu_order":-1,"comment_status":"closed","ping_status":"closed","template":"","meta":{"inline_featured_image":false,"ngg_post_thumbnail":0,"footnotes":""},"folder":[],"class_list":["post-843","page","type-page","status-publish","hentry","entry"],"_links":{"self":[{"href":"https:\/\/www2.unifap.br\/ppglet\/wp-json\/wp\/v2\/pages\/843","targetHints":{"allow":["GET"]}}],"collection":[{"href":"https:\/\/www2.unifap.br\/ppglet\/wp-json\/wp\/v2\/pages"}],"about":[{"href":"https:\/\/www2.unifap.br\/ppglet\/wp-json\/wp\/v2\/types\/page"}],"author":[{"embeddable":true,"href":"https:\/\/www2.unifap.br\/ppglet\/wp-json\/wp\/v2\/users\/3826"}],"replies":[{"embeddable":true,"href":"https:\/\/www2.unifap.br\/ppglet\/wp-json\/wp\/v2\/comments?post=843"}],"version-history":[{"count":4,"href":"https:\/\/www2.unifap.br\/ppglet\/wp-json\/wp\/v2\/pages\/843\/revisions"}],"predecessor-version":[{"id":862,"href":"https:\/\/www2.unifap.br\/ppglet\/wp-json\/wp\/v2\/pages\/843\/revisions\/862"}],"up":[{"embeddable":true,"href":"https:\/\/www2.unifap.br\/ppglet\/wp-json\/wp\/v2\/pages\/39"}],"wp:attachment":[{"href":"https:\/\/www2.unifap.br\/ppglet\/wp-json\/wp\/v2\/media?parent=843"}],"wp:term":[{"taxonomy":"folder","embeddable":true,"href":"https:\/\/www2.unifap.br\/ppglet\/wp-json\/wp\/v2\/folder?post=843"}],"curies":[{"name":"wp","href":"https:\/\/api.w.org\/{rel}","templated":true}]}}