{"id":87,"date":"2019-03-18T23:39:29","date_gmt":"2019-03-19T02:39:29","guid":{"rendered":"http:\/\/www2.unifap.br\/ppglet\/?page_id=87"},"modified":"2022-05-16T12:16:30","modified_gmt":"2022-05-16T15:16:30","slug":"area-de-concentracao","status":"publish","type":"page","link":"https:\/\/www2.unifap.br\/ppglet\/pesquisa\/area-de-concentracao\/","title":{"rendered":"\u00c1rea de Concentra\u00e7\u00e3o"},"content":{"rendered":"\t\t<div data-elementor-type=\"wp-page\" data-elementor-id=\"87\" class=\"elementor elementor-87\">\n\t\t\t\t\t\t<section class=\"elementor-section elementor-top-section elementor-element elementor-element-43fb73a0 elementor-section-boxed elementor-section-height-default elementor-section-height-default\" data-id=\"43fb73a0\" data-element_type=\"section\" data-e-type=\"section\">\n\t\t\t\t\t\t<div class=\"elementor-container elementor-column-gap-default\">\n\t\t\t\t\t<div class=\"elementor-column elementor-col-100 elementor-top-column elementor-element elementor-element-13a16c00\" data-id=\"13a16c00\" data-element_type=\"column\" data-e-type=\"column\">\n\t\t\t<div class=\"elementor-widget-wrap elementor-element-populated\">\n\t\t\t\t\t\t<div class=\"elementor-element elementor-element-2d465c91 elementor-widget elementor-widget-text-editor\" data-id=\"2d465c91\" data-element_type=\"widget\" data-e-type=\"widget\" data-widget_type=\"text-editor.default\">\n\t\t\t\t<div class=\"elementor-widget-container\">\n\t\t\t\t\t\t\t\t\t<p><span style=\"color: #000000\"><strong>\u00c1rea de Concentra\u00e7\u00e3o<\/strong><\/span><\/p><p><span style=\"color: #000000\">A \u00e1rea de concentra\u00e7\u00e3o <strong>Linguagens na Amaz\u00f4nia<\/strong> contempla estudos sobre l\u00ednguas e literaturas da regi\u00e3o, em seus diferentes aspectos e em suas diferentes manifesta\u00e7\u00f5es lingu\u00edstico-culturais. Concebe-se, assim, a pesquisa a partir da circula\u00e7\u00e3o dos saberes, buscando promover a \u201cdescentraliza\u00e7\u00e3o\u201d do conhecimento. No \u00e2mbito dos estudos lingu\u00edsticos, investiga-se a diversidade lingu\u00edstica amaz\u00f4nica, brasileira e (trans)fronteiri\u00e7a, abordando perspectivas descritivas, hist\u00f3ricas, te\u00f3ricas e aplicadas, incluindo as discuss\u00f5es sobre documenta\u00e7\u00e3o e revitaliza\u00e7\u00e3o de l\u00ednguas, bem como a rela\u00e7\u00e3o que esses povos e suas l\u00ednguas em situa\u00e7\u00f5es de multilinguismo. J\u00e1 os estudos liter\u00e1rios voltam-se a investiga\u00e7\u00f5es acerca da literatura compreendida em seus diversos campos, particularmente: literatura amaz\u00f4nica, literatura das Guianas e tradi\u00e7\u00f5es orais ind\u00edgenas e quilombolas; pensando, dessa forma, a identidade, a hist\u00f3ria e a mem\u00f3ria presentes em obras liter\u00e1rias que se configuram na territorialidade (trans)fronteiri\u00e7a que marca a regi\u00e3o das Guianas.<\/span><\/p>\t\t\t\t\t\t\t\t<\/div>\n\t\t\t\t<\/div>\n\t\t\t\t\t<\/div>\n\t\t<\/div>\n\t\t\t\t\t<\/div>\n\t\t<\/section>\n\t\t\t\t<\/div>\n\t\t","protected":false},"excerpt":{"rendered":"<p>\u00c1rea de Concentra\u00e7\u00e3o A \u00e1rea de concentra\u00e7\u00e3o Linguagens na Amaz\u00f4nia contempla estudos sobre l\u00ednguas e literaturas da regi\u00e3o, em seus diferentes aspectos e em suas diferentes manifesta\u00e7\u00f5es lingu\u00edstico-culturais. Concebe-se, assim, a pesquisa a partir da circula\u00e7\u00e3o dos saberes, buscando promover a \u201cdescentraliza\u00e7\u00e3o\u201d do conhecimento. No \u00e2mbito dos estudos lingu\u00edsticos, investiga-se a diversidade lingu\u00edstica amaz\u00f4nica, brasileira&#8230;<\/p>\n","protected":false},"author":3826,"featured_media":0,"parent":27,"menu_order":1,"comment_status":"closed","ping_status":"closed","template":"","meta":{"inline_featured_image":false,"ngg_post_thumbnail":0,"footnotes":""},"folder":[],"class_list":["post-87","page","type-page","status-publish","hentry","entry"],"_links":{"self":[{"href":"https:\/\/www2.unifap.br\/ppglet\/wp-json\/wp\/v2\/pages\/87","targetHints":{"allow":["GET"]}}],"collection":[{"href":"https:\/\/www2.unifap.br\/ppglet\/wp-json\/wp\/v2\/pages"}],"about":[{"href":"https:\/\/www2.unifap.br\/ppglet\/wp-json\/wp\/v2\/types\/page"}],"author":[{"embeddable":true,"href":"https:\/\/www2.unifap.br\/ppglet\/wp-json\/wp\/v2\/users\/3826"}],"replies":[{"embeddable":true,"href":"https:\/\/www2.unifap.br\/ppglet\/wp-json\/wp\/v2\/comments?post=87"}],"version-history":[{"count":7,"href":"https:\/\/www2.unifap.br\/ppglet\/wp-json\/wp\/v2\/pages\/87\/revisions"}],"predecessor-version":[{"id":1547,"href":"https:\/\/www2.unifap.br\/ppglet\/wp-json\/wp\/v2\/pages\/87\/revisions\/1547"}],"up":[{"embeddable":true,"href":"https:\/\/www2.unifap.br\/ppglet\/wp-json\/wp\/v2\/pages\/27"}],"wp:attachment":[{"href":"https:\/\/www2.unifap.br\/ppglet\/wp-json\/wp\/v2\/media?parent=87"}],"wp:term":[{"taxonomy":"folder","embeddable":true,"href":"https:\/\/www2.unifap.br\/ppglet\/wp-json\/wp\/v2\/folder?post=87"}],"curies":[{"name":"wp","href":"https:\/\/api.w.org\/{rel}","templated":true}]}}