{"id":89,"date":"2019-03-18T23:40:17","date_gmt":"2019-03-19T02:40:17","guid":{"rendered":"http:\/\/www2.unifap.br\/ppglet\/?page_id=89"},"modified":"2019-03-18T23:48:03","modified_gmt":"2019-03-19T02:48:03","slug":"linhas-de-pesquisa","status":"publish","type":"page","link":"https:\/\/www2.unifap.br\/ppglet\/pesquisa\/linhas-de-pesquisa\/","title":{"rendered":"Linhas de Pesquisa"},"content":{"rendered":"<ol>\n<li><a href=\"http:\/\/www2.unifap.br\/ppglet\/pesquisa\/linhas-de-pesquisa\/diversidade-linguistica-na-amazonia\/\">Diversidade Lingu\u00edstica na Amaz\u00f4nia<\/a><\/li>\n<li><a href=\"http:\/\/www2.unifap.br\/ppglet\/literatura-cultura-e-memoria\">Literatura, Cultura e Mem\u00f3ria<\/a><\/li>\n<\/ol>\n","protected":false},"excerpt":{"rendered":"<p>Diversidade Lingu\u00edstica na Amaz\u00f4nia Literatura, Cultura e Mem\u00f3ria<\/p>\n","protected":false},"author":3826,"featured_media":0,"parent":27,"menu_order":2,"comment_status":"closed","ping_status":"closed","template":"","meta":{"inline_featured_image":false,"ngg_post_thumbnail":0,"footnotes":""},"folder":[],"class_list":["post-89","page","type-page","status-publish","hentry","entry"],"_links":{"self":[{"href":"https:\/\/www2.unifap.br\/ppglet\/wp-json\/wp\/v2\/pages\/89","targetHints":{"allow":["GET"]}}],"collection":[{"href":"https:\/\/www2.unifap.br\/ppglet\/wp-json\/wp\/v2\/pages"}],"about":[{"href":"https:\/\/www2.unifap.br\/ppglet\/wp-json\/wp\/v2\/types\/page"}],"author":[{"embeddable":true,"href":"https:\/\/www2.unifap.br\/ppglet\/wp-json\/wp\/v2\/users\/3826"}],"replies":[{"embeddable":true,"href":"https:\/\/www2.unifap.br\/ppglet\/wp-json\/wp\/v2\/comments?post=89"}],"version-history":[{"count":3,"href":"https:\/\/www2.unifap.br\/ppglet\/wp-json\/wp\/v2\/pages\/89\/revisions"}],"predecessor-version":[{"id":100,"href":"https:\/\/www2.unifap.br\/ppglet\/wp-json\/wp\/v2\/pages\/89\/revisions\/100"}],"up":[{"embeddable":true,"href":"https:\/\/www2.unifap.br\/ppglet\/wp-json\/wp\/v2\/pages\/27"}],"wp:attachment":[{"href":"https:\/\/www2.unifap.br\/ppglet\/wp-json\/wp\/v2\/media?parent=89"}],"wp:term":[{"taxonomy":"folder","embeddable":true,"href":"https:\/\/www2.unifap.br\/ppglet\/wp-json\/wp\/v2\/folder?post=89"}],"curies":[{"name":"wp","href":"https:\/\/api.w.org\/{rel}","templated":true}]}}