{"id":91,"date":"2019-03-18T23:42:41","date_gmt":"2019-03-19T02:42:41","guid":{"rendered":"http:\/\/www2.unifap.br\/ppglet\/?page_id=91"},"modified":"2022-05-15T01:18:39","modified_gmt":"2022-05-15T04:18:39","slug":"diversidade-linguistica-projetos","status":"publish","type":"page","link":"https:\/\/www2.unifap.br\/ppglet\/pesquisa\/linhas-de-pesquisa\/diversidade-linguistica-projetos\/","title":{"rendered":"Diversidade Lingu\u00edstica na Amaz\u00f4nia"},"content":{"rendered":"\t\t<div data-elementor-type=\"wp-page\" data-elementor-id=\"91\" class=\"elementor elementor-91\">\n\t\t\t\t\t\t<section class=\"elementor-section elementor-top-section elementor-element elementor-element-6d790d56 elementor-section-boxed elementor-section-height-default elementor-section-height-default\" data-id=\"6d790d56\" data-element_type=\"section\" data-e-type=\"section\">\n\t\t\t\t\t\t<div class=\"elementor-container elementor-column-gap-default\">\n\t\t\t\t\t<div class=\"elementor-column elementor-col-100 elementor-top-column elementor-element elementor-element-3a789d1a\" data-id=\"3a789d1a\" data-element_type=\"column\" data-e-type=\"column\">\n\t\t\t<div class=\"elementor-widget-wrap elementor-element-populated\">\n\t\t\t\t\t\t<div class=\"elementor-element elementor-element-45cc5921 elementor-widget elementor-widget-text-editor\" data-id=\"45cc5921\" data-element_type=\"widget\" data-e-type=\"widget\" data-widget_type=\"text-editor.default\">\n\t\t\t\t<div class=\"elementor-widget-container\">\n\t\t\t\t\t\t\t\t\t<p><span style=\"color: #000000\">A linha de pesquisa <strong>Diversidade Lingu\u00edstica na Amaz\u00f4nia<\/strong> investiga o contexto lingu\u00edstico e sociolingu\u00edstico da regi\u00e3o, diversificado e multil\u00edngue, marcado pela presen\u00e7a de l\u00ednguas ind\u00edgenas, crioulas, indo-europeias e variedades quilombolas e ribeirinhas sob diferentes abordagens te\u00f3rico-metodol\u00f3gicas.<\/span><\/p><p><span style=\"color: #000000\"><strong>Docentes:<\/strong><\/span><\/p><p><span style=\"color: #000000\"><a style=\"color: #000000\" href=\"http:\/\/lattes.cnpq.br\/5649379730093674\">Prof. Dr. Antonio Almir Silva Gomes<\/a><\/span><\/p><p><a href=\"http:\/\/lattes.cnpq.br\/9073170752973521\"><span style=\"color: #000000\">Profa. Dra. Celeste Maria da Rocha Ribeiro\u00a0<\/span><\/a><\/p><p><span style=\"color: #000000\"><a style=\"color: #000000\" href=\"http:\/\/lattes.cnpq.br\/8302050349019837\">Prof. Dr. Eduardo Alves Vasconcelos<\/a><\/span><\/p><p><span style=\"color: #000000\"><a style=\"color: #000000\" href=\"http:\/\/lattes.cnpq.br\/7176223144465684\">Prof. Dr. Fernando Orph\u00e3o de Carvalho<\/a><\/span><\/p><p><span style=\"color: #000000\"><a style=\"color: #000000\" href=\"http:\/\/lattes.cnpq.br\/7064125487666222\">Prof. Dr. Glauber Romling da Silva<\/a><\/span><\/p><p><span style=\"color: #000000\"><a style=\"color: #000000\" href=\"http:\/\/lattes.cnpq.br\/5592692094319420\">Profa. Dra. G\u00e9lsama Mara dos Santos<\/a><\/span><\/p><p><span style=\"color: #000000\"><a style=\"color: #000000\" href=\"http:\/\/lattes.cnpq.br\/9713360492282811\">Prof. Dr. Rosivaldo <span style=\"color: #000000\">Gomes<\/span><\/a>\u00a0<\/span><\/p><p><a href=\"http:\/\/lattes.cnpq.br\/3696243056044648\"><span style=\"color: #000000\">Prof. Dr. Ednaldo Tartaglia Santos\u00a0<\/span><\/a><\/p><p><a href=\"http:\/\/lattes.cnpq.br\/3021091714866840\"><span style=\"color: #000000\">Profa. Dra. S\u00e2mela Ramos da Silva Meirelles<\/span><\/a><\/p><p>\u00a0<\/p>\t\t\t\t\t\t\t\t<\/div>\n\t\t\t\t<\/div>\n\t\t\t\t\t<\/div>\n\t\t<\/div>\n\t\t\t\t\t<\/div>\n\t\t<\/section>\n\t\t\t\t<\/div>\n\t\t","protected":false},"excerpt":{"rendered":"<p>A linha de pesquisa Diversidade Lingu\u00edstica na Amaz\u00f4nia investiga o contexto lingu\u00edstico e sociolingu\u00edstico da regi\u00e3o, diversificado e multil\u00edngue, marcado pela presen\u00e7a de l\u00ednguas ind\u00edgenas, crioulas, indo-europeias e variedades quilombolas e ribeirinhas sob diferentes abordagens te\u00f3rico-metodol\u00f3gicas. Docentes: Prof. Dr. Antonio Almir Silva Gomes Profa. Dra. Celeste Maria da Rocha Ribeiro\u00a0 Prof. Dr. Eduardo Alves Vasconcelos&#8230;<\/p>\n","protected":false},"author":3826,"featured_media":0,"parent":89,"menu_order":0,"comment_status":"closed","ping_status":"closed","template":"","meta":{"inline_featured_image":false,"ngg_post_thumbnail":0,"footnotes":""},"folder":[],"class_list":["post-91","page","type-page","status-publish","hentry","entry"],"_links":{"self":[{"href":"https:\/\/www2.unifap.br\/ppglet\/wp-json\/wp\/v2\/pages\/91","targetHints":{"allow":["GET"]}}],"collection":[{"href":"https:\/\/www2.unifap.br\/ppglet\/wp-json\/wp\/v2\/pages"}],"about":[{"href":"https:\/\/www2.unifap.br\/ppglet\/wp-json\/wp\/v2\/types\/page"}],"author":[{"embeddable":true,"href":"https:\/\/www2.unifap.br\/ppglet\/wp-json\/wp\/v2\/users\/3826"}],"replies":[{"embeddable":true,"href":"https:\/\/www2.unifap.br\/ppglet\/wp-json\/wp\/v2\/comments?post=91"}],"version-history":[{"count":14,"href":"https:\/\/www2.unifap.br\/ppglet\/wp-json\/wp\/v2\/pages\/91\/revisions"}],"predecessor-version":[{"id":1403,"href":"https:\/\/www2.unifap.br\/ppglet\/wp-json\/wp\/v2\/pages\/91\/revisions\/1403"}],"up":[{"embeddable":true,"href":"https:\/\/www2.unifap.br\/ppglet\/wp-json\/wp\/v2\/pages\/89"}],"wp:attachment":[{"href":"https:\/\/www2.unifap.br\/ppglet\/wp-json\/wp\/v2\/media?parent=91"}],"wp:term":[{"taxonomy":"folder","embeddable":true,"href":"https:\/\/www2.unifap.br\/ppglet\/wp-json\/wp\/v2\/folder?post=91"}],"curies":[{"name":"wp","href":"https:\/\/api.w.org\/{rel}","templated":true}]}}