{"id":94,"date":"2019-03-18T23:46:12","date_gmt":"2019-03-19T02:46:12","guid":{"rendered":"http:\/\/www2.unifap.br\/ppglet\/?page_id=94"},"modified":"2022-05-17T09:40:42","modified_gmt":"2022-05-17T12:40:42","slug":"literatura-cultura-e-memoria","status":"publish","type":"page","link":"https:\/\/www2.unifap.br\/ppglet\/pesquisa\/linhas-de-pesquisa\/literatura-cultura-e-memoria\/","title":{"rendered":"Literatura, Cultura e Mem\u00f3ria"},"content":{"rendered":"<p style=\"text-align: justify\">A linha <strong>Literatura, Cultura e Mem\u00f3ria<\/strong> investiga os textos liter\u00e1rios e suas rela\u00e7\u00f5es hist\u00f3ricas, sociais e culturais, bem como estudos das representa\u00e7\u00f5es das rela\u00e7\u00f5es de poder no texto liter\u00e1rio e das manifesta\u00e7\u00f5es verbais, orais ou escritas, na perspectiva da mem\u00f3ria e da hist\u00f3ria, com \u00eanfase em literaturas e bens de cultura relativos \u00e0 Amaz\u00f4nia e \u00e0s Guianas.<\/p>\n<p><strong>Docentes:<\/strong><\/p>\n<p>Prof. Dr. Emerson de Paula Silva<\/p>\n<p>Profa. Dra. Fernanda Cristina Encarna\u00e7\u00e3o dos Santos<\/p>\n<p>Profa. Dra. Germana Sales<\/p>\n<p>Profa. Dra. Ingrid Lara de Ara\u00fajo Utzig&nbsp;<\/p>\n<p>Prof. Dr. Marcelo Lachat<\/p>\n<p>Prof. Dr. Marco Aur\u00e9lio Rodrigues<\/p>\n<p>Profa. Dra. Mariana Janaina dos Santos Alves<\/p>\n<p>Profa. Dra. Natali Fabiana da Costa e Silva<\/p>\n<p>Prof. Dr. Rafael Senra Coelho<\/p>\n<p>Prof. Dr. Yurgel Pantoja Caldas<\/p>\n<p>&nbsp;<\/p>\n<p>&nbsp;<\/p>\n<p>&nbsp;<\/p>\n","protected":false},"excerpt":{"rendered":"<p>A linha Literatura, Cultura e Mem\u00f3ria investiga os textos liter\u00e1rios e suas rela\u00e7\u00f5es hist\u00f3ricas, sociais e culturais, bem como estudos das representa\u00e7\u00f5es das rela\u00e7\u00f5es de poder no texto liter\u00e1rio e das manifesta\u00e7\u00f5es verbais, orais ou escritas, na perspectiva da mem\u00f3ria e da hist\u00f3ria, com \u00eanfase em literaturas e bens de cultura relativos \u00e0 Amaz\u00f4nia e&#8230;<\/p>\n","protected":false},"author":3826,"featured_media":0,"parent":89,"menu_order":2,"comment_status":"closed","ping_status":"closed","template":"","meta":{"inline_featured_image":false,"ngg_post_thumbnail":0,"footnotes":""},"folder":[],"class_list":["post-94","page","type-page","status-publish","hentry","entry"],"_links":{"self":[{"href":"https:\/\/www2.unifap.br\/ppglet\/wp-json\/wp\/v2\/pages\/94","targetHints":{"allow":["GET"]}}],"collection":[{"href":"https:\/\/www2.unifap.br\/ppglet\/wp-json\/wp\/v2\/pages"}],"about":[{"href":"https:\/\/www2.unifap.br\/ppglet\/wp-json\/wp\/v2\/types\/page"}],"author":[{"embeddable":true,"href":"https:\/\/www2.unifap.br\/ppglet\/wp-json\/wp\/v2\/users\/3826"}],"replies":[{"embeddable":true,"href":"https:\/\/www2.unifap.br\/ppglet\/wp-json\/wp\/v2\/comments?post=94"}],"version-history":[{"count":8,"href":"https:\/\/www2.unifap.br\/ppglet\/wp-json\/wp\/v2\/pages\/94\/revisions"}],"predecessor-version":[{"id":1660,"href":"https:\/\/www2.unifap.br\/ppglet\/wp-json\/wp\/v2\/pages\/94\/revisions\/1660"}],"up":[{"embeddable":true,"href":"https:\/\/www2.unifap.br\/ppglet\/wp-json\/wp\/v2\/pages\/89"}],"wp:attachment":[{"href":"https:\/\/www2.unifap.br\/ppglet\/wp-json\/wp\/v2\/media?parent=94"}],"wp:term":[{"taxonomy":"folder","embeddable":true,"href":"https:\/\/www2.unifap.br\/ppglet\/wp-json\/wp\/v2\/folder?post=94"}],"curies":[{"name":"wp","href":"https:\/\/api.w.org\/{rel}","templated":true}]}}