{"id":123,"date":"2011-04-18T05:32:28","date_gmt":"2011-04-18T07:32:28","guid":{"rendered":"http:\/\/pororoca.unifap.br\/prefeitura\/"},"modified":"2015-11-06T11:43:13","modified_gmt":"2015-11-06T11:43:13","slug":"obras-em-execucao","status":"publish","type":"page","link":"https:\/\/www2.unifap.br\/prefeitura\/obras-em-execucao\/","title":{"rendered":"Obras em Execu\u00e7\u00e3o"},"content":{"rendered":"<p align=\"center\">FUNDA\u00c7\u00c3O UNIVERSIDADE FEDERAL DO AMAP\u00c1<\/p>\n<p align=\"center\">PRO-REITORIA DE ADMINISTRA\u00c7\u00c3O E PLANEJAMENTO<\/p>\n<p align=\"center\"><b>OBRAS EM EXECU\u00c7\u00c3O \u2013 2015<\/b><\/p>\n<table width=\"730\" border=\"1\" cellspacing=\"0\" cellpadding=\"0\">\n<tbody>\n<tr>\n<td width=\"382\">\n<p align=\"center\"><b>OBRA<\/b><\/p>\n<\/td>\n<td width=\"131\">\n<p align=\"center\"><b>CONTRATADA<\/b><\/p>\n<\/td>\n<td width=\"120\">\n<p align=\"center\"><b>VALOR<\/b><\/p>\n<\/td>\n<td width=\"98\">\n<p align=\"center\"><b>CONTRATO\u00a0<\/b><\/p>\n<\/td>\n<\/tr>\n<tr>\n<td width=\"382\"><b>Constru\u00e7\u00e3o do pr\u00e9dio de Engenharia El\u00e9trica<\/b><\/td>\n<td width=\"131\">\n<p align=\"center\"><b>Edifica Engenharia<\/b><\/p>\n<\/td>\n<td width=\"120\">\n<p align=\"center\"><b>R$2.792.404,65<\/b><\/p>\n<\/td>\n<td width=\"98\">\n<p align=\"center\"><b>021\/2013\u00a0<\/b><\/p>\n<\/td>\n<\/tr>\n<tr>\n<td width=\"382\"><b>Conclus\u00e3o do pr\u00e9dio da Casa do Estudante<\/b><\/td>\n<td width=\"131\">\n<p align=\"center\"><b>Edifica Engenharia<\/b><\/p>\n<\/td>\n<td width=\"120\"><b>R$2.494.709,36<\/b><\/td>\n<td width=\"98\">\n<p align=\"center\"><b>003\/2013<\/b><\/p>\n<\/td>\n<\/tr>\n<tr>\n<td width=\"382\"><b>Conclus\u00e3o do pr\u00e9dio do DERCA<\/b><\/td>\n<td width=\"131\">\n<p align=\"center\"><b>Construtora \u00c1gape<\/b><\/p>\n<\/td>\n<td width=\"120\">\n<p align=\"center\"><b>R$978.685,49<\/b><\/p>\n<\/td>\n<td width=\"98\">\n<p align=\"center\"><b>\u00a0030\/2013<\/b><\/p>\n<\/td>\n<\/tr>\n<tr>\n<td width=\"382\"><b>Constru\u00e7\u00e3o do pr\u00e9dio de Fisioterapia<\/b><\/td>\n<td width=\"131\">\n<p align=\"center\"><b>M. D. Costa\u00a0<\/b><\/p>\n<\/td>\n<td width=\"120\">\n<p align=\"center\"><b>R$2.343.633,83<\/b><\/p>\n<\/td>\n<td width=\"98\">\n<p align=\"center\"><b>005\/2013\u00a0<\/b><\/p>\n<\/td>\n<\/tr>\n<tr>\n<td width=\"382\"><b>Amplia\u00e7\u00e3o do pr\u00e9dio do Departamento de Letras e Artes\u00a0<\/b><\/td>\n<td width=\"131\">\n<p align=\"center\"><b>Master\u00a0<\/b><\/p>\n<\/td>\n<td width=\"120\">\n<p align=\"center\"><b>R$816.236,75<\/b><\/p>\n<\/td>\n<td width=\"98\">\n<p align=\"center\"><b>007\/2013\u00a0<\/b><\/p>\n<\/td>\n<\/tr>\n<tr>\n<td width=\"382\"><b>Constru\u00e7\u00e3o do pr\u00e9dio de Engenharia Civil<\/b><\/td>\n<td width=\"131\">\n<p align=\"center\"><b>M. D. Costa<\/b><\/p>\n<\/td>\n<td width=\"120\">\n<p align=\"center\"><b>R$3.019.703,63<\/b><\/p>\n<\/td>\n<td width=\"98\">\n<p align=\"center\"><b>\u00a0034\/2013<\/b><\/p>\n<\/td>\n<\/tr>\n<tr>\n<td width=\"382\"><b>Constru\u00e7\u00e3o de salas de aula bloco da Sa\u00fade<\/b><\/td>\n<td width=\"131\">\n<p align=\"center\"><b>Global Servi\u00e7os<\/b><\/p>\n<\/td>\n<td width=\"120\">\n<p align=\"center\"><b>R$2.999.292,65<\/b><\/p>\n<\/td>\n<td width=\"98\">\n<p align=\"center\"><b>001\/2014\u00a0<\/b><\/p>\n<\/td>\n<\/tr>\n<tr>\n<td width=\"382\"><b>Conclus\u00e3o do pr\u00e9dio de Ambulat\u00f3rio<\/b><\/td>\n<td width=\"131\">\n<p align=\"center\"><b>Construtora \u00c1gape<\/b><\/p>\n<\/td>\n<td width=\"120\">\n<p align=\"center\"><b>R$919.023.83<\/b><\/p>\n<\/td>\n<td width=\"98\">\n<p align=\"center\"><b>\u00a0006\/2014<\/b><\/p>\n<\/td>\n<\/tr>\n<tr>\n<td width=\"382\"><b>Conclus\u00e3o do pr\u00e9dio de Enfermagem<\/b><\/td>\n<td width=\"131\">\n<p align=\"center\"><b>Eco Service<\/b><\/p>\n<\/td>\n<td width=\"120\">\n<p align=\"center\"><b>R$894.141,53<\/b><\/p>\n<\/td>\n<td width=\"98\">\n<p align=\"center\"><b>008\/2014<\/b><\/p>\n<\/td>\n<\/tr>\n<tr>\n<td width=\"382\"><b>Constru\u00e7\u00e3o do bloco de salas de aula de Medicina<\/b><\/td>\n<td width=\"131\">\n<p align=\"center\"><b>Eco Service<\/b><\/p>\n<\/td>\n<td width=\"120\">\n<p align=\"center\"><b>R$829.879,16<\/b><\/p>\n<\/td>\n<td width=\"98\">\n<p align=\"center\"><b>\u00a0 016\/2014<\/b><\/p>\n<\/td>\n<\/tr>\n<tr>\n<td width=\"382\"><b>Bloco A &#8211; Binacional<\/b><\/td>\n<td width=\"131\">\n<p align=\"center\"><b>Fox<\/b><\/p>\n<\/td>\n<td width=\"120\">\n<p align=\"center\"><b>R$991.255,52<\/b><\/p>\n<\/td>\n<td width=\"98\">\n<p align=\"center\"><b>\u00a0012\/2014<\/b><\/p>\n<\/td>\n<\/tr>\n<tr>\n<td width=\"382\"><b>Constru\u00e7\u00e3o da Biblioteca de Mazag\u00e3o<\/b><\/td>\n<td width=\"131\">\n<p align=\"center\"><b>Eco Service<\/b><\/p>\n<\/td>\n<td width=\"120\">\n<p align=\"center\"><b>R$471.413,07<\/b><\/p>\n<\/td>\n<td width=\"98\">\n<p align=\"center\"><b>004\/2015<\/b><\/p>\n<\/td>\n<\/tr>\n<tr>\n<td width=\"382\"><b>Constru\u00e7\u00e3o do Campus de Cal\u00e7oene<\/b><\/td>\n<td width=\"131\">\n<p align=\"center\"><b>Eco Service<\/b><\/p>\n<\/td>\n<td width=\"120\">\n<p align=\"center\"><b>R$629.701,53<\/b><\/p>\n<\/td>\n<td width=\"98\">\n<p align=\"center\"><b>005\/2015<\/b><\/p>\n<\/td>\n<\/tr>\n<\/tbody>\n<\/table>\n<div id=\"attachment_4645\" style=\"width: 466px\" class=\"wp-caption aligncenter\"><a href=\"http:\/\/www2.unifap.br\/prefeitura\/files\/2011\/04\/eng-eletrica-lateral-frente.jpg\"><img fetchpriority=\"high\" decoding=\"async\" aria-describedby=\"caption-attachment-4645\" class=\"wp-image-4645  \" alt=\"eng eletrica lateral frente\" src=\"http:\/\/www2.unifap.br\/prefeitura\/files\/2011\/04\/eng-eletrica-lateral-frente.jpg\" width=\"456\" height=\"198\" srcset=\"https:\/\/www2.unifap.br\/prefeitura\/files\/2011\/04\/eng-eletrica-lateral-frente.jpg 950w, https:\/\/www2.unifap.br\/prefeitura\/files\/2011\/04\/eng-eletrica-lateral-frente-300x130.jpg 300w\" sizes=\"(max-width: 456px) 100vw, 456px\" \/><\/a><p id=\"caption-attachment-4645\" class=\"wp-caption-text\">Constru\u00e7\u00e3o do pr\u00e9dio de Engenharia El\u00e9trica &#8211; Atualizado em 07\/10\/2015<\/p><\/div>\n<div id=\"attachment_4646\" style=\"width: 494px\" class=\"wp-caption aligncenter\"><a href=\"http:\/\/www2.unifap.br\/prefeitura\/files\/2011\/04\/eng-eletrica-lateral.jpg\"><img decoding=\"async\" aria-describedby=\"caption-attachment-4646\" class=\"wp-image-4646  \" alt=\"Jpeg\" src=\"http:\/\/www2.unifap.br\/prefeitura\/files\/2011\/04\/eng-eletrica-lateral-1024x598.jpg\" width=\"484\" height=\"282\" srcset=\"https:\/\/www2.unifap.br\/prefeitura\/files\/2011\/04\/eng-eletrica-lateral-1024x598.jpg 1024w, https:\/\/www2.unifap.br\/prefeitura\/files\/2011\/04\/eng-eletrica-lateral-300x175.jpg 300w\" sizes=\"(max-width: 484px) 100vw, 484px\" \/><\/a><p id=\"caption-attachment-4646\" class=\"wp-caption-text\">Constru\u00e7\u00e3o do pr\u00e9dio de Engenharia El\u00e9trica &#8211; Atualizado em 07\/10\/2015<\/p><\/div>\n<p>&nbsp;<\/p>\n<div id=\"attachment_4677\" style=\"width: 471px\" class=\"wp-caption aligncenter\"><a href=\"http:\/\/www2.unifap.br\/prefeitura\/files\/2011\/04\/20140829_074716.jpg\"><img decoding=\"async\" aria-describedby=\"caption-attachment-4677\" class=\" wp-image-4677 \" alt=\"20140829_074716\" src=\"http:\/\/www2.unifap.br\/prefeitura\/files\/2011\/04\/20140829_074716-1024x768.jpg\" width=\"461\" height=\"346\" srcset=\"https:\/\/www2.unifap.br\/prefeitura\/files\/2011\/04\/20140829_074716-1024x768.jpg 1024w, https:\/\/www2.unifap.br\/prefeitura\/files\/2011\/04\/20140829_074716-300x225.jpg 300w\" sizes=\"(max-width: 461px) 100vw, 461px\" \/><\/a><p id=\"caption-attachment-4677\" class=\"wp-caption-text\">Conclus\u00e3o do pr\u00e9dio da Casa do Estudante &#8211; Atualizado em 06\/11\/2015<\/p><\/div>\n<div id=\"attachment_4678\" style=\"width: 471px\" class=\"wp-caption aligncenter\"><a href=\"http:\/\/www2.unifap.br\/prefeitura\/files\/2011\/04\/20140829_074832.jpg\"><img loading=\"lazy\" decoding=\"async\" aria-describedby=\"caption-attachment-4678\" class=\" wp-image-4678 \" alt=\"20140829_074832\" src=\"http:\/\/www2.unifap.br\/prefeitura\/files\/2011\/04\/20140829_074832-1024x768.jpg\" width=\"461\" height=\"346\" srcset=\"https:\/\/www2.unifap.br\/prefeitura\/files\/2011\/04\/20140829_074832-1024x768.jpg 1024w, https:\/\/www2.unifap.br\/prefeitura\/files\/2011\/04\/20140829_074832-300x225.jpg 300w\" sizes=\"(max-width: 461px) 100vw, 461px\" \/><\/a><p id=\"caption-attachment-4678\" class=\"wp-caption-text\">Conclus\u00e3o do pr\u00e9dio da Casa do Estudante &#8211; Atualizado em 06\/11\/2015<\/p><\/div>\n<p style=\"text-align: center\">\n<div id=\"attachment_4647\" style=\"width: 528px\" class=\"wp-caption aligncenter\"><a href=\"http:\/\/www2.unifap.br\/prefeitura\/files\/2011\/04\/derca-2.jpg\"><img loading=\"lazy\" decoding=\"async\" aria-describedby=\"caption-attachment-4647\" class=\" wp-image-4647  \" alt=\"Jpeg\" src=\"http:\/\/www2.unifap.br\/prefeitura\/files\/2011\/04\/derca-2-1024x492.jpg\" width=\"518\" height=\"248\" srcset=\"https:\/\/www2.unifap.br\/prefeitura\/files\/2011\/04\/derca-2-1024x492.jpg 1024w, https:\/\/www2.unifap.br\/prefeitura\/files\/2011\/04\/derca-2-300x144.jpg 300w\" sizes=\"(max-width: 518px) 100vw, 518px\" \/><\/a><p id=\"caption-attachment-4647\" class=\"wp-caption-text\">Conclus\u00e3o do pr\u00e9dio do DERCA &#8211; Atualizado em 07\/10\/2015<\/p><\/div>\n<p>&nbsp;<\/p>\n<div id=\"attachment_4648\" style=\"width: 522px\" class=\"wp-caption aligncenter\"><a href=\"http:\/\/www2.unifap.br\/prefeitura\/files\/2011\/04\/derca.jpg\"><img loading=\"lazy\" decoding=\"async\" aria-describedby=\"caption-attachment-4648\" class=\" wp-image-4648 \" alt=\"Jpeg\" src=\"http:\/\/www2.unifap.br\/prefeitura\/files\/2011\/04\/derca-1024x594.jpg\" width=\"512\" height=\"297\" srcset=\"https:\/\/www2.unifap.br\/prefeitura\/files\/2011\/04\/derca-1024x594.jpg 1024w, https:\/\/www2.unifap.br\/prefeitura\/files\/2011\/04\/derca-300x174.jpg 300w\" sizes=\"(max-width: 512px) 100vw, 512px\" \/><\/a><p id=\"caption-attachment-4648\" class=\"wp-caption-text\">Conclus\u00e3o do pr\u00e9dio do DERCA &#8211; Atualizado em 07\/10\/2015<\/p><\/div>\n<div id=\"attachment_4649\" style=\"width: 528px\" class=\"wp-caption aligncenter\"><a href=\"http:\/\/www2.unifap.br\/prefeitura\/files\/2011\/04\/fisioterapia.jpg\"><img loading=\"lazy\" decoding=\"async\" aria-describedby=\"caption-attachment-4649\" class=\" wp-image-4649  \" alt=\"Jpeg\" src=\"http:\/\/www2.unifap.br\/prefeitura\/files\/2011\/04\/fisioterapia-1024x427.jpg\" width=\"518\" height=\"215\" srcset=\"https:\/\/www2.unifap.br\/prefeitura\/files\/2011\/04\/fisioterapia-1024x427.jpg 1024w, https:\/\/www2.unifap.br\/prefeitura\/files\/2011\/04\/fisioterapia-300x125.jpg 300w\" sizes=\"(max-width: 518px) 100vw, 518px\" \/><\/a><p id=\"caption-attachment-4649\" class=\"wp-caption-text\">Constru\u00e7\u00e3o do pr\u00e9dio de Fisioterapia &#8211; Atualizado em 07\/10\/2015<\/p><\/div>\n<p>&nbsp;<\/p>\n<div id=\"attachment_4650\" style=\"width: 525px\" class=\"wp-caption aligncenter\"><a href=\"http:\/\/www2.unifap.br\/prefeitura\/files\/2011\/04\/amplia\u00e7\u00e3o-letras-2.jpg\"><img loading=\"lazy\" decoding=\"async\" aria-describedby=\"caption-attachment-4650\" class=\" wp-image-4650\" alt=\"amplia\u00e7\u00e3o letras 2\" src=\"http:\/\/www2.unifap.br\/prefeitura\/files\/2011\/04\/amplia\u00e7\u00e3o-letras-2.jpg\" width=\"515\" height=\"466\" srcset=\"https:\/\/www2.unifap.br\/prefeitura\/files\/2011\/04\/amplia\u00e7\u00e3o-letras-2.jpg 572w, https:\/\/www2.unifap.br\/prefeitura\/files\/2011\/04\/amplia\u00e7\u00e3o-letras-2-300x271.jpg 300w\" sizes=\"(max-width: 515px) 100vw, 515px\" \/><\/a><p id=\"caption-attachment-4650\" class=\"wp-caption-text\">Amplia\u00e7\u00e3o do pr\u00e9dio do Departamento de Letras e Artes &#8211; Atualizado em 07\/10\/2015<\/p><\/div>\n<p>&nbsp;<\/p>\n<div id=\"attachment_4651\" style=\"width: 522px\" class=\"wp-caption aligncenter\"><a href=\"http:\/\/www2.unifap.br\/prefeitura\/files\/2011\/04\/amplia\u00e7\u00e3o-letras.jpg\"><img loading=\"lazy\" decoding=\"async\" aria-describedby=\"caption-attachment-4651\" class=\" wp-image-4651\" alt=\"Jpeg\" src=\"http:\/\/www2.unifap.br\/prefeitura\/files\/2011\/04\/amplia\u00e7\u00e3o-letras-1024x568.jpg\" width=\"512\" height=\"284\" srcset=\"https:\/\/www2.unifap.br\/prefeitura\/files\/2011\/04\/amplia\u00e7\u00e3o-letras-1024x568.jpg 1024w, https:\/\/www2.unifap.br\/prefeitura\/files\/2011\/04\/amplia\u00e7\u00e3o-letras-300x166.jpg 300w\" sizes=\"(max-width: 512px) 100vw, 512px\" \/><\/a><p id=\"caption-attachment-4651\" class=\"wp-caption-text\">Amplia\u00e7\u00e3o do pr\u00e9dio do Departamento de Letras e Artes &#8211; Atualizado em 07\/10\/2015<\/p><\/div>\n<p>&nbsp;<\/p>\n<div id=\"attachment_4652\" style=\"width: 533px\" class=\"wp-caption aligncenter\"><a href=\"http:\/\/www2.unifap.br\/prefeitura\/files\/2011\/04\/eng-civil-frente-2.jpg\"><img loading=\"lazy\" decoding=\"async\" aria-describedby=\"caption-attachment-4652\" class=\" wp-image-4652  \" alt=\"eng civil frente 2\" src=\"http:\/\/www2.unifap.br\/prefeitura\/files\/2011\/04\/eng-civil-frente-2.jpg\" width=\"523\" height=\"268\" srcset=\"https:\/\/www2.unifap.br\/prefeitura\/files\/2011\/04\/eng-civil-frente-2.jpg 1023w, https:\/\/www2.unifap.br\/prefeitura\/files\/2011\/04\/eng-civil-frente-2-300x153.jpg 300w\" sizes=\"(max-width: 523px) 100vw, 523px\" \/><\/a><p id=\"caption-attachment-4652\" class=\"wp-caption-text\">Constru\u00e7\u00e3o do pr\u00e9dio de Engenharia Civil &#8211; Atualizado em 07\/10\/2015<\/p><\/div>\n<p>&nbsp;<\/p>\n<div id=\"attachment_4653\" style=\"width: 522px\" class=\"wp-caption aligncenter\"><a href=\"http:\/\/www2.unifap.br\/prefeitura\/files\/2011\/04\/eng-civil-lateral.jpg\"><img loading=\"lazy\" decoding=\"async\" aria-describedby=\"caption-attachment-4653\" class=\" wp-image-4653\" alt=\"Jpeg\" src=\"http:\/\/www2.unifap.br\/prefeitura\/files\/2011\/04\/eng-civil-lateral-1024x437.jpg\" width=\"512\" height=\"218\" srcset=\"https:\/\/www2.unifap.br\/prefeitura\/files\/2011\/04\/eng-civil-lateral-1024x437.jpg 1024w, https:\/\/www2.unifap.br\/prefeitura\/files\/2011\/04\/eng-civil-lateral-300x128.jpg 300w\" sizes=\"(max-width: 512px) 100vw, 512px\" \/><\/a><p id=\"caption-attachment-4653\" class=\"wp-caption-text\">Constru\u00e7\u00e3o do pr\u00e9dio de Engenharia Civil &#8211; Atualizado em 07\/10\/2015<\/p><\/div>\n<p>&nbsp;<\/p>\n<div id=\"attachment_4655\" style=\"width: 522px\" class=\"wp-caption aligncenter\"><a href=\"http:\/\/www2.unifap.br\/prefeitura\/files\/2011\/04\/bloco-da-saude.jpg\"><img loading=\"lazy\" decoding=\"async\" aria-describedby=\"caption-attachment-4655\" class=\" wp-image-4655\" alt=\"Jpeg\" src=\"http:\/\/www2.unifap.br\/prefeitura\/files\/2011\/04\/bloco-da-saude-1024x419.jpg\" width=\"512\" height=\"209\" srcset=\"https:\/\/www2.unifap.br\/prefeitura\/files\/2011\/04\/bloco-da-saude-1024x419.jpg 1024w, https:\/\/www2.unifap.br\/prefeitura\/files\/2011\/04\/bloco-da-saude-300x122.jpg 300w\" sizes=\"(max-width: 512px) 100vw, 512px\" \/><\/a><p id=\"caption-attachment-4655\" class=\"wp-caption-text\">Constru\u00e7\u00e3o de salas de aula bloco da Sa\u00fade &#8211; Atualizado em 07\/10\/2015<\/p><\/div>\n<p>&nbsp;<\/p>\n<div id=\"attachment_4656\" style=\"width: 522px\" class=\"wp-caption aligncenter\"><a href=\"http:\/\/www2.unifap.br\/prefeitura\/files\/2011\/04\/bloco-de-salas-medicina-2.jpg\"><img loading=\"lazy\" decoding=\"async\" aria-describedby=\"caption-attachment-4656\" class=\" wp-image-4656\" alt=\"bloco de salas medicina 2\" src=\"http:\/\/www2.unifap.br\/prefeitura\/files\/2011\/04\/bloco-de-salas-medicina-2.jpg\" width=\"512\" height=\"288\" srcset=\"https:\/\/www2.unifap.br\/prefeitura\/files\/2011\/04\/bloco-de-salas-medicina-2.jpg 1024w, https:\/\/www2.unifap.br\/prefeitura\/files\/2011\/04\/bloco-de-salas-medicina-2-300x168.jpg 300w\" sizes=\"(max-width: 512px) 100vw, 512px\" \/><\/a><p id=\"caption-attachment-4656\" class=\"wp-caption-text\">Constru\u00e7\u00e3o de salas de aula bloco da Sa\u00fade &#8211; Atualizado em 07\/10\/2015<\/p><\/div>\n<p>&nbsp;<\/p>\n<div id=\"attachment_4658\" style=\"width: 522px\" class=\"wp-caption aligncenter\"><a href=\"http:\/\/www2.unifap.br\/prefeitura\/files\/2011\/04\/ambulatorio-lateral.jpg\"><img loading=\"lazy\" decoding=\"async\" aria-describedby=\"caption-attachment-4658\" class=\" wp-image-4658\" alt=\"Jpeg\" src=\"http:\/\/www2.unifap.br\/prefeitura\/files\/2011\/04\/ambulatorio-lateral-1024x417.jpg\" width=\"512\" height=\"208\" srcset=\"https:\/\/www2.unifap.br\/prefeitura\/files\/2011\/04\/ambulatorio-lateral-1024x417.jpg 1024w, https:\/\/www2.unifap.br\/prefeitura\/files\/2011\/04\/ambulatorio-lateral-300x122.jpg 300w\" sizes=\"(max-width: 512px) 100vw, 512px\" \/><\/a><p id=\"caption-attachment-4658\" class=\"wp-caption-text\">Conclus\u00e3o do pr\u00e9dio de Ambulat\u00f3rio &#8211; Atualizado em 07\/10\/2015<\/p><\/div>\n<div id=\"attachment_4659\" style=\"width: 522px\" class=\"wp-caption aligncenter\"><a href=\"http:\/\/www2.unifap.br\/prefeitura\/files\/2011\/04\/ambulatorio.jpg\"><img loading=\"lazy\" decoding=\"async\" aria-describedby=\"caption-attachment-4659\" class=\" wp-image-4659\" alt=\"ambulatorio\" src=\"http:\/\/www2.unifap.br\/prefeitura\/files\/2011\/04\/ambulatorio.jpg\" width=\"512\" height=\"202\" srcset=\"https:\/\/www2.unifap.br\/prefeitura\/files\/2011\/04\/ambulatorio.jpg 970w, https:\/\/www2.unifap.br\/prefeitura\/files\/2011\/04\/ambulatorio-300x118.jpg 300w\" sizes=\"(max-width: 512px) 100vw, 512px\" \/><\/a><p id=\"caption-attachment-4659\" class=\"wp-caption-text\">Conclus\u00e3o do pr\u00e9dio de Ambulat\u00f3rio &#8211; Atualizado em 07\/10\/2015<\/p><\/div>\n<p>&nbsp;<\/p>\n<div id=\"attachment_4661\" style=\"width: 522px\" class=\"wp-caption aligncenter\"><a href=\"http:\/\/www2.unifap.br\/prefeitura\/files\/2011\/04\/enfermagem-frente.jpg\"><img loading=\"lazy\" decoding=\"async\" aria-describedby=\"caption-attachment-4661\" class=\" wp-image-4661\" alt=\"Jpeg\" src=\"http:\/\/www2.unifap.br\/prefeitura\/files\/2011\/04\/enfermagem-frente-1024x411.jpg\" width=\"512\" height=\"205\" srcset=\"https:\/\/www2.unifap.br\/prefeitura\/files\/2011\/04\/enfermagem-frente-1024x411.jpg 1024w, https:\/\/www2.unifap.br\/prefeitura\/files\/2011\/04\/enfermagem-frente-300x120.jpg 300w\" sizes=\"(max-width: 512px) 100vw, 512px\" \/><\/a><p id=\"caption-attachment-4661\" class=\"wp-caption-text\">Conclus\u00e3o do pr\u00e9dio de Enfermagem &#8211; Atualizado em 07\/10\/2015<\/p><\/div>\n<p>&nbsp;<\/p>\n<div id=\"attachment_4662\" style=\"width: 522px\" class=\"wp-caption aligncenter\"><a href=\"http:\/\/www2.unifap.br\/prefeitura\/files\/2011\/04\/bloco-de-salas-medicina.jpg\"><img loading=\"lazy\" decoding=\"async\" aria-describedby=\"caption-attachment-4662\" class=\" wp-image-4662\" alt=\"Jpeg\" src=\"http:\/\/www2.unifap.br\/prefeitura\/files\/2011\/04\/bloco-de-salas-medicina-1024x600.jpg\" width=\"512\" height=\"300\" srcset=\"https:\/\/www2.unifap.br\/prefeitura\/files\/2011\/04\/bloco-de-salas-medicina-1024x600.jpg 1024w, https:\/\/www2.unifap.br\/prefeitura\/files\/2011\/04\/bloco-de-salas-medicina-300x175.jpg 300w\" sizes=\"(max-width: 512px) 100vw, 512px\" \/><\/a><p id=\"caption-attachment-4662\" class=\"wp-caption-text\">Constru\u00e7\u00e3o do bloco de salas de aula de Medicina &#8211; Atualizado em 07\/10\/2015<\/p><\/div>\n<div id=\"attachment_4670\" style=\"width: 522px\" class=\"wp-caption aligncenter\"><a href=\"http:\/\/www2.unifap.br\/prefeitura\/files\/2011\/04\/IMG-20150908-WA0005.jpg\"><img loading=\"lazy\" decoding=\"async\" aria-describedby=\"caption-attachment-4670\" class=\" wp-image-4670 \" alt=\"IMG-20150908-WA0005\" src=\"http:\/\/www2.unifap.br\/prefeitura\/files\/2011\/04\/IMG-20150908-WA0005-1024x417.jpg\" width=\"512\" height=\"208\" srcset=\"https:\/\/www2.unifap.br\/prefeitura\/files\/2011\/04\/IMG-20150908-WA0005-1024x417.jpg 1024w, https:\/\/www2.unifap.br\/prefeitura\/files\/2011\/04\/IMG-20150908-WA0005-300x122.jpg 300w, https:\/\/www2.unifap.br\/prefeitura\/files\/2011\/04\/IMG-20150908-WA0005.jpg 1600w\" sizes=\"(max-width: 512px) 100vw, 512px\" \/><\/a><p id=\"caption-attachment-4670\" class=\"wp-caption-text\">Bloco A &#8211; Binacional &#8211; Atualizado em 13\/10\/2015<\/p><\/div>\n<p>&nbsp;<\/p>\n<div id=\"attachment_4673\" style=\"width: 522px\" class=\"wp-caption aligncenter\"><a href=\"http:\/\/www2.unifap.br\/prefeitura\/files\/2011\/04\/IMG_2281.jpg\"><img loading=\"lazy\" decoding=\"async\" aria-describedby=\"caption-attachment-4673\" class=\" wp-image-4673\" alt=\"IMG_2281\" src=\"http:\/\/www2.unifap.br\/prefeitura\/files\/2011\/04\/IMG_2281-1024x312.jpg\" width=\"512\" height=\"156\" srcset=\"https:\/\/www2.unifap.br\/prefeitura\/files\/2011\/04\/IMG_2281-1024x312.jpg 1024w, https:\/\/www2.unifap.br\/prefeitura\/files\/2011\/04\/IMG_2281-300x91.jpg 300w\" sizes=\"(max-width: 512px) 100vw, 512px\" \/><\/a><p id=\"caption-attachment-4673\" class=\"wp-caption-text\">Constru\u00e7\u00e3o do Campus de Cal\u00e7oene &#8211; Atualizado em 13\/10\/2015<\/p><\/div>\n<p>&nbsp;<\/p>\n<div id=\"attachment_4674\" style=\"width: 522px\" class=\"wp-caption aligncenter\"><a href=\"http:\/\/www2.unifap.br\/prefeitura\/files\/2011\/04\/IMG_2252.jpg\"><img loading=\"lazy\" decoding=\"async\" aria-describedby=\"caption-attachment-4674\" class=\" wp-image-4674 \" alt=\"IMG_2252\" src=\"http:\/\/www2.unifap.br\/prefeitura\/files\/2011\/04\/IMG_2252-1024x430.jpg\" width=\"512\" height=\"214\" srcset=\"https:\/\/www2.unifap.br\/prefeitura\/files\/2011\/04\/IMG_2252-1024x430.jpg 1024w, https:\/\/www2.unifap.br\/prefeitura\/files\/2011\/04\/IMG_2252-300x126.jpg 300w\" sizes=\"(max-width: 512px) 100vw, 512px\" \/><\/a><p id=\"caption-attachment-4674\" class=\"wp-caption-text\">Constru\u00e7\u00e3o do Campus de Cal\u00e7oene &#8211; Atualizado em 13\/10\/2015<\/p><\/div>\n<p>&nbsp;<\/p>\n<p>&nbsp;<\/p>\n","protected":false},"excerpt":{"rendered":"<p>FUNDA\u00c7\u00c3O UNIVERSIDADE FEDERAL DO AMAP\u00c1 PRO-REITORIA DE ADMINISTRA\u00c7\u00c3O E PLANEJAMENTO OBRAS EM EXECU\u00c7\u00c3O \u2013 2015 OBRA CONTRATADA VALOR CONTRATO\u00a0 Constru\u00e7\u00e3o do pr\u00e9dio de Engenharia El\u00e9trica Edifica Engenharia R$2.792.404,65 021\/2013\u00a0 Conclus\u00e3o do pr\u00e9dio da Casa do Estudante Edifica Engenharia R$2.494.709,36 003\/2013&hellip; <\/p>\n<p><a href=\"https:\/\/www2.unifap.br\/prefeitura\/obras-em-execucao\/\" class=\"readmore-button\">Continue Reading<\/a><\/p>\n","protected":false},"author":23,"featured_media":0,"parent":0,"menu_order":0,"comment_status":"open","ping_status":"open","template":"","meta":{"inline_featured_image":false,"ngg_post_thumbnail":0,"footnotes":""},"class_list":["post-123","page","type-page","status-publish","hentry"],"_links":{"self":[{"href":"https:\/\/www2.unifap.br\/prefeitura\/wp-json\/wp\/v2\/pages\/123","targetHints":{"allow":["GET"]}}],"collection":[{"href":"https:\/\/www2.unifap.br\/prefeitura\/wp-json\/wp\/v2\/pages"}],"about":[{"href":"https:\/\/www2.unifap.br\/prefeitura\/wp-json\/wp\/v2\/types\/page"}],"author":[{"embeddable":true,"href":"https:\/\/www2.unifap.br\/prefeitura\/wp-json\/wp\/v2\/users\/23"}],"replies":[{"embeddable":true,"href":"https:\/\/www2.unifap.br\/prefeitura\/wp-json\/wp\/v2\/comments?post=123"}],"version-history":[{"count":16,"href":"https:\/\/www2.unifap.br\/prefeitura\/wp-json\/wp\/v2\/pages\/123\/revisions"}],"predecessor-version":[{"id":4644,"href":"https:\/\/www2.unifap.br\/prefeitura\/wp-json\/wp\/v2\/pages\/123\/revisions\/4644"}],"wp:attachment":[{"href":"https:\/\/www2.unifap.br\/prefeitura\/wp-json\/wp\/v2\/media?parent=123"}],"curies":[{"name":"wp","href":"https:\/\/api.w.org\/{rel}","templated":true}]}}