{"id":133,"date":"2011-04-18T05:47:34","date_gmt":"2011-04-18T07:47:34","guid":{"rendered":"http:\/\/pororoca.unifap.br\/prefeitura\/"},"modified":"2015-10-07T14:04:28","modified_gmt":"2015-10-07T14:04:28","slug":"obras-licitadas","status":"publish","type":"page","link":"https:\/\/www2.unifap.br\/prefeitura\/obras-licitadas\/","title":{"rendered":"Obras Licitadas"},"content":{"rendered":"<p align=\"center\"><b>Obras Licitadas\u00a0<\/b><\/p>\n<table width=\"708\" border=\"1\" cellspacing=\"0\" cellpadding=\"0\">\n<tbody>\n<tr>\n<td width=\"420\">\n<p align=\"center\"><b>OBRA<\/b><\/p>\n<\/td>\n<td width=\"156\">\n<p align=\"center\"><b>CONTRATADA<\/b><\/p>\n<\/td>\n<td width=\"132\">\n<p align=\"center\"><b>VALOR R$<\/b><\/p>\n<\/td>\n<\/tr>\n<tr>\n<td width=\"420\"><b>Conclus\u00e3o do Centro de Educa\u00e7\u00e3o\u00a0<b>(Ordem de servi\u00e7o em andamento);<\/b><\/b><\/td>\n<td width=\"156\">\n<p align=\"center\"><b>Global Servi\u00e7os<\/b><\/p>\n<\/td>\n<td width=\"132\">\n<p align=\"center\"><b>5.036.168,29<\/b><\/p>\n<\/td>\n<\/tr>\n<tr>\n<td width=\"420\"><b>Constru\u00e7\u00e3o dos blocos de salas de aula do Campus Oiapoque\u00a0<b>(Ordem de servi\u00e7o em andamento);<\/b><\/b><\/td>\n<td width=\"156\">\n<p align=\"center\"><b>Global Servi\u00e7os\u00a0<\/b><\/p>\n<\/td>\n<td width=\"132\">\n<p align=\"center\"><b>6.160.674,29<\/b><\/p>\n<\/td>\n<\/tr>\n<\/tbody>\n<\/table>\n<div id=\"attachment_4664\" style=\"width: 522px\" class=\"wp-caption aligncenter\"><a href=\"http:\/\/www2.unifap.br\/prefeitura\/files\/2011\/04\/centro-de-educa\u00e7\u00e3o-lateral.jpg\"><img fetchpriority=\"high\" decoding=\"async\" aria-describedby=\"caption-attachment-4664\" class=\" wp-image-4664\" alt=\"Jpeg\" src=\"http:\/\/www2.unifap.br\/prefeitura\/files\/2011\/04\/centro-de-educa\u00e7\u00e3o-lateral-1024x467.jpg\" width=\"512\" height=\"233\" srcset=\"https:\/\/www2.unifap.br\/prefeitura\/files\/2011\/04\/centro-de-educa\u00e7\u00e3o-lateral-1024x467.jpg 1024w, https:\/\/www2.unifap.br\/prefeitura\/files\/2011\/04\/centro-de-educa\u00e7\u00e3o-lateral-300x137.jpg 300w\" sizes=\"(max-width: 512px) 100vw, 512px\" \/><\/a><p id=\"caption-attachment-4664\" class=\"wp-caption-text\">Conclus\u00e3o do Centro de Educa\u00e7\u00e3o &#8211; Atualizado em 07\/10\/2015<\/p><\/div>\n<div id=\"attachment_4665\" style=\"width: 522px\" class=\"wp-caption aligncenter\"><a href=\"http:\/\/www2.unifap.br\/prefeitura\/files\/2011\/04\/dentro-de-educa\u00e7\u00e3o-2.jpg\"><img decoding=\"async\" aria-describedby=\"caption-attachment-4665\" class=\" wp-image-4665\" alt=\"dentro de educa\u00e7\u00e3o 2\" src=\"http:\/\/www2.unifap.br\/prefeitura\/files\/2011\/04\/dentro-de-educa\u00e7\u00e3o-2.jpg\" width=\"512\" height=\"217\" srcset=\"https:\/\/www2.unifap.br\/prefeitura\/files\/2011\/04\/dentro-de-educa\u00e7\u00e3o-2.jpg 1024w, https:\/\/www2.unifap.br\/prefeitura\/files\/2011\/04\/dentro-de-educa\u00e7\u00e3o-2-300x127.jpg 300w\" sizes=\"(max-width: 512px) 100vw, 512px\" \/><\/a><p id=\"caption-attachment-4665\" class=\"wp-caption-text\">Conclus\u00e3o do Centro de Educa\u00e7\u00e3o &#8211; Atualizado em 07\/10\/2015<\/p><\/div>\n","protected":false},"excerpt":{"rendered":"<p>Obras Licitadas\u00a0 OBRA CONTRATADA VALOR R$ Conclus\u00e3o do Centro de Educa\u00e7\u00e3o\u00a0(Ordem de servi\u00e7o em andamento); Global Servi\u00e7os 5.036.168,29 Constru\u00e7\u00e3o dos blocos de salas de aula do Campus Oiapoque\u00a0(Ordem de servi\u00e7o em andamento); Global Servi\u00e7os\u00a0 6.160.674,29<\/p>\n","protected":false},"author":23,"featured_media":0,"parent":0,"menu_order":0,"comment_status":"open","ping_status":"open","template":"","meta":{"inline_featured_image":false,"ngg_post_thumbnail":0,"footnotes":""},"class_list":["post-133","page","type-page","status-publish","hentry"],"_links":{"self":[{"href":"https:\/\/www2.unifap.br\/prefeitura\/wp-json\/wp\/v2\/pages\/133","targetHints":{"allow":["GET"]}}],"collection":[{"href":"https:\/\/www2.unifap.br\/prefeitura\/wp-json\/wp\/v2\/pages"}],"about":[{"href":"https:\/\/www2.unifap.br\/prefeitura\/wp-json\/wp\/v2\/types\/page"}],"author":[{"embeddable":true,"href":"https:\/\/www2.unifap.br\/prefeitura\/wp-json\/wp\/v2\/users\/23"}],"replies":[{"embeddable":true,"href":"https:\/\/www2.unifap.br\/prefeitura\/wp-json\/wp\/v2\/comments?post=133"}],"version-history":[{"count":8,"href":"https:\/\/www2.unifap.br\/prefeitura\/wp-json\/wp\/v2\/pages\/133\/revisions"}],"predecessor-version":[{"id":4667,"href":"https:\/\/www2.unifap.br\/prefeitura\/wp-json\/wp\/v2\/pages\/133\/revisions\/4667"}],"wp:attachment":[{"href":"https:\/\/www2.unifap.br\/prefeitura\/wp-json\/wp\/v2\/media?parent=133"}],"curies":[{"name":"wp","href":"https:\/\/api.w.org\/{rel}","templated":true}]}}