{"id":156,"date":"2011-04-18T06:05:40","date_gmt":"2011-04-18T08:05:40","guid":{"rendered":"http:\/\/pororoca.unifap.br\/prefeitura\/"},"modified":"2015-09-23T14:17:13","modified_gmt":"2015-09-23T14:17:13","slug":"156-2","status":"publish","type":"page","link":"https:\/\/www2.unifap.br\/prefeitura\/156-2\/","title":{"rendered":"Obras em Planejamento"},"content":{"rendered":"<p align=\"center\"><b>Obras em Planejamento<\/b><\/p>\n<p>1. Constru\u00e7\u00e3o do Centro de Viv\u00eancia, 1.901,85 m\u00b2 (Fonte do recurso: SESU\/MEC);<\/p>\n<p><a href=\"http:\/\/www2.unifap.br\/prefeitura\/files\/2011\/04\/centro-de-vivencia.png\"><img fetchpriority=\"high\" decoding=\"async\" class=\"aligncenter size-large wp-image-4600\" alt=\"centro de vivencia\" src=\"http:\/\/www2.unifap.br\/prefeitura\/files\/2011\/04\/centro-de-vivencia-1024x478.png\" width=\"640\" height=\"298\" srcset=\"https:\/\/www2.unifap.br\/prefeitura\/files\/2011\/04\/centro-de-vivencia-1024x478.png 1024w, https:\/\/www2.unifap.br\/prefeitura\/files\/2011\/04\/centro-de-vivencia-300x140.png 300w, https:\/\/www2.unifap.br\/prefeitura\/files\/2011\/04\/centro-de-vivencia.png 1227w\" sizes=\"(max-width: 640px) 100vw, 640px\" \/><\/a><\/p>\n<p>2. Constru\u00e7\u00e3o do pr\u00e9dio do DCET \u2013 Bloco I, 3.191,22 m\u00b2 (Fonte do recurso: SESU\/MEC);<\/p>\n<p><a href=\"http:\/\/www2.unifap.br\/prefeitura\/files\/2011\/04\/decet-1.png\"><img decoding=\"async\" class=\"aligncenter size-large wp-image-4596\" alt=\"decet 1\" src=\"http:\/\/www2.unifap.br\/prefeitura\/files\/2011\/04\/decet-1-1024x551.png\" width=\"640\" height=\"344\" srcset=\"https:\/\/www2.unifap.br\/prefeitura\/files\/2011\/04\/decet-1-1024x551.png 1024w, https:\/\/www2.unifap.br\/prefeitura\/files\/2011\/04\/decet-1-300x161.png 300w, https:\/\/www2.unifap.br\/prefeitura\/files\/2011\/04\/decet-1.png 1151w\" sizes=\"(max-width: 640px) 100vw, 640px\" \/><\/a><\/p>\n<p>3. Constru\u00e7\u00e3o do pr\u00e9dio do DCET \u2013 Bloco II, 3.054,34 m\u00b2 (Fonte do recurso: SESU\/MEC);<\/p>\n<p><a href=\"http:\/\/www2.unifap.br\/prefeitura\/files\/2011\/04\/decet-2.png\"><img decoding=\"async\" class=\"aligncenter size-large wp-image-4597\" alt=\"decet 2\" src=\"http:\/\/www2.unifap.br\/prefeitura\/files\/2011\/04\/decet-2-1024x529.png\" width=\"640\" height=\"330\" srcset=\"https:\/\/www2.unifap.br\/prefeitura\/files\/2011\/04\/decet-2-1024x529.png 1024w, https:\/\/www2.unifap.br\/prefeitura\/files\/2011\/04\/decet-2-300x155.png 300w, https:\/\/www2.unifap.br\/prefeitura\/files\/2011\/04\/decet-2.png 1144w\" sizes=\"(max-width: 640px) 100vw, 640px\" \/><\/a><\/p>\n<p>4. Constru\u00e7\u00e3o da nova Biblioteca Central, 4.685,78 m\u00b2 (Fonte do recurso: Emenda parlamentar e SESU\/MEC);<\/p>\n<p><a href=\"http:\/\/www2.unifap.br\/prefeitura\/files\/2011\/04\/biblioteca-central.png\"><img loading=\"lazy\" decoding=\"async\" class=\"aligncenter size-full wp-image-4599\" alt=\"biblioteca central\" src=\"http:\/\/www2.unifap.br\/prefeitura\/files\/2011\/04\/biblioteca-central.png\" width=\"912\" height=\"504\" srcset=\"https:\/\/www2.unifap.br\/prefeitura\/files\/2011\/04\/biblioteca-central.png 912w, https:\/\/www2.unifap.br\/prefeitura\/files\/2011\/04\/biblioteca-central-300x165.png 300w\" sizes=\"(max-width: 912px) 100vw, 912px\" \/><\/a><\/p>\n<p>5. Constru\u00e7\u00e3o do centro de L\u00ednguas, letras e artes, 2.172,03 m\u00b2;<\/p>\n<p><a href=\"http:\/\/www2.unifap.br\/prefeitura\/files\/2011\/04\/01.png\"><img loading=\"lazy\" decoding=\"async\" class=\"aligncenter size-full wp-image-4594\" alt=\"01\" src=\"http:\/\/www2.unifap.br\/prefeitura\/files\/2011\/04\/01.png\" width=\"916\" height=\"485\" srcset=\"https:\/\/www2.unifap.br\/prefeitura\/files\/2011\/04\/01.png 916w, https:\/\/www2.unifap.br\/prefeitura\/files\/2011\/04\/01-300x158.png 300w\" sizes=\"(max-width: 916px) 100vw, 916px\" \/><\/a><\/p>\n<p>6. Constru\u00e7\u00e3o do Complexo Poliesportivo, 3.736,56 m\u00b2 (Fonte do recurso: SESU\/MEC);<\/p>\n<p><a href=\"http:\/\/www2.unifap.br\/prefeitura\/files\/2011\/04\/complexo-poliesportivo.png\"><img loading=\"lazy\" decoding=\"async\" class=\"aligncenter size-large wp-image-4601\" alt=\"complexo poliesportivo\" src=\"http:\/\/www2.unifap.br\/prefeitura\/files\/2011\/04\/complexo-poliesportivo-1024x494.png\" width=\"640\" height=\"308\" srcset=\"https:\/\/www2.unifap.br\/prefeitura\/files\/2011\/04\/complexo-poliesportivo-1024x494.png 1024w, https:\/\/www2.unifap.br\/prefeitura\/files\/2011\/04\/complexo-poliesportivo-300x144.png 300w, https:\/\/www2.unifap.br\/prefeitura\/files\/2011\/04\/complexo-poliesportivo.png 1055w\" sizes=\"(max-width: 640px) 100vw, 640px\" \/><\/a><\/p>\n<p>7. Constru\u00e7\u00e3o do pr\u00e9dio de Laborat\u00f3rios de Engenharia Civil, 1.195,21 m\u00b2 (Fonte do<br \/>\nrecurso: SESU\/MEC);<\/p>\n<p><a href=\"http:\/\/www2.unifap.br\/prefeitura\/files\/2011\/04\/ENGENHARIA-CIVIL.png\"><img loading=\"lazy\" decoding=\"async\" class=\"aligncenter size-large wp-image-4593\" alt=\"ENGENHARIA CIVIL\" src=\"http:\/\/www2.unifap.br\/prefeitura\/files\/2011\/04\/ENGENHARIA-CIVIL-1024x526.png\" width=\"640\" height=\"328\" srcset=\"https:\/\/www2.unifap.br\/prefeitura\/files\/2011\/04\/ENGENHARIA-CIVIL-1024x526.png 1024w, https:\/\/www2.unifap.br\/prefeitura\/files\/2011\/04\/ENGENHARIA-CIVIL-300x154.png 300w, https:\/\/www2.unifap.br\/prefeitura\/files\/2011\/04\/ENGENHARIA-CIVIL.png 1201w\" sizes=\"(max-width: 640px) 100vw, 640px\" \/><\/a><\/p>\n<p>8. Constru\u00e7\u00e3o do Almoxarifado (Fonte do recurso: SESU\/MEC);<\/p>\n<p>9. Amplia\u00e7\u00e3o do Patrim\u00f4nio (Fonte do recurso: SESU\/MEC);<\/p>\n<p>10. Constru\u00e7\u00e3o do bloco acad\u00eamico no campus Santana \u2013 Bloco I, 900,00m\u00b2 (Fonte do recurso: Emenda parlamentar e SESU\/MEC);<\/p>\n<p>T\u00e9rreo:<\/p>\n<p><a href=\"http:\/\/www2.unifap.br\/prefeitura\/files\/2011\/04\/SANTANA-bloco-I-terreo.png\"><img loading=\"lazy\" decoding=\"async\" class=\"aligncenter size-large wp-image-4626\" alt=\"SANTANA bloco I terreo\" src=\"http:\/\/www2.unifap.br\/prefeitura\/files\/2011\/04\/SANTANA-bloco-I-terreo-1024x406.png\" width=\"640\" height=\"253\" srcset=\"https:\/\/www2.unifap.br\/prefeitura\/files\/2011\/04\/SANTANA-bloco-I-terreo-1024x406.png 1024w, https:\/\/www2.unifap.br\/prefeitura\/files\/2011\/04\/SANTANA-bloco-I-terreo-300x118.png 300w, https:\/\/www2.unifap.br\/prefeitura\/files\/2011\/04\/SANTANA-bloco-I-terreo.png 1233w\" sizes=\"(max-width: 640px) 100vw, 640px\" \/><\/a><\/p>\n<p>1\u00ba pavimento:<\/p>\n<p><a href=\"http:\/\/www2.unifap.br\/prefeitura\/files\/2011\/04\/SANTANA-bloco-I-1-pavimento.png\"><img loading=\"lazy\" decoding=\"async\" class=\"aligncenter size-large wp-image-4627\" alt=\"SANTANA bloco I 1 pavimento\" src=\"http:\/\/www2.unifap.br\/prefeitura\/files\/2011\/04\/SANTANA-bloco-I-1-pavimento-1024x379.png\" width=\"640\" height=\"236\" srcset=\"https:\/\/www2.unifap.br\/prefeitura\/files\/2011\/04\/SANTANA-bloco-I-1-pavimento-1024x379.png 1024w, https:\/\/www2.unifap.br\/prefeitura\/files\/2011\/04\/SANTANA-bloco-I-1-pavimento-300x111.png 300w, https:\/\/www2.unifap.br\/prefeitura\/files\/2011\/04\/SANTANA-bloco-I-1-pavimento.png 1204w\" sizes=\"(max-width: 640px) 100vw, 640px\" \/><\/a><\/p>\n<p>2\u00ba pavimento:<\/p>\n<p><a href=\"http:\/\/www2.unifap.br\/prefeitura\/files\/2011\/04\/SANTANA-bloco-I-2-pavimento.png\"><img loading=\"lazy\" decoding=\"async\" class=\"aligncenter size-large wp-image-4628\" alt=\"SANTANA bloco I 2 pavimento\" src=\"http:\/\/www2.unifap.br\/prefeitura\/files\/2011\/04\/SANTANA-bloco-I-2-pavimento-1024x365.png\" width=\"640\" height=\"228\" srcset=\"https:\/\/www2.unifap.br\/prefeitura\/files\/2011\/04\/SANTANA-bloco-I-2-pavimento-1024x365.png 1024w, https:\/\/www2.unifap.br\/prefeitura\/files\/2011\/04\/SANTANA-bloco-I-2-pavimento-300x107.png 300w, https:\/\/www2.unifap.br\/prefeitura\/files\/2011\/04\/SANTANA-bloco-I-2-pavimento.png 1201w\" sizes=\"(max-width: 640px) 100vw, 640px\" \/><\/a><\/p>\n<p>11. Constru\u00e7\u00e3o do bloco acad\u00eamico no campus Santana \u2013 Bloco II, 1.080,00m\u00b2 (Fonte do recurso: Emenda parlamentar e SESU\/MEC);<\/p>\n<p>T\u00e9rreo:<\/p>\n<p><a href=\"http:\/\/www2.unifap.br\/prefeitura\/files\/2011\/04\/SANTANA-bloco-II-terreo.png\"><img loading=\"lazy\" decoding=\"async\" class=\"aligncenter size-large wp-image-4629\" alt=\"SANTANA bloco II terreo\" src=\"http:\/\/www2.unifap.br\/prefeitura\/files\/2011\/04\/SANTANA-bloco-II-terreo-1024x465.png\" width=\"640\" height=\"290\" srcset=\"https:\/\/www2.unifap.br\/prefeitura\/files\/2011\/04\/SANTANA-bloco-II-terreo-1024x465.png 1024w, https:\/\/www2.unifap.br\/prefeitura\/files\/2011\/04\/SANTANA-bloco-II-terreo-300x135.png 300w, https:\/\/www2.unifap.br\/prefeitura\/files\/2011\/04\/SANTANA-bloco-II-terreo.png 1253w\" sizes=\"(max-width: 640px) 100vw, 640px\" \/><\/a><\/p>\n<p>1\u00ba pavimento:<\/p>\n<p><a href=\"http:\/\/www2.unifap.br\/prefeitura\/files\/2011\/04\/SANTANA-bloco-II-1-pavimento.png\"><img loading=\"lazy\" decoding=\"async\" class=\"aligncenter size-large wp-image-4630\" alt=\"SANTANA bloco II 1 pavimento\" src=\"http:\/\/www2.unifap.br\/prefeitura\/files\/2011\/04\/SANTANA-bloco-II-1-pavimento-1024x468.png\" width=\"640\" height=\"292\" srcset=\"https:\/\/www2.unifap.br\/prefeitura\/files\/2011\/04\/SANTANA-bloco-II-1-pavimento-1024x468.png 1024w, https:\/\/www2.unifap.br\/prefeitura\/files\/2011\/04\/SANTANA-bloco-II-1-pavimento-300x137.png 300w, https:\/\/www2.unifap.br\/prefeitura\/files\/2011\/04\/SANTANA-bloco-II-1-pavimento.png 1258w\" sizes=\"(max-width: 640px) 100vw, 640px\" \/><\/a><\/p>\n<p>12. Constru\u00e7\u00e3o de blocos de salas de aula e laborat\u00f3rios no campus Mazag\u00e3o \u2013 Bloco I, 900,00m\u00b2 (Fonte do recurso: Emenda parlamentar e SESU\/MEC);<\/p>\n<p>T\u00e9rreo:<\/p>\n<p><a href=\"http:\/\/www2.unifap.br\/prefeitura\/files\/2011\/04\/MAZAG\u00c3O-bloco-I-terreo.png\"><img loading=\"lazy\" decoding=\"async\" class=\"aligncenter size-large wp-image-4632\" alt=\"MAZAG\u00c3O bloco I terreo\" src=\"http:\/\/www2.unifap.br\/prefeitura\/files\/2011\/04\/MAZAG\u00c3O-bloco-I-terreo-1024x386.png\" width=\"640\" height=\"241\" srcset=\"https:\/\/www2.unifap.br\/prefeitura\/files\/2011\/04\/MAZAG\u00c3O-bloco-I-terreo-1024x386.png 1024w, https:\/\/www2.unifap.br\/prefeitura\/files\/2011\/04\/MAZAG\u00c3O-bloco-I-terreo-300x113.png 300w, https:\/\/www2.unifap.br\/prefeitura\/files\/2011\/04\/MAZAG\u00c3O-bloco-I-terreo.png 1294w\" sizes=\"(max-width: 640px) 100vw, 640px\" \/><\/a><\/p>\n<p>1\u00ba pavimento:<\/p>\n<p><a href=\"http:\/\/www2.unifap.br\/prefeitura\/files\/2011\/04\/MAZAG\u00c3O-bloco-I-1-pavimento.png\"><img loading=\"lazy\" decoding=\"async\" class=\"aligncenter size-large wp-image-4633\" alt=\"MAZAG\u00c3O bloco I  1 pavimento\" src=\"http:\/\/www2.unifap.br\/prefeitura\/files\/2011\/04\/MAZAG\u00c3O-bloco-I-1-pavimento-1024x365.png\" width=\"640\" height=\"228\" srcset=\"https:\/\/www2.unifap.br\/prefeitura\/files\/2011\/04\/MAZAG\u00c3O-bloco-I-1-pavimento-1024x365.png 1024w, https:\/\/www2.unifap.br\/prefeitura\/files\/2011\/04\/MAZAG\u00c3O-bloco-I-1-pavimento-300x107.png 300w, https:\/\/www2.unifap.br\/prefeitura\/files\/2011\/04\/MAZAG\u00c3O-bloco-I-1-pavimento.png 1205w\" sizes=\"(max-width: 640px) 100vw, 640px\" \/><\/a><\/p>\n<p>2\u00ba paviment0:<\/p>\n<p><a href=\"http:\/\/www2.unifap.br\/prefeitura\/files\/2011\/04\/MAZAG\u00c3O-bloco-I-2-pavimento.png\"><img loading=\"lazy\" decoding=\"async\" class=\"aligncenter size-large wp-image-4634\" alt=\"MAZAG\u00c3O bloco I  2 pavimento\" src=\"http:\/\/www2.unifap.br\/prefeitura\/files\/2011\/04\/MAZAG\u00c3O-bloco-I-2-pavimento-1024x366.png\" width=\"640\" height=\"228\" srcset=\"https:\/\/www2.unifap.br\/prefeitura\/files\/2011\/04\/MAZAG\u00c3O-bloco-I-2-pavimento-1024x366.png 1024w, https:\/\/www2.unifap.br\/prefeitura\/files\/2011\/04\/MAZAG\u00c3O-bloco-I-2-pavimento-300x107.png 300w, https:\/\/www2.unifap.br\/prefeitura\/files\/2011\/04\/MAZAG\u00c3O-bloco-I-2-pavimento.png 1201w\" sizes=\"(max-width: 640px) 100vw, 640px\" \/><\/a><\/p>\n<p>13. Constru\u00e7\u00e3o de blocos de salas de aula e laborat\u00f3rios no campus Mazag\u00e3o \u2013 Bloco II, 1.080,00m\u00b2 (Fonte do recurso: Emenda parlamentar e SESU\/MEC);<\/p>\n<p>14. Constru\u00e7\u00e3o de blocos de salas de aula e laborat\u00f3rios no campus Mazag\u00e3o \u2013 Bloco III, 240,00m\u00b2 (Fonte do recurso: Emenda parlamentar e SESU\/MEC);<\/p>\n<p><a href=\"http:\/\/www2.unifap.br\/prefeitura\/files\/2011\/04\/MAZAG\u00c3O-bloco-III-terreo.png\"><img loading=\"lazy\" decoding=\"async\" class=\"aligncenter size-full wp-image-4635\" alt=\"MAZAG\u00c3O bloco III  terreo\" src=\"http:\/\/www2.unifap.br\/prefeitura\/files\/2011\/04\/MAZAG\u00c3O-bloco-III-terreo.png\" width=\"722\" height=\"583\" srcset=\"https:\/\/www2.unifap.br\/prefeitura\/files\/2011\/04\/MAZAG\u00c3O-bloco-III-terreo.png 722w, https:\/\/www2.unifap.br\/prefeitura\/files\/2011\/04\/MAZAG\u00c3O-bloco-III-terreo-300x242.png 300w\" sizes=\"(max-width: 722px) 100vw, 722px\" \/><\/a><\/p>\n<p>15. Projeto do Hospital Universit\u00e1rio, 40.000 m\u00b2;<\/p>\n<p>T\u00e9rreo:<\/p>\n<p><a href=\"http:\/\/www2.unifap.br\/prefeitura\/files\/2011\/04\/PAV.-T\u00c9RREO.jpg\"><img loading=\"lazy\" decoding=\"async\" class=\"aligncenter size-full wp-image-4615\" alt=\"PAV. T\u00c9RREO\" src=\"http:\/\/www2.unifap.br\/prefeitura\/files\/2011\/04\/PAV.-T\u00c9RREO.jpg\" width=\"778\" height=\"640\" srcset=\"https:\/\/www2.unifap.br\/prefeitura\/files\/2011\/04\/PAV.-T\u00c9RREO.jpg 778w, https:\/\/www2.unifap.br\/prefeitura\/files\/2011\/04\/PAV.-T\u00c9RREO-300x246.jpg 300w\" sizes=\"(max-width: 778px) 100vw, 778px\" \/><\/a><\/p>\n<p>1\u00ba pavimento:<\/p>\n<p><a href=\"http:\/\/www2.unifap.br\/prefeitura\/files\/2011\/04\/1-pavimento.png\"><img loading=\"lazy\" decoding=\"async\" class=\"aligncenter size-large wp-image-4616\" alt=\"1 pavimento\" src=\"http:\/\/www2.unifap.br\/prefeitura\/files\/2011\/04\/1-pavimento.png\" width=\"640\" height=\"506\" srcset=\"https:\/\/www2.unifap.br\/prefeitura\/files\/2011\/04\/1-pavimento.png 812w, https:\/\/www2.unifap.br\/prefeitura\/files\/2011\/04\/1-pavimento-300x237.png 300w\" sizes=\"(max-width: 640px) 100vw, 640px\" \/><\/a><\/p>\n<p>&nbsp;<\/p>\n<p>2\u00ba pavimento:<\/p>\n<p><a href=\"http:\/\/www2.unifap.br\/prefeitura\/files\/2011\/04\/2-pavimento.png\"><img loading=\"lazy\" decoding=\"async\" class=\"aligncenter size-full wp-image-4618\" alt=\"2 pavimento\" src=\"http:\/\/www2.unifap.br\/prefeitura\/files\/2011\/04\/2-pavimento.png\" width=\"752\" height=\"621\" srcset=\"https:\/\/www2.unifap.br\/prefeitura\/files\/2011\/04\/2-pavimento.png 752w, https:\/\/www2.unifap.br\/prefeitura\/files\/2011\/04\/2-pavimento-300x247.png 300w\" sizes=\"(max-width: 752px) 100vw, 752px\" \/><\/a>3\u00ba pavimento:<\/p>\n<p><a href=\"http:\/\/www2.unifap.br\/prefeitura\/files\/2011\/04\/3-pavimento1.png\"><img loading=\"lazy\" decoding=\"async\" class=\"aligncenter size-full wp-image-4621\" alt=\"3 pavimento\" src=\"http:\/\/www2.unifap.br\/prefeitura\/files\/2011\/04\/3-pavimento1.png\" width=\"803\" height=\"624\" srcset=\"https:\/\/www2.unifap.br\/prefeitura\/files\/2011\/04\/3-pavimento1.png 803w, https:\/\/www2.unifap.br\/prefeitura\/files\/2011\/04\/3-pavimento1-300x233.png 300w\" sizes=\"(max-width: 803px) 100vw, 803px\" \/><\/a><\/p>\n<p>Volumetria:<\/p>\n<p><a href=\"http:\/\/www2.unifap.br\/prefeitura\/files\/2011\/04\/ESTUDO.jpg\"><img loading=\"lazy\" decoding=\"async\" class=\"aligncenter size-large wp-image-4622\" alt=\"ESTUDO\" src=\"http:\/\/www2.unifap.br\/prefeitura\/files\/2011\/04\/ESTUDO-1024x462.jpg\" width=\"640\" height=\"288\" srcset=\"https:\/\/www2.unifap.br\/prefeitura\/files\/2011\/04\/ESTUDO-1024x462.jpg 1024w, https:\/\/www2.unifap.br\/prefeitura\/files\/2011\/04\/ESTUDO-300x135.jpg 300w, https:\/\/www2.unifap.br\/prefeitura\/files\/2011\/04\/ESTUDO.jpg 1104w\" sizes=\"(max-width: 640px) 100vw, 640px\" \/><\/a><\/p>\n","protected":false},"excerpt":{"rendered":"<p>Obras em Planejamento 1. Constru\u00e7\u00e3o do Centro de Viv\u00eancia, 1.901,85 m\u00b2 (Fonte do recurso: SESU\/MEC); 2. Constru\u00e7\u00e3o do pr\u00e9dio do DCET \u2013 Bloco I, 3.191,22 m\u00b2 (Fonte do recurso: SESU\/MEC); 3. Constru\u00e7\u00e3o do pr\u00e9dio do DCET \u2013 Bloco II, 3.054,34&hellip; <\/p>\n<p><a href=\"https:\/\/www2.unifap.br\/prefeitura\/156-2\/\" class=\"readmore-button\">Continue Reading<\/a><\/p>\n","protected":false},"author":23,"featured_media":0,"parent":0,"menu_order":0,"comment_status":"open","ping_status":"open","template":"","meta":{"inline_featured_image":false,"ngg_post_thumbnail":0,"footnotes":""},"class_list":["post-156","page","type-page","status-publish","hentry"],"_links":{"self":[{"href":"https:\/\/www2.unifap.br\/prefeitura\/wp-json\/wp\/v2\/pages\/156","targetHints":{"allow":["GET"]}}],"collection":[{"href":"https:\/\/www2.unifap.br\/prefeitura\/wp-json\/wp\/v2\/pages"}],"about":[{"href":"https:\/\/www2.unifap.br\/prefeitura\/wp-json\/wp\/v2\/types\/page"}],"author":[{"embeddable":true,"href":"https:\/\/www2.unifap.br\/prefeitura\/wp-json\/wp\/v2\/users\/23"}],"replies":[{"embeddable":true,"href":"https:\/\/www2.unifap.br\/prefeitura\/wp-json\/wp\/v2\/comments?post=156"}],"version-history":[{"count":12,"href":"https:\/\/www2.unifap.br\/prefeitura\/wp-json\/wp\/v2\/pages\/156\/revisions"}],"predecessor-version":[{"id":4636,"href":"https:\/\/www2.unifap.br\/prefeitura\/wp-json\/wp\/v2\/pages\/156\/revisions\/4636"}],"wp:attachment":[{"href":"https:\/\/www2.unifap.br\/prefeitura\/wp-json\/wp\/v2\/media?parent=156"}],"curies":[{"name":"wp","href":"https:\/\/api.w.org\/{rel}","templated":true}]}}