{"id":17,"date":"2009-11-11T16:05:39","date_gmt":"2009-11-11T18:05:39","guid":{"rendered":"http:\/\/pororoca.unifap.br\/prefeitura\/?page_id=17"},"modified":"2019-03-26T18:18:56","modified_gmt":"2019-03-26T18:18:56","slug":"divisoes","status":"publish","type":"page","link":"https:\/\/www2.unifap.br\/prefeitura\/divisoes\/","title":{"rendered":"Divis\u00f5es"},"content":{"rendered":"<p>Divis\u00e3o de Manuten\u00e7\u00e3o &#8211; providencia troca e conserto&nbsp;de fechaduras, pequenas reformas, servi\u00e7os el\u00e9tricos e mec\u00e2nicos etc.<\/p>\n<p>Divis\u00e3o de Meio F\u00edsico &#8211; controla de documenta\u00e7\u00e3o da \u00e1rea f\u00edsica do campus, inclusive as plantas baixas.<\/p>\n<p>Divis\u00e3o de Projetos &#8211; coordena e elabora estudos preliminares e projetos t\u00e9cnicos de constru\u00e7\u00f5es e reformas de edifica\u00e7\u00f5es da UNIFAP;<\/p>\n<p>Divis\u00e3o de Servi\u00e7os Gerais &#8211; fiscaliza a qualidade dos servi\u00e7os prestados pela empresa contratada e interm\u00e9dia com o preposto junto \u00e0 administra\u00e7\u00e3o da IFES.<\/p>\n<ul>\n<li>Se\u00e7\u00e3o de Vigil\u00e2ncia &#8211; fiscaliza o servi\u00e7o prestado pela empresa contratada e gerencia as ocorr\u00eancias entre empresa e administra\u00e7\u00e3o da IFES.<\/li>\n<li>Se\u00e7\u00e3o de Limpeza &#8211; realiza a fiscaliza\u00e7\u00e3o e organiza os servi\u00e7os de limpeza interna e externa, al\u00e9m do transporte de moveis e equipamentos no campus.<\/li>\n<li>Se\u00e7\u00e3o de Telefonia &#8211; realiza o atendimento de quanto aos servi\u00e7os de telefonia, com telefonistas para orienta\u00e7\u00e3o e encaminhamento de chamadas e manuten\u00e7\u00e3o dos equipamentos e reparo das linhas.<\/li>\n<\/ul>\n","protected":false},"excerpt":{"rendered":"<p>Divis\u00e3o de Manuten\u00e7\u00e3o &#8211; providencia troca e conserto&nbsp;de fechaduras, pequenas reformas, servi\u00e7os el\u00e9tricos e mec\u00e2nicos etc. Divis\u00e3o de Meio F\u00edsico &#8211; controla de documenta\u00e7\u00e3o da \u00e1rea f\u00edsica do campus, inclusive as plantas baixas. Divis\u00e3o de Projetos &#8211; coordena e elabora&hellip; <\/p>\n<p><a href=\"https:\/\/www2.unifap.br\/prefeitura\/divisoes\/\" class=\"readmore-button\">Continue Reading<\/a><\/p>\n","protected":false},"author":1,"featured_media":0,"parent":0,"menu_order":0,"comment_status":"closed","ping_status":"closed","template":"","meta":{"inline_featured_image":false,"ngg_post_thumbnail":0,"footnotes":""},"class_list":["post-17","page","type-page","status-publish","hentry"],"_links":{"self":[{"href":"https:\/\/www2.unifap.br\/prefeitura\/wp-json\/wp\/v2\/pages\/17","targetHints":{"allow":["GET"]}}],"collection":[{"href":"https:\/\/www2.unifap.br\/prefeitura\/wp-json\/wp\/v2\/pages"}],"about":[{"href":"https:\/\/www2.unifap.br\/prefeitura\/wp-json\/wp\/v2\/types\/page"}],"author":[{"embeddable":true,"href":"https:\/\/www2.unifap.br\/prefeitura\/wp-json\/wp\/v2\/users\/1"}],"replies":[{"embeddable":true,"href":"https:\/\/www2.unifap.br\/prefeitura\/wp-json\/wp\/v2\/comments?post=17"}],"version-history":[{"count":8,"href":"https:\/\/www2.unifap.br\/prefeitura\/wp-json\/wp\/v2\/pages\/17\/revisions"}],"predecessor-version":[{"id":4718,"href":"https:\/\/www2.unifap.br\/prefeitura\/wp-json\/wp\/v2\/pages\/17\/revisions\/4718"}],"wp:attachment":[{"href":"https:\/\/www2.unifap.br\/prefeitura\/wp-json\/wp\/v2\/media?parent=17"}],"curies":[{"name":"wp","href":"https:\/\/api.w.org\/{rel}","templated":true}]}}