{"id":4,"date":"2009-10-22T22:18:08","date_gmt":"2009-10-23T00:18:08","guid":{"rendered":"http:\/\/www2.unifap.br\/prefeitura\/apresentacao\/"},"modified":"2015-10-07T14:18:27","modified_gmt":"2015-10-07T14:18:27","slug":"apresentacao","status":"publish","type":"page","link":"https:\/\/www2.unifap.br\/prefeitura\/apresentacao\/","title":{"rendered":"Apresenta\u00e7\u00e3o"},"content":{"rendered":"<p style=\"text-align: justify\">\u00c0 Prefeitura do Campus compete:<\/p>\n<ol>\n<li>\n<div style=\"text-align: justify\">Elaborar o plano anual de trabalho para pequenas obras e servi\u00e7os necess\u00e1rios \u00e0 manuten\u00e7\u00e3o, reparo, conserva\u00e7\u00e3o e limpeza dos im\u00f3veis da Universidade;<\/div>\n<\/li>\n<li>\n<div style=\"text-align: justify\">Criar sistema de acompanhamento e avalia\u00e7\u00e3o que a mantenha informada quanto a execu\u00e7\u00e3o de programas e atividades de seus departamentos;<\/div>\n<\/li>\n<li>\n<div style=\"text-align: justify\">Fornecer ao \u00f3rg\u00e3o central de planejamento, todas as informa\u00e7\u00f5es que forem solicitadas, visando subsidiar o plano de expans\u00e3o f\u00edsica do campus;<\/div>\n<\/li>\n<li>\n<div style=\"text-align: justify\">Responsabilizar-se pelo bom funcionamento das instala\u00e7\u00f5es da infraestrutura do campus;<\/div>\n<\/li>\n<li>\n<div style=\"text-align: justify\">Zelar pela limpeza, seguran\u00e7a e conserva\u00e7\u00e3o do campus;<\/div>\n<\/li>\n<li>\n<div style=\"text-align: justify\">Responsabilizar-se pela manuten\u00e7\u00e3o e conserva\u00e7\u00e3o das edifica\u00e7\u00f5es e zelar pelo paisagismo do campus.<\/div>\n<\/li>\n<li>\n<div style=\"text-align: justify\">Fiscalizar a utiliza\u00e7\u00e3o das edifica\u00e7\u00f5es e ambientes da UNIFAP;<\/div>\n<\/li>\n<li>\n<div style=\"text-align: justify\">Garantir condi\u00e7\u00f5es de infraestrutura na UNIFAP \u00e0s pessoas portadoras de defici\u00eancias e necessidades especiais.<\/div>\n<\/li>\n<\/ol>\n","protected":false},"excerpt":{"rendered":"<p>\u00c0 Prefeitura do Campus compete: Elaborar o plano anual de trabalho para pequenas obras e servi\u00e7os necess\u00e1rios \u00e0 manuten\u00e7\u00e3o, reparo, conserva\u00e7\u00e3o e limpeza dos im\u00f3veis da Universidade; Criar sistema de acompanhamento e avalia\u00e7\u00e3o que a mantenha informada quanto a execu\u00e7\u00e3o&hellip; <\/p>\n<p><a href=\"https:\/\/www2.unifap.br\/prefeitura\/apresentacao\/\" class=\"readmore-button\">Continue Reading<\/a><\/p>\n","protected":false},"author":22,"featured_media":0,"parent":0,"menu_order":0,"comment_status":"closed","ping_status":"closed","template":"","meta":{"inline_featured_image":false,"ngg_post_thumbnail":0,"footnotes":""},"class_list":["post-4","page","type-page","status-publish","hentry"],"_links":{"self":[{"href":"https:\/\/www2.unifap.br\/prefeitura\/wp-json\/wp\/v2\/pages\/4","targetHints":{"allow":["GET"]}}],"collection":[{"href":"https:\/\/www2.unifap.br\/prefeitura\/wp-json\/wp\/v2\/pages"}],"about":[{"href":"https:\/\/www2.unifap.br\/prefeitura\/wp-json\/wp\/v2\/types\/page"}],"author":[{"embeddable":true,"href":"https:\/\/www2.unifap.br\/prefeitura\/wp-json\/wp\/v2\/users\/22"}],"replies":[{"embeddable":true,"href":"https:\/\/www2.unifap.br\/prefeitura\/wp-json\/wp\/v2\/comments?post=4"}],"version-history":[{"count":3,"href":"https:\/\/www2.unifap.br\/prefeitura\/wp-json\/wp\/v2\/pages\/4\/revisions"}],"predecessor-version":[{"id":4668,"href":"https:\/\/www2.unifap.br\/prefeitura\/wp-json\/wp\/v2\/pages\/4\/revisions\/4668"}],"wp:attachment":[{"href":"https:\/\/www2.unifap.br\/prefeitura\/wp-json\/wp\/v2\/media?parent=4"}],"curies":[{"name":"wp","href":"https:\/\/api.w.org\/{rel}","templated":true}]}}