{"id":4699,"date":"2018-04-20T03:32:42","date_gmt":"2018-04-20T03:32:42","guid":{"rendered":"http:\/\/www2.unifap.br\/prefeitura\/?page_id=4699"},"modified":"2023-02-01T15:21:54","modified_gmt":"2023-02-01T15:21:54","slug":"pgd","status":"publish","type":"page","link":"https:\/\/www2.unifap.br\/prefeitura\/pgd\/","title":{"rendered":"PROGRAMA DE GEST\u00c3O"},"content":{"rendered":"<h3 class=\"western\" align=\"justify\"><span style=\"color: #333333\">\u200b<span style=\"font-family: Arial, sans-serif\"><span style=\"font-size: medium\"><b>PROGRAMA DE GEST\u00c3O<\/b><\/span><\/span><\/span><\/h3>\n<p class=\"western\"><span style=\"font-family: Arial, sans-serif\"><span style=\"font-size: medium\"><span style=\"color: #4a4a4a\">O Programa de Gest\u00e3o est\u00e1 institu\u00eddo na Unifap atrav\u00e9s da Portaria n\u00ba 0818\/2022-Unifap. A <\/span><span style=\"color: #4a4a4a\">Prefeitura da UNIFAP<\/span><span style=\"color: #4a4a4a\">&nbsp;aderiu ao PGD atrav\u00e9s do Processo n\u00ba&nbsp;<\/span><span style=\"color: #000000\">23125.000214\/2023-70.<\/span><\/span><\/span><\/p>\n<h3 class=\"western\"><span style=\"color: #333333\">\u200b<span style=\"font-family: Arial, sans-serif\"><span style=\"font-size: medium\"><b>EDITAIS<\/b><\/span><\/span><\/span><\/h3>\n<p class=\"western\">&nbsp;<\/p>\n<p><span style=\"color: #333333\">\u200b<a href=\"http:\/\/www2.unifap.br\/prefeitura\/files\/2023\/02\/Edital-Programa-de-Gestao_Prefeitura_Retificado.pdf\">01\/02\/2023 &#8211; <span class=\"fontstyle0\">EDITAL DO PROGRAMA DE GEST\u00c3O N\u00ba 06 \/ 2023<\/span><\/a><\/span><\/p>\n<h3 class=\"western\"><a style=\"font-size: 16px\" href=\"http:\/\/www2.unifap.br\/prefeitura\/files\/2023\/01\/EDITAL-DO-PROGRAMA-DE-GESTAO-PREFEITURA.pdf\"><span style=\"color: #c9211e\"><span style=\"font-family: Arial, sans-serif\"><span style=\"font-size: medium\">23\/01\/2023-&nbsp;<\/span><\/span><span style=\"font-family: Arial, sans-serif\"><span style=\"font-size: medium\"><u>EDITAL DO PROGRAMA DE GEST\u00c3O N\u00ba 03\/2023<\/u><\/span><\/span><\/span><\/a><\/h3>\n<h3 class=\"western\"><span style=\"color: #333333\">\u200b<span style=\"font-family: Arial, sans-serif\"><span style=\"font-size: medium\"><b>LEGISLA\u00c7\u00c3O E NORMAS<\/b><\/span><\/span><\/span><\/h3>\n<p class=\"western\"><a href=\"http:\/\/www2.unifap.br\/prefeitura\/files\/2023\/01\/PORTARIA-0818-2022-UNIFAP.pdf\"><span style=\"color: #333333\"><span style=\"font-family: Arial, sans-serif\"><span style=\"font-size: medium\"><u>Portaria n\u00ba 0818-2022-UNIFAP<\/u><\/span><\/span><\/span><\/a><\/p>\n<p class=\"western\"><span style=\"color: #333333\"><span style=\"font-family: Arial, sans-serif\"><span style=\"font-size: medium\"><u><a href=\"http:\/\/www.planalto.gov.br\/ccivil_03\/_ato2019-2022\/2022\/decreto\/D11072.htm\" target=\"_blank\" rel=\"noopener\">Decreto n\u00ba 11.072, de 17 de maio de 2022<\/a><\/u><\/span><\/span><\/span><span style=\"color: #4a4a4a\"><span style=\"font-family: Arial, sans-serif\"><span style=\"font-size: medium\">&nbsp;\u2013 Disp\u00f5e sobre o Programa de Gest\u00e3o e Desempenho \u2013 PGD da administra\u00e7\u00e3o p\u00fablica federal direta, aut\u00e1rquica e fundacional.<\/span><\/span><\/span><\/p>\n","protected":false},"excerpt":{"rendered":"<p>\u200bPROGRAMA DE GEST\u00c3O O Programa de Gest\u00e3o est\u00e1 institu\u00eddo na Unifap atrav\u00e9s da Portaria n\u00ba 0818\/2022-Unifap. A Prefeitura da UNIFAP&nbsp;aderiu ao PGD atrav\u00e9s do Processo n\u00ba&nbsp;23125.000214\/2023-70. \u200bEDITAIS &nbsp; \u200b01\/02\/2023 &#8211; EDITAL DO PROGRAMA DE GEST\u00c3O N\u00ba 06 \/ 2023 23\/01\/2023-&nbsp;EDITAL&hellip; <\/p>\n<p><a href=\"https:\/\/www2.unifap.br\/prefeitura\/pgd\/\" class=\"readmore-button\">Continue Reading<\/a><\/p>\n","protected":false},"author":23,"featured_media":0,"parent":0,"menu_order":0,"comment_status":"open","ping_status":"open","template":"","meta":{"inline_featured_image":false,"ngg_post_thumbnail":0,"footnotes":""},"class_list":["post-4699","page","type-page","status-publish","hentry"],"_links":{"self":[{"href":"https:\/\/www2.unifap.br\/prefeitura\/wp-json\/wp\/v2\/pages\/4699","targetHints":{"allow":["GET"]}}],"collection":[{"href":"https:\/\/www2.unifap.br\/prefeitura\/wp-json\/wp\/v2\/pages"}],"about":[{"href":"https:\/\/www2.unifap.br\/prefeitura\/wp-json\/wp\/v2\/types\/page"}],"author":[{"embeddable":true,"href":"https:\/\/www2.unifap.br\/prefeitura\/wp-json\/wp\/v2\/users\/23"}],"replies":[{"embeddable":true,"href":"https:\/\/www2.unifap.br\/prefeitura\/wp-json\/wp\/v2\/comments?post=4699"}],"version-history":[{"count":15,"href":"https:\/\/www2.unifap.br\/prefeitura\/wp-json\/wp\/v2\/pages\/4699\/revisions"}],"predecessor-version":[{"id":4887,"href":"https:\/\/www2.unifap.br\/prefeitura\/wp-json\/wp\/v2\/pages\/4699\/revisions\/4887"}],"wp:attachment":[{"href":"https:\/\/www2.unifap.br\/prefeitura\/wp-json\/wp\/v2\/media?parent=4699"}],"curies":[{"name":"wp","href":"https:\/\/api.w.org\/{rel}","templated":true}]}}