{"id":4739,"date":"2019-12-23T14:30:34","date_gmt":"2019-12-23T14:30:34","guid":{"rendered":"http:\/\/www2.unifap.br\/prefeitura\/?page_id=4739"},"modified":"2020-03-10T19:53:09","modified_gmt":"2020-03-10T19:53:09","slug":"transparencia","status":"publish","type":"page","link":"https:\/\/www2.unifap.br\/prefeitura\/manutencao\/transparencia\/","title":{"rendered":"Transpar\u00eancia"},"content":{"rendered":"<p>Em conformidade com a lei&nbsp;lei 12.520\/2011 &#8211; Lei de Acesso \u00e0 Informa\u00e7\u00e3o, a DIMANUT disp\u00f5e desta p\u00e1gina para dar publicidade nos contratos e a\u00e7\u00f5es desenvolvidas.<\/p>\n","protected":false},"excerpt":{"rendered":"<p>Em conformidade com a lei&nbsp;lei 12.520\/2011 &#8211; Lei de Acesso \u00e0 Informa\u00e7\u00e3o, a DIMANUT disp\u00f5e desta p\u00e1gina para dar publicidade nos contratos e a\u00e7\u00f5es desenvolvidas.<\/p>\n","protected":false},"author":926,"featured_media":0,"parent":50,"menu_order":0,"comment_status":"closed","ping_status":"closed","template":"","meta":{"inline_featured_image":false,"ngg_post_thumbnail":0,"footnotes":""},"class_list":["post-4739","page","type-page","status-publish","hentry"],"_links":{"self":[{"href":"https:\/\/www2.unifap.br\/prefeitura\/wp-json\/wp\/v2\/pages\/4739","targetHints":{"allow":["GET"]}}],"collection":[{"href":"https:\/\/www2.unifap.br\/prefeitura\/wp-json\/wp\/v2\/pages"}],"about":[{"href":"https:\/\/www2.unifap.br\/prefeitura\/wp-json\/wp\/v2\/types\/page"}],"author":[{"embeddable":true,"href":"https:\/\/www2.unifap.br\/prefeitura\/wp-json\/wp\/v2\/users\/926"}],"replies":[{"embeddable":true,"href":"https:\/\/www2.unifap.br\/prefeitura\/wp-json\/wp\/v2\/comments?post=4739"}],"version-history":[{"count":3,"href":"https:\/\/www2.unifap.br\/prefeitura\/wp-json\/wp\/v2\/pages\/4739\/revisions"}],"predecessor-version":[{"id":4856,"href":"https:\/\/www2.unifap.br\/prefeitura\/wp-json\/wp\/v2\/pages\/4739\/revisions\/4856"}],"up":[{"embeddable":true,"href":"https:\/\/www2.unifap.br\/prefeitura\/wp-json\/wp\/v2\/pages\/50"}],"wp:attachment":[{"href":"https:\/\/www2.unifap.br\/prefeitura\/wp-json\/wp\/v2\/media?parent=4739"}],"curies":[{"name":"wp","href":"https:\/\/api.w.org\/{rel}","templated":true}]}}