{"id":4743,"date":"2019-12-23T14:32:58","date_gmt":"2019-12-23T14:32:58","guid":{"rendered":"http:\/\/www2.unifap.br\/prefeitura\/?page_id=4743"},"modified":"2020-03-10T19:54:34","modified_gmt":"2020-03-10T19:54:34","slug":"refrigeracao","status":"publish","type":"page","link":"https:\/\/www2.unifap.br\/prefeitura\/manutencao\/transparencia\/refrigeracao\/","title":{"rendered":"Refrigera\u00e7\u00e3o"},"content":{"rendered":"<p>A UNIFAP est\u00e1 em processo de licita\u00e7\u00e3o para nova contrata\u00e7\u00e3o.<\/p>\n","protected":false},"excerpt":{"rendered":"<p>A UNIFAP est\u00e1 em processo de licita\u00e7\u00e3o para nova contrata\u00e7\u00e3o.<\/p>\n","protected":false},"author":926,"featured_media":0,"parent":4739,"menu_order":0,"comment_status":"closed","ping_status":"closed","template":"","meta":{"inline_featured_image":false,"ngg_post_thumbnail":0,"footnotes":""},"class_list":["post-4743","page","type-page","status-publish","hentry"],"_links":{"self":[{"href":"https:\/\/www2.unifap.br\/prefeitura\/wp-json\/wp\/v2\/pages\/4743","targetHints":{"allow":["GET"]}}],"collection":[{"href":"https:\/\/www2.unifap.br\/prefeitura\/wp-json\/wp\/v2\/pages"}],"about":[{"href":"https:\/\/www2.unifap.br\/prefeitura\/wp-json\/wp\/v2\/types\/page"}],"author":[{"embeddable":true,"href":"https:\/\/www2.unifap.br\/prefeitura\/wp-json\/wp\/v2\/users\/926"}],"replies":[{"embeddable":true,"href":"https:\/\/www2.unifap.br\/prefeitura\/wp-json\/wp\/v2\/comments?post=4743"}],"version-history":[{"count":2,"href":"https:\/\/www2.unifap.br\/prefeitura\/wp-json\/wp\/v2\/pages\/4743\/revisions"}],"predecessor-version":[{"id":4857,"href":"https:\/\/www2.unifap.br\/prefeitura\/wp-json\/wp\/v2\/pages\/4743\/revisions\/4857"}],"up":[{"embeddable":true,"href":"https:\/\/www2.unifap.br\/prefeitura\/wp-json\/wp\/v2\/pages\/4739"}],"wp:attachment":[{"href":"https:\/\/www2.unifap.br\/prefeitura\/wp-json\/wp\/v2\/media?parent=4743"}],"curies":[{"name":"wp","href":"https:\/\/api.w.org\/{rel}","templated":true}]}}