{"id":4745,"date":"2019-12-23T14:33:09","date_gmt":"2019-12-23T14:33:09","guid":{"rendered":"http:\/\/www2.unifap.br\/prefeitura\/?page_id=4745"},"modified":"2020-03-10T19:23:44","modified_gmt":"2020-03-10T19:23:44","slug":"civil","status":"publish","type":"page","link":"https:\/\/www2.unifap.br\/prefeitura\/manutencao\/transparencia\/civil\/","title":{"rendered":"Civil"},"content":{"rendered":"<p><strong>Contrato 19\/2019 &#8211; TGE SERVI\u00c7OS E TRANSPORTES EIRELI<\/strong><\/p>\n<p><strong>CNPJ 23.108.585\/0001-63<\/strong><\/p>\n<p><strong>In\u00edcio 20\/12\/2019<\/strong><\/p>\n<p><strong>Fim 17\/06\/2020<\/strong><\/p>\n<p><strong>Valor estimado da contrata\u00e7\u00e3o: R$ 450.000,00<\/strong><\/p>\n<p>&nbsp;<\/p>\n<p><span style=\"font-weight: 400\"><a href=\"http:\/\/www2.unifap.br\/prefeitura\/files\/2020\/03\/CONTRATO_019-2019_MANUTEN\u00c7\u00c3O_PREDIAL_EMERGENCIAL_TGE_SERVI\u00c7OS.pdf\">CONTRATO_019-2019_MANUTEN\u00c7\u00c3O_PREDIAL_EMERGENCIAL_TGE_SERVI\u00c7OS<\/a><\/span><\/p>\n<p><a href=\"http:\/\/www2.unifap.br\/prefeitura\/files\/2020\/03\/DOU-em-07-01-2020-Contrato-019_2019-TGE.pdf\">DOU em 07-01-2020 &#8211; Contrato 019_2019 &#8211; TGE<\/a><\/p>\n<p><a href=\"http:\/\/www2.unifap.br\/prefeitura\/files\/2020\/03\/OS-001-2020-TGE.pdf\">OS 001-2020 TGE<\/a><\/p>\n<p><a href=\"http:\/\/www2.unifap.br\/prefeitura\/files\/2020\/03\/OS-002-2020-TGE.pdf\">OS 002-2020 TGE<\/a><\/p>\n<p><a href=\"http:\/\/www2.unifap.br\/prefeitura\/files\/2020\/03\/OS-003-2020-TGE.pdf\">OS 003-2020 TGE<\/a><\/p>\n<p><a href=\"http:\/\/www2.unifap.br\/prefeitura\/files\/2020\/03\/OS-004-2020-TGE.pdf\">OS 004-2020 TGE<\/a><\/p>\n<p><a href=\"http:\/\/www2.unifap.br\/prefeitura\/files\/2020\/03\/OS-005-2020-TGE.pdf\">OS 005-2020 TGE<\/a><\/p>\n<p><a href=\"http:\/\/www2.unifap.br\/prefeitura\/files\/2020\/03\/OS-006-2020-TGE.pdf\">OS 006-2020 TGE<\/a><\/p>\n<p><a href=\"http:\/\/www2.unifap.br\/prefeitura\/files\/2020\/03\/OS-007-2020-TGE.pdf\">OS 007-2020 TGE<\/a><\/p>\n<p><a href=\"http:\/\/www2.unifap.br\/prefeitura\/files\/2020\/03\/OS-008-2020-TGE.pdf\">OS 008-2020 TGE<\/a><\/p>\n<p><a href=\"http:\/\/www2.unifap.br\/prefeitura\/files\/2020\/03\/OS-009-2020-TGE.pdf\">OS 009-2020 TGE<\/a><\/p>\n<p><a href=\"http:\/\/www2.unifap.br\/prefeitura\/files\/2020\/03\/OS-010-2020-TGE.pdf\">OS 010-2020 TGE<\/a><\/p>\n<p><a href=\"http:\/\/www2.unifap.br\/prefeitura\/files\/2020\/03\/OS-011-2020-TGE.pdf\">OS 011-2020 TGE<\/a><\/p>\n<p><a href=\"http:\/\/www2.unifap.br\/prefeitura\/files\/2020\/03\/OS-012-2020-TGE.pdf\">OS 012-2020 TGE<\/a><\/p>\n<p><a href=\"http:\/\/www2.unifap.br\/prefeitura\/files\/2020\/03\/OS-013-2020-TGE.pdf\">OS 013-2020 TGE<\/a><\/p>\n<p><a href=\"http:\/\/www2.unifap.br\/prefeitura\/files\/2020\/03\/OS-014-2020-TGE.pdf\">OS 014-2020 TGE<\/a><\/p>\n<p><a href=\"http:\/\/www2.unifap.br\/prefeitura\/files\/2020\/03\/OS-015-2020-TGE.pdf\">OS 015-2020 TGE<\/a><\/p>\n<p><a href=\"http:\/\/www2.unifap.br\/prefeitura\/files\/2020\/03\/OS-016-2020-TGE.pdf\">OS 016-2020 TGE<\/a><\/p>\n<p><a href=\"http:\/\/www2.unifap.br\/prefeitura\/files\/2020\/03\/OS-017-2020-TGE.pdf\">OS 017-2020 TGE<\/a><\/p>\n<p><a href=\"http:\/\/www2.unifap.br\/prefeitura\/files\/2020\/03\/OS-018-2020-TGE.pdf\">OS 018-2020 TGE<\/a><\/p>\n<p><a href=\"http:\/\/www2.unifap.br\/prefeitura\/files\/2020\/03\/OS-019-2020-TGE.pdf\">OS 019-2020 TGE<\/a><\/p>\n<p><a href=\"http:\/\/www2.unifap.br\/prefeitura\/files\/2020\/03\/OS-020-2020-TGE.pdf\">OS 020-2020 TGE<\/a><\/p>\n<p><a href=\"http:\/\/www2.unifap.br\/prefeitura\/files\/2020\/03\/OS-021-2020-TGE.pdf\">OS 021-2020 TGE<\/a><\/p>\n<p><a href=\"http:\/\/www2.unifap.br\/prefeitura\/files\/2020\/03\/OS-022-2020-TGE.pdf\">OS 022-2020 TGE<\/a><\/p>\n<p><a href=\"http:\/\/www2.unifap.br\/prefeitura\/files\/2020\/03\/OS-023-2020-TGE.pdf\">OS 023-2020 TGE<\/a><\/p>\n<p><a href=\"http:\/\/www2.unifap.br\/prefeitura\/files\/2020\/03\/OS-024-2020-TGE.pdf\">OS 024-2020 TGE<\/a><\/p>\n<p><a href=\"http:\/\/www2.unifap.br\/prefeitura\/files\/2020\/03\/OS-025-2020-TGE.pdf\">OS 025-2020 TGE<\/a><\/p>\n<p><a href=\"http:\/\/www2.unifap.br\/prefeitura\/files\/2020\/03\/OS-026-2020-TGE.pdf\">OS 026-2020 TGE<\/a><\/p>\n<p><a href=\"http:\/\/www2.unifap.br\/prefeitura\/files\/2020\/03\/OS-027-2020-TGE.pdf\">OS 027-2020 TGE<\/a><\/p>\n<p><a href=\"http:\/\/www2.unifap.br\/prefeitura\/files\/2020\/03\/OS-028-2020-TGE.pdf\">OS 028-2020 TGE<\/a><\/p>\n<p><a href=\"http:\/\/www2.unifap.br\/prefeitura\/files\/2020\/03\/OS-029-2020-TGE.pdf\">OS 029-2020 TGE<\/a><\/p>\n<p><a href=\"http:\/\/www2.unifap.br\/prefeitura\/files\/2020\/03\/OS-030-2020-TGE.pdf\">OS 030-2020 TGE<\/a><\/p>\n<p><a href=\"http:\/\/www2.unifap.br\/prefeitura\/files\/2020\/03\/OS-031-2020-TGE.pdf\">OS 031-2020 TGE<\/a><\/p>\n<p><a href=\"http:\/\/www2.unifap.br\/prefeitura\/files\/2020\/03\/OS-032-2020-TGE.pdf\">OS 032-2020 TGE<\/a><\/p>\n<p><a href=\"http:\/\/www2.unifap.br\/prefeitura\/files\/2020\/03\/OS-033-2020-TGE.pdf\">OS 033-2020 TGE<\/a><\/p>\n","protected":false},"excerpt":{"rendered":"<p>Contrato 19\/2019 &#8211; TGE SERVI\u00c7OS E TRANSPORTES EIRELI CNPJ 23.108.585\/0001-63 In\u00edcio 20\/12\/2019 Fim 17\/06\/2020 Valor estimado da contrata\u00e7\u00e3o: R$ 450.000,00 &nbsp; CONTRATO_019-2019_MANUTEN\u00c7\u00c3O_PREDIAL_EMERGENCIAL_TGE_SERVI\u00c7OS DOU em 07-01-2020 &#8211; Contrato 019_2019 &#8211; TGE OS 001-2020 TGE OS 002-2020 TGE OS 003-2020 TGE OS&hellip; <\/p>\n<p><a href=\"https:\/\/www2.unifap.br\/prefeitura\/manutencao\/transparencia\/civil\/\" class=\"readmore-button\">Continue Reading<\/a><\/p>\n","protected":false},"author":926,"featured_media":0,"parent":4739,"menu_order":0,"comment_status":"closed","ping_status":"closed","template":"","meta":{"inline_featured_image":false,"ngg_post_thumbnail":0,"footnotes":""},"class_list":["post-4745","page","type-page","status-publish","hentry"],"_links":{"self":[{"href":"https:\/\/www2.unifap.br\/prefeitura\/wp-json\/wp\/v2\/pages\/4745","targetHints":{"allow":["GET"]}}],"collection":[{"href":"https:\/\/www2.unifap.br\/prefeitura\/wp-json\/wp\/v2\/pages"}],"about":[{"href":"https:\/\/www2.unifap.br\/prefeitura\/wp-json\/wp\/v2\/types\/page"}],"author":[{"embeddable":true,"href":"https:\/\/www2.unifap.br\/prefeitura\/wp-json\/wp\/v2\/users\/926"}],"replies":[{"embeddable":true,"href":"https:\/\/www2.unifap.br\/prefeitura\/wp-json\/wp\/v2\/comments?post=4745"}],"version-history":[{"count":13,"href":"https:\/\/www2.unifap.br\/prefeitura\/wp-json\/wp\/v2\/pages\/4745\/revisions"}],"predecessor-version":[{"id":4815,"href":"https:\/\/www2.unifap.br\/prefeitura\/wp-json\/wp\/v2\/pages\/4745\/revisions\/4815"}],"up":[{"embeddable":true,"href":"https:\/\/www2.unifap.br\/prefeitura\/wp-json\/wp\/v2\/pages\/4739"}],"wp:attachment":[{"href":"https:\/\/www2.unifap.br\/prefeitura\/wp-json\/wp\/v2\/media?parent=4745"}],"curies":[{"name":"wp","href":"https:\/\/api.w.org\/{rel}","templated":true}]}}