{"id":50,"date":"2010-09-20T16:39:04","date_gmt":"2010-09-20T18:39:04","guid":{"rendered":"http:\/\/pororoca.unifap.br\/prefeitura\/?page_id=50"},"modified":"2020-03-11T21:17:04","modified_gmt":"2020-03-11T21:17:04","slug":"manutencao","status":"publish","type":"page","link":"https:\/\/www2.unifap.br\/prefeitura\/manutencao\/","title":{"rendered":"Manuten\u00e7\u00e3o"},"content":{"rendered":"<p>A Divis\u00e3o de Manuten\u00e7\u00e3o (DIMANUT), vinculada \u00e0 PREFEITURA, \u00e9 a unidade respons\u00e1vel pela organiza\u00e7\u00e3o, planejamento e fiscaliza\u00e7\u00e3o da execu\u00e7\u00e3o dos servi\u00e7os de manuten\u00e7\u00e3o preventiva e corretiva da Unifap.<\/p>\n<p><strong>EQUIPE<\/strong><\/p>\n<p>ANDERSON ALMEIDA DA SILVA &#8211; Auxiliar em Administra\u00e7\u00e3o<\/p>\n<p>HELDER AUGUSTO GOMES SARES &#8211; Arquiteto e Urbanista<\/p>\n<p>JO\u00c3O JORGE TEIXEIRA MOURA PAULO &#8211; T\u00e9cnico em Eletroeletr\u00f4nica<\/p>\n<p>JOSE RONALDO RODRIGUES DE JESUS &#8211; T\u00e9cnico de Laborat\u00f3rio \u00c1rea<\/p>\n<p>ANDREY THIAGO SOUSA PINTO &#8211; T\u00e9cnico em Edifica\u00e7\u00f5es<\/p>\n<p>F\u00c1BIO DA COSTA RODRIGUES &#8211;&nbsp;T\u00e9cnico em Eletroeletr\u00f4nica<\/p>\n<p>RONAN LUIZ DO NASCIMENTO DE OLIVEIRA &#8211; Secret\u00e1rio Executivo<\/p>\n<p>SEBASTI\u00c3O BATISTA SANTOS FILHO &#8211; T\u00e9cnico em Eletrot\u00e9cnica<\/p>\n","protected":false},"excerpt":{"rendered":"<p>A Divis\u00e3o de Manuten\u00e7\u00e3o (DIMANUT), vinculada \u00e0 PREFEITURA, \u00e9 a unidade respons\u00e1vel pela organiza\u00e7\u00e3o, planejamento e fiscaliza\u00e7\u00e3o da execu\u00e7\u00e3o dos servi\u00e7os de manuten\u00e7\u00e3o preventiva e corretiva da Unifap. EQUIPE ANDERSON ALMEIDA DA SILVA &#8211; Auxiliar em Administra\u00e7\u00e3o HELDER AUGUSTO GOMES&hellip; <\/p>\n<p><a href=\"https:\/\/www2.unifap.br\/prefeitura\/manutencao\/\" class=\"readmore-button\">Continue Reading<\/a><\/p>\n","protected":false},"author":22,"featured_media":0,"parent":0,"menu_order":0,"comment_status":"open","ping_status":"open","template":"","meta":{"inline_featured_image":false,"ngg_post_thumbnail":0,"footnotes":""},"class_list":["post-50","page","type-page","status-publish","hentry"],"_links":{"self":[{"href":"https:\/\/www2.unifap.br\/prefeitura\/wp-json\/wp\/v2\/pages\/50","targetHints":{"allow":["GET"]}}],"collection":[{"href":"https:\/\/www2.unifap.br\/prefeitura\/wp-json\/wp\/v2\/pages"}],"about":[{"href":"https:\/\/www2.unifap.br\/prefeitura\/wp-json\/wp\/v2\/types\/page"}],"author":[{"embeddable":true,"href":"https:\/\/www2.unifap.br\/prefeitura\/wp-json\/wp\/v2\/users\/22"}],"replies":[{"embeddable":true,"href":"https:\/\/www2.unifap.br\/prefeitura\/wp-json\/wp\/v2\/comments?post=50"}],"version-history":[{"count":11,"href":"https:\/\/www2.unifap.br\/prefeitura\/wp-json\/wp\/v2\/pages\/50\/revisions"}],"predecessor-version":[{"id":4866,"href":"https:\/\/www2.unifap.br\/prefeitura\/wp-json\/wp\/v2\/pages\/50\/revisions\/4866"}],"wp:attachment":[{"href":"https:\/\/www2.unifap.br\/prefeitura\/wp-json\/wp\/v2\/media?parent=50"}],"curies":[{"name":"wp","href":"https:\/\/api.w.org\/{rel}","templated":true}]}}