{"id":72,"date":"2010-09-22T15:46:35","date_gmt":"2010-09-22T17:46:35","guid":{"rendered":"http:\/\/pororoca.unifap.br\/prefeitura\/?page_id=72"},"modified":"2015-09-23T14:10:21","modified_gmt":"2015-09-23T14:10:21","slug":"meio-fisico","status":"publish","type":"page","link":"https:\/\/www2.unifap.br\/prefeitura\/meio-fisico\/","title":{"rendered":"Meio F\u00edsico"},"content":{"rendered":"<p>Fa\u00e7a o download da planta do Campus Universit\u00e1rio Marco Zero do Equador clicando <strong>aqui<\/strong>.<\/p>\n<p>Veja nossa lista de obras clicando<strong>\u00a0<a style=\"line-height: 1.5em\" href=\"http:\/\/www2.unifap.br\/prefeitura\/files\/2010\/09\/Obras-da-UNIFAP-atualizado-SITE.pdf\">aqui<\/a>.<\/strong><\/p>\n<p>Fa\u00e7a o download da planta do Campus Universit\u00e1rio Marco Zero do Equador, incluindo as futuras obras. Clicando aqui.<a href=\"http:\/\/www2.unifap.br\/prefeitura\/files\/2010\/09\/Obras-da-UNIFAP-atualizado-SITE.pdf\"><br \/>\n<\/a><\/p>\n","protected":false},"excerpt":{"rendered":"<p>Fa\u00e7a o download da planta do Campus Universit\u00e1rio Marco Zero do Equador clicando aqui. Veja nossa lista de obras clicando\u00a0aqui. Fa\u00e7a o download da planta do Campus Universit\u00e1rio Marco Zero do Equador, incluindo as futuras obras. Clicando aqui.<\/p>\n","protected":false},"author":22,"featured_media":0,"parent":0,"menu_order":0,"comment_status":"open","ping_status":"open","template":"","meta":{"inline_featured_image":false,"ngg_post_thumbnail":0,"footnotes":""},"class_list":["post-72","page","type-page","status-publish","hentry"],"_links":{"self":[{"href":"https:\/\/www2.unifap.br\/prefeitura\/wp-json\/wp\/v2\/pages\/72","targetHints":{"allow":["GET"]}}],"collection":[{"href":"https:\/\/www2.unifap.br\/prefeitura\/wp-json\/wp\/v2\/pages"}],"about":[{"href":"https:\/\/www2.unifap.br\/prefeitura\/wp-json\/wp\/v2\/types\/page"}],"author":[{"embeddable":true,"href":"https:\/\/www2.unifap.br\/prefeitura\/wp-json\/wp\/v2\/users\/22"}],"replies":[{"embeddable":true,"href":"https:\/\/www2.unifap.br\/prefeitura\/wp-json\/wp\/v2\/comments?post=72"}],"version-history":[{"count":8,"href":"https:\/\/www2.unifap.br\/prefeitura\/wp-json\/wp\/v2\/pages\/72\/revisions"}],"predecessor-version":[{"id":4706,"href":"https:\/\/www2.unifap.br\/prefeitura\/wp-json\/wp\/v2\/pages\/72\/revisions\/4706"}],"wp:attachment":[{"href":"https:\/\/www2.unifap.br\/prefeitura\/wp-json\/wp\/v2\/media?parent=72"}],"curies":[{"name":"wp","href":"https:\/\/api.w.org\/{rel}","templated":true}]}}