{"id":80,"date":"2010-09-22T15:54:00","date_gmt":"2010-09-22T17:54:00","guid":{"rendered":"http:\/\/pororoca.unifap.br\/prefeitura\/servicos-gerais\/"},"modified":"2015-09-29T14:09:40","modified_gmt":"2015-09-29T14:09:40","slug":"servicos-gerais","status":"publish","type":"page","link":"https:\/\/www2.unifap.br\/prefeitura\/servicos-gerais\/","title":{"rendered":"Servi\u00e7os Gerais"},"content":{"rendered":"<p>Os servi\u00e7os de limpeza, capina e mudan\u00e7a dever\u00e3o ser solicitados atrav\u00e9s de memorando ou contato telef\u00f4nico ao setor de Servi\u00e7os Gerais do Campus localizado no Pr\u00e9dio da Prefeitura.<\/p>\n<p>Empresas terceirizadas:<\/p>\n<ul>\n<li><strong>VIGIL\u00c2NCIA<\/strong><\/li>\n<\/ul>\n<p>&#8211; Campus Marco Zero: Queiroz e Maciel<\/p>\n<p>64 vigilantes<\/p>\n<p>Escala: 12\/36<\/p>\n<p>Servi\u00e7o: 24 horas<\/p>\n<p>&#8211; Campus Santana: Servi-San<\/p>\n<p>1 vigilante<\/p>\n<p>Escala: 12\/36<\/p>\n<p>Servi\u00e7o: 24 horas<\/p>\n<ul>\n<li><strong>LIMPEZA INTERNA<\/strong><\/li>\n<\/ul>\n<p>&#8211; Campus Marco Zero: Servi\u00e7os.com<\/p>\n<p>&#8211; Campus Oiapoque:\u00a0Gold Servi\u00e7os Ltda.<\/p>\n<ul>\n<li><strong>MANUTEN\u00c7\u00c3O (Todos os campus)<\/strong><\/li>\n<\/ul>\n<p>Refrigera\u00e7\u00e3o: Eletrofrios Ltda.<\/p>\n<p>Manuten\u00e7\u00e3o Predial:\u00a0Ribeiro &amp; Flor\u00eancio Servi\u00e7os Ltda.<\/p>\n<p>El\u00e9trica: Sem contrato<\/p>\n<p>&nbsp;<\/p>\n<p>&nbsp;<\/p>\n<p>Cronograma de Limpeza do Campus Marco Zero do Equador.<\/p>\n<p><a href=\"http:\/\/www2.unifap.br\/prefeitura\/files\/2010\/09\/CAMPUS-MARCO-ZERO-DO-EQUADOR-1.jpg\"><img fetchpriority=\"high\" decoding=\"async\" class=\"aligncenter size-large wp-image-273\" alt=\"\" src=\"http:\/\/www2.unifap.br\/prefeitura\/files\/2010\/09\/CAMPUS-MARCO-ZERO-DO-EQUADOR-1-1024x724.jpg\" width=\"1024\" height=\"724\" srcset=\"https:\/\/www2.unifap.br\/prefeitura\/files\/2010\/09\/CAMPUS-MARCO-ZERO-DO-EQUADOR-1-1024x724.jpg 1024w, https:\/\/www2.unifap.br\/prefeitura\/files\/2010\/09\/CAMPUS-MARCO-ZERO-DO-EQUADOR-1-300x212.jpg 300w, https:\/\/www2.unifap.br\/prefeitura\/files\/2010\/09\/CAMPUS-MARCO-ZERO-DO-EQUADOR-1-254x180.jpg 254w\" sizes=\"(max-width: 1024px) 100vw, 1024px\" \/><\/a><\/p>\n<p>Primeiro semestre: Limpeza feita quinzenalmente devido as chuvas.<\/p>\n<p>Segundo semestre: Limpeza feita conforme for necess\u00e1rio.<\/p>\n<p>\u00c1rea 1 &#8211; Equipe II<\/p>\n<p>\u00c1rea 2 &#8211; Equipe II<\/p>\n<p>\u00c1rea 3 &#8211; Equipe II<\/p>\n<p>\u00c1rea 4 &#8211; Equipe I<\/p>\n<p>\u00c1rea 5 &#8211; Equipe I<\/p>\n<p>\u00c1rea 6 &#8211; Equipe I<\/p>\n<p>Obs. Equipe I = 3 ro\u00e7adores<\/p>\n<p style=\"padding-left: 30px\">Equipe II = 2 ro\u00e7adores<\/p>\n","protected":false},"excerpt":{"rendered":"<p>Os servi\u00e7os de limpeza, capina e mudan\u00e7a dever\u00e3o ser solicitados atrav\u00e9s de memorando ou contato telef\u00f4nico ao setor de Servi\u00e7os Gerais do Campus localizado no Pr\u00e9dio da Prefeitura. Empresas terceirizadas: VIGIL\u00c2NCIA &#8211; Campus Marco Zero: Queiroz e Maciel 64 vigilantes&hellip; <\/p>\n<p><a href=\"https:\/\/www2.unifap.br\/prefeitura\/servicos-gerais\/\" class=\"readmore-button\">Continue Reading<\/a><\/p>\n","protected":false},"author":22,"featured_media":0,"parent":0,"menu_order":0,"comment_status":"open","ping_status":"open","template":"","meta":{"inline_featured_image":false,"ngg_post_thumbnail":0,"footnotes":""},"class_list":["post-80","page","type-page","status-publish","hentry"],"_links":{"self":[{"href":"https:\/\/www2.unifap.br\/prefeitura\/wp-json\/wp\/v2\/pages\/80","targetHints":{"allow":["GET"]}}],"collection":[{"href":"https:\/\/www2.unifap.br\/prefeitura\/wp-json\/wp\/v2\/pages"}],"about":[{"href":"https:\/\/www2.unifap.br\/prefeitura\/wp-json\/wp\/v2\/types\/page"}],"author":[{"embeddable":true,"href":"https:\/\/www2.unifap.br\/prefeitura\/wp-json\/wp\/v2\/users\/22"}],"replies":[{"embeddable":true,"href":"https:\/\/www2.unifap.br\/prefeitura\/wp-json\/wp\/v2\/comments?post=80"}],"version-history":[{"count":25,"href":"https:\/\/www2.unifap.br\/prefeitura\/wp-json\/wp\/v2\/pages\/80\/revisions"}],"predecessor-version":[{"id":4641,"href":"https:\/\/www2.unifap.br\/prefeitura\/wp-json\/wp\/v2\/pages\/80\/revisions\/4641"}],"wp:attachment":[{"href":"https:\/\/www2.unifap.br\/prefeitura\/wp-json\/wp\/v2\/media?parent=80"}],"curies":[{"name":"wp","href":"https:\/\/api.w.org\/{rel}","templated":true}]}}