{"id":81,"date":"2010-09-22T17:53:54","date_gmt":"2010-09-22T19:53:54","guid":{"rendered":"http:\/\/pororoca.unifap.br\/prefeitura\/?page_id=81"},"modified":"2024-11-27T14:38:59","modified_gmt":"2024-11-27T14:38:59","slug":"equipe-3","status":"publish","type":"page","link":"https:\/\/www2.unifap.br\/prefeitura\/equipe-3\/","title":{"rendered":"Equipe"},"content":{"rendered":"<p><b>&nbsp;Cairo Cardoso Madureira<\/b><\/p>\n<p>Arquiteto e Urbanista<\/p>\n<p>Cargo: Prefeito<\/p>\n<p>E-mail: cairo.madureira@unifap.br&nbsp;<\/p>\n<p>&nbsp;<\/p>\n<p><b>Raimundo Braz\u00e3o do Ros\u00e1rio<\/b><\/p>\n<p>Arquiteto e Urbanista<\/p>\n<p>Cargo: Assessor substituto da AEEA<\/p>\n<p>E-mail: rbraz\u00e3o@unifap.br<\/p>\n<p>&nbsp;<\/p>\n<p><b>Alex Tavares Pedro <\/b><\/p>\n<p>Assistente em Administra\u00e7\u00e3o<\/p>\n<p>Cargo: Secret\u00e1rio do Gabinete da Prefeitura<\/p>\n<p>E-mail: alextavares@unifap.br<\/p>\n<p>&nbsp;<\/p>\n<p><b>Helder Augusto Gomes <\/b><\/p>\n<p>Arquiteto e Urbanista<\/p>\n<p>Cargo: Chefe da Divis\u00e3o de Meio F\u00edsico<\/p>\n<p>E-mail: heldersares@unifap.br<\/p>\n<p>&nbsp;<\/p>\n<p><b>Jo\u00e3o Ricardo Brito<\/b><\/p>\n<p>Engenheiro Eletricista<\/p>\n<p>Cargo: Chefe da Divis\u00e3o de Manuten\u00e7\u00e3o<\/p>\n<p>E-mail: joaopinheiro@unifap.br<\/p>\n<p>&nbsp;<\/p>\n<p><b>Andrey Thiago Souza <\/b><\/p>\n<p>T\u00e9cnico em Edifica\u00e7\u00f5es<\/p>\n<p>Lota\u00e7\u00e3o: Divis\u00e3o de Projetos<\/p>\n<p>E-mail: andreythiago@unifap.br<\/p>\n<p>&nbsp;<\/p>\n<p><b>F\u00e1bio da Costa Rodrigues<\/b><\/p>\n<p>T\u00e9cnico em Eletroeletr\u00f4nica<\/p>\n<p>Lota\u00e7\u00e3o: Divis\u00e3o de Manuten\u00e7\u00e3o<\/p>\n<p>E-mail: fabiorodrigues@unifap.br<\/p>\n<p>&nbsp;<\/p>\n<p><b>Jo\u00e3o Jorge Teixeira <\/b><\/p>\n<p>T\u00e9cnico em Eletroeletr\u00f4nica<\/p>\n<p>Lota\u00e7\u00e3o: Divis\u00e3o de Manuten\u00e7\u00e3o<\/p>\n<p>E-mail: jjorge@unifap.br<\/p>\n<p>&nbsp;<\/p>\n<p><b>Sebasti\u00e3o Batista dos Santos<\/b><\/p>\n<p>T\u00e9cnico em Eletrot\u00e9cnica<\/p>\n<p>Lota\u00e7\u00e3o: Divis\u00e3o de Manuten\u00e7\u00e3o<\/p>\n<p>E-mail: sebastiaowk@unifap.br<\/p>\n<p>&nbsp;<\/p>\n<p><b>Jader Loiola Pereira<\/b><\/p>\n<p>Engenheiro Civil<\/p>\n<p>Cargo: Chefe da Divis\u00e3o de Projetos<\/p>\n<p>E-mail: jader.pereira@unifap.br<\/p>\n<p>&nbsp;<\/p>\n<p><b>Alex M\u00e1rcio Cabral <\/b><\/p>\n<p>Engenheiro Civil<\/p>\n<p>Lota\u00e7\u00e3o &#8211; Divis\u00e3o de Projetos<\/p>\n<p>E-mail: <a href=\"mailto:alex.rosario@unifap.br\">alex.rosario@unifap.br<\/a><\/p>\n<p>&nbsp;<\/p>\n<p><strong>Amanda Leticia Batista da Silva<\/strong><\/p>\n<p>Engenheira Civil<\/p>\n<p>Lota\u00e7\u00e3o: Divis\u00e3o de Projetos<\/p>\n<p>E-mail: amanda.batista@unifap.br<\/p>\n<p>&nbsp;<\/p>\n<p><b>Cledinei Santana Amanaj\u00e1s<\/b><\/p>\n<p>Engenheiro Civil<\/p>\n<p>Lota\u00e7\u00e3o &#8211; Divis\u00e3o de Projetos<\/p>\n<p>E-mail: cledinei@unifap.br<\/p>\n<p>&nbsp;<\/p>\n<p><strong>Cristiane Lameira Vasconcellos<\/strong><\/p>\n<p>Engenheira Civil<\/p>\n<p>Lota\u00e7\u00e3o: Divis\u00e3o de Projetos<\/p>\n<p>E-mail: amanda.batista@unifap.br<\/p>\n<p>&nbsp;<\/p>\n<p><b>Daniel da Silva Souza <\/b><\/p>\n<p>Assistente em Administra\u00e7\u00e3o<\/p>\n<p>Lota\u00e7\u00e3o: Divis\u00e3o de Projetos<\/p>\n<p>E-mail: danielsouza@unifap.br<\/p>\n<p>&nbsp;<\/p>\n<p><b>Hailla Freitas Teixeira<\/b><\/p>\n<p>Assistente em Administra\u00e7\u00e3o<\/p>\n<p>Lota\u00e7\u00e3o: Divis\u00e3o de Projetos<\/p>\n<p>E-mail: hailla@unifap.br<\/p>\n<p>&nbsp;<\/p>\n<p><b>Renan Medeiros Santos <\/b><\/p>\n<p>Engenheiro Sanitarista<\/p>\n<p>Lota\u00e7\u00e3o: Divis\u00e3o de Projetos<\/p>\n<p>E-mail: renan@unifap.br<\/p>\n","protected":false},"excerpt":{"rendered":"<p>&nbsp;Cairo Cardoso Madureira Arquiteto e Urbanista Cargo: Prefeito E-mail: cairo.madureira@unifap.br&nbsp; &nbsp; Raimundo Braz\u00e3o do Ros\u00e1rio Arquiteto e Urbanista Cargo: Assessor substituto da AEEA E-mail: rbraz\u00e3o@unifap.br &nbsp; Alex Tavares Pedro Assistente em Administra\u00e7\u00e3o Cargo: Secret\u00e1rio do Gabinete da Prefeitura E-mail: alextavares@unifap.br&hellip; <\/p>\n<p><a href=\"https:\/\/www2.unifap.br\/prefeitura\/equipe-3\/\" class=\"readmore-button\">Continue Reading<\/a><\/p>\n","protected":false},"author":22,"featured_media":0,"parent":0,"menu_order":0,"comment_status":"open","ping_status":"open","template":"","meta":{"inline_featured_image":false,"ngg_post_thumbnail":0,"footnotes":""},"class_list":["post-81","page","type-page","status-publish","hentry"],"_links":{"self":[{"href":"https:\/\/www2.unifap.br\/prefeitura\/wp-json\/wp\/v2\/pages\/81","targetHints":{"allow":["GET"]}}],"collection":[{"href":"https:\/\/www2.unifap.br\/prefeitura\/wp-json\/wp\/v2\/pages"}],"about":[{"href":"https:\/\/www2.unifap.br\/prefeitura\/wp-json\/wp\/v2\/types\/page"}],"author":[{"embeddable":true,"href":"https:\/\/www2.unifap.br\/prefeitura\/wp-json\/wp\/v2\/users\/22"}],"replies":[{"embeddable":true,"href":"https:\/\/www2.unifap.br\/prefeitura\/wp-json\/wp\/v2\/comments?post=81"}],"version-history":[{"count":11,"href":"https:\/\/www2.unifap.br\/prefeitura\/wp-json\/wp\/v2\/pages\/81\/revisions"}],"predecessor-version":[{"id":4611,"href":"https:\/\/www2.unifap.br\/prefeitura\/wp-json\/wp\/v2\/pages\/81\/revisions\/4611"}],"wp:attachment":[{"href":"https:\/\/www2.unifap.br\/prefeitura\/wp-json\/wp\/v2\/media?parent=81"}],"curies":[{"name":"wp","href":"https:\/\/api.w.org\/{rel}","templated":true}]}}