{"id":84,"date":"2010-09-23T16:41:32","date_gmt":"2010-09-23T18:41:32","guid":{"rendered":"http:\/\/pororoca.unifap.br\/prefeitura\/?page_id=84"},"modified":"2015-10-07T14:19:36","modified_gmt":"2015-10-07T14:19:36","slug":"atividade-de-fiscal","status":"publish","type":"page","link":"https:\/\/www2.unifap.br\/prefeitura\/atividade-de-fiscal\/","title":{"rendered":"Atividade de fiscal"},"content":{"rendered":"<p>Em observ\u00e2ncia \u00e0 Instru\u00e7\u00e3o Normativa do MPOG n\u00b002 de 30 de abril de 2008, e conforme\u00a0regimento interno da PCU, o fiscal de contrato deve:<\/p>\n<p>&#8211; Participar do contrato desde a elabora\u00e7\u00e3o do edital licitat\u00f3rio;<\/p>\n<p>&#8211; Solicitar a chefia imediata, sempre por escrito, eventual necessidade de apoio t\u00e9cnico em \u00e1rea diversa da sua &#8211; por exemplo: fiscaliza\u00e7\u00e3o previdenci\u00e1ria e trabalhista;<\/p>\n<p>&#8211; Estudar o contrato cuidadosamente;<\/p>\n<p>&#8211; Ter cadastro ativo no SIASG e no SIMEC;<\/p>\n<p>&#8211; Visitar diariamente o canteiro de obra ou acompanhar a presta\u00e7\u00e3o de servi\u00e7os continuados, conforme o caso, tomando conhecimento dos funcion\u00e1rios;<\/p>\n<p>&#8211; Aplicar as cl\u00e1usulas contratuais mantendo sempre\u00a0a Administra\u00e7\u00e3o e a Contratada informadas;<\/p>\n<p>&#8211; Anotar, no Caderno de Fiscaliza\u00e7\u00e3o, todas as etapas do servi\u00e7o, ocorr\u00eancias e dados gerais sobre o contrato;<\/p>\n","protected":false},"excerpt":{"rendered":"<p>Em observ\u00e2ncia \u00e0 Instru\u00e7\u00e3o Normativa do MPOG n\u00b002 de 30 de abril de 2008, e conforme\u00a0regimento interno da PCU, o fiscal de contrato deve: &#8211; Participar do contrato desde a elabora\u00e7\u00e3o do edital licitat\u00f3rio; &#8211; Solicitar a chefia imediata, sempre&hellip; <\/p>\n<p><a href=\"https:\/\/www2.unifap.br\/prefeitura\/atividade-de-fiscal\/\" class=\"readmore-button\">Continue Reading<\/a><\/p>\n","protected":false},"author":22,"featured_media":0,"parent":0,"menu_order":0,"comment_status":"open","ping_status":"open","template":"","meta":{"inline_featured_image":false,"ngg_post_thumbnail":0,"footnotes":""},"class_list":["post-84","page","type-page","status-publish","hentry"],"_links":{"self":[{"href":"https:\/\/www2.unifap.br\/prefeitura\/wp-json\/wp\/v2\/pages\/84","targetHints":{"allow":["GET"]}}],"collection":[{"href":"https:\/\/www2.unifap.br\/prefeitura\/wp-json\/wp\/v2\/pages"}],"about":[{"href":"https:\/\/www2.unifap.br\/prefeitura\/wp-json\/wp\/v2\/types\/page"}],"author":[{"embeddable":true,"href":"https:\/\/www2.unifap.br\/prefeitura\/wp-json\/wp\/v2\/users\/22"}],"replies":[{"embeddable":true,"href":"https:\/\/www2.unifap.br\/prefeitura\/wp-json\/wp\/v2\/comments?post=84"}],"version-history":[{"count":4,"href":"https:\/\/www2.unifap.br\/prefeitura\/wp-json\/wp\/v2\/pages\/84\/revisions"}],"predecessor-version":[{"id":4669,"href":"https:\/\/www2.unifap.br\/prefeitura\/wp-json\/wp\/v2\/pages\/84\/revisions\/4669"}],"wp:attachment":[{"href":"https:\/\/www2.unifap.br\/prefeitura\/wp-json\/wp\/v2\/media?parent=84"}],"curies":[{"name":"wp","href":"https:\/\/api.w.org\/{rel}","templated":true}]}}