{"id":17,"date":"2021-08-02T19:51:29","date_gmt":"2021-08-02T22:51:29","guid":{"rendered":"http:\/\/www2.unifap.br\/prmsc\/?page_id=17"},"modified":"2021-08-02T20:20:31","modified_gmt":"2021-08-02T23:20:31","slug":"apresentacao","status":"publish","type":"page","link":"https:\/\/www2.unifap.br\/prmsc\/apresentacao\/","title":{"rendered":"Apresenta\u00e7\u00e3o"},"content":{"rendered":"<p>O Programa de Resid\u00eancia Multiprofissional em Sa\u00fade Coletiva da Universidade Federal do Amap\u00e1 (PRMSC\/ Unifap) constitui-se em ensino de p\u00f3s-gradua\u00e7\u00e3o <em>lato sensu<\/em>, destinado a profissional da \u00e1rea de sa\u00fade, sob a forma de Curso de Especializa\u00e7\u00e3o, no modelo de ensino em servi\u00e7o, destinada a diferentes profiss\u00f5es da \u00e1rea de sa\u00fade sendo orientado pelos princ\u00edpios e diretrizes do SUS, a partir das necessidades e realidades locais e regionais.<\/p>\n<p>&nbsp;O programa tem dura\u00e7\u00e3o de dois anos, com carga hor\u00e1ria total de 5.760 horas, sendo que 1152 horas (20%) ser\u00e3o destinadas \u00e0s atividades te\u00f3ricas e 4608 horas (80%) \u00e0s atividades pr\u00e1ticas (est\u00e1gio).<\/p>\n<p>Com a carga hor\u00e1ria semanal de sessenta (60) horas distribu\u00eddas entre atividades te\u00f3ricas e pr\u00e1ticas, incluindo plant\u00f5es nos finais de semana e em feriados, quando necess\u00e1rio.<\/p>\n","protected":false},"excerpt":{"rendered":"<p>O Programa de Resid\u00eancia Multiprofissional em Sa\u00fade Coletiva da Universidade Federal do Amap\u00e1 (PRMSC\/ Unifap) constitui-se em ensino de p\u00f3s-gradua\u00e7\u00e3o&#8230;<\/p>\n","protected":false},"author":3921,"featured_media":0,"parent":0,"menu_order":0,"comment_status":"closed","ping_status":"closed","template":"","meta":{"inline_featured_image":false,"site-sidebar-layout":"default","site-content-layout":"","ast-site-content-layout":"default","site-content-style":"default","site-sidebar-style":"default","ast-global-header-display":"","ast-banner-title-visibility":"","ast-main-header-display":"","ast-hfb-above-header-display":"","ast-hfb-below-header-display":"","ast-hfb-mobile-header-display":"","site-post-title":"","ast-breadcrumbs-content":"","ast-featured-img":"","footer-sml-layout":"","theme-transparent-header-meta":"","adv-header-id-meta":"","stick-header-meta":"","header-above-stick-meta":"","header-main-stick-meta":"","header-below-stick-meta":"","astra-migrate-meta-layouts":"default","ast-page-background-enabled":"default","ast-page-background-meta":{"desktop":{"background-color":"var(--ast-global-color-4)","background-image":"","background-repeat":"repeat","background-position":"center center","background-size":"auto","background-attachment":"scroll","background-type":"","background-media":"","overlay-type":"","overlay-color":"","overlay-opacity":"","overlay-gradient":""},"tablet":{"background-color":"","background-image":"","background-repeat":"repeat","background-position":"center center","background-size":"auto","background-attachment":"scroll","background-type":"","background-media":"","overlay-type":"","overlay-color":"","overlay-opacity":"","overlay-gradient":""},"mobile":{"background-color":"","background-image":"","background-repeat":"repeat","background-position":"center center","background-size":"auto","background-attachment":"scroll","background-type":"","background-media":"","overlay-type":"","overlay-color":"","overlay-opacity":"","overlay-gradient":""}},"ast-content-background-meta":{"desktop":{"background-color":"var(--ast-global-color-5)","background-image":"","background-repeat":"repeat","background-position":"center center","background-size":"auto","background-attachment":"scroll","background-type":"","background-media":"","overlay-type":"","overlay-color":"","overlay-opacity":"","overlay-gradient":""},"tablet":{"background-color":"var(--ast-global-color-5)","background-image":"","background-repeat":"repeat","background-position":"center center","background-size":"auto","background-attachment":"scroll","background-type":"","background-media":"","overlay-type":"","overlay-color":"","overlay-opacity":"","overlay-gradient":""},"mobile":{"background-color":"var(--ast-global-color-5)","background-image":"","background-repeat":"repeat","background-position":"center center","background-size":"auto","background-attachment":"scroll","background-type":"","background-media":"","overlay-type":"","overlay-color":"","overlay-opacity":"","overlay-gradient":""}},"ngg_post_thumbnail":0,"footnotes":""},"class_list":["post-17","page","type-page","status-publish","hentry"],"_links":{"self":[{"href":"https:\/\/www2.unifap.br\/prmsc\/wp-json\/wp\/v2\/pages\/17","targetHints":{"allow":["GET"]}}],"collection":[{"href":"https:\/\/www2.unifap.br\/prmsc\/wp-json\/wp\/v2\/pages"}],"about":[{"href":"https:\/\/www2.unifap.br\/prmsc\/wp-json\/wp\/v2\/types\/page"}],"author":[{"embeddable":true,"href":"https:\/\/www2.unifap.br\/prmsc\/wp-json\/wp\/v2\/users\/3921"}],"replies":[{"embeddable":true,"href":"https:\/\/www2.unifap.br\/prmsc\/wp-json\/wp\/v2\/comments?post=17"}],"version-history":[{"count":2,"href":"https:\/\/www2.unifap.br\/prmsc\/wp-json\/wp\/v2\/pages\/17\/revisions"}],"predecessor-version":[{"id":27,"href":"https:\/\/www2.unifap.br\/prmsc\/wp-json\/wp\/v2\/pages\/17\/revisions\/27"}],"wp:attachment":[{"href":"https:\/\/www2.unifap.br\/prmsc\/wp-json\/wp\/v2\/media?parent=17"}],"curies":[{"name":"wp","href":"https:\/\/api.w.org\/{rel}","templated":true}]}}