{"id":20,"date":"2021-08-02T20:13:53","date_gmt":"2021-08-02T23:13:53","guid":{"rendered":"http:\/\/www2.unifap.br\/prmsc\/?page_id=20"},"modified":"2021-08-02T20:13:53","modified_gmt":"2021-08-02T23:13:53","slug":"area-de-concentracao","status":"publish","type":"page","link":"https:\/\/www2.unifap.br\/prmsc\/apresentacao\/area-de-concentracao\/","title":{"rendered":"\u00c1rea de concentra\u00e7\u00e3o"},"content":{"rendered":"<p>O Programa de Resid\u00eancia Multiprofissional em Sa\u00fade Coletiva&nbsp; da Universidade Federal do Amap\u00e1 (PRMSC\/Unifap) atualmente possui tr\u00eas \u00e1reas de concentra\u00e7\u00e3o:<\/p>\n<p><strong>Aten\u00e7\u00e3o \u00e0 Sa\u00fade da Crian\u00e7a e do Adolescente <\/strong>que&nbsp;engloba as profiss\u00f5es de bi\u00f3logo, profissional de educa\u00e7\u00e3o f\u00edsica e enfermeiro.<\/p>\n<p><strong>Aten\u00e7\u00e3o \u00e0 Sa\u00fade do Adulto e do Idoso <\/strong>que engloba as profiss\u00f5es de bi\u00f3logo, profissional de educa\u00e7\u00e3o f\u00edsica, enfermeiro e psic\u00f3logo.<\/p>\n<p><strong>Aten\u00e7\u00e3o \u00e0 Sa\u00fade Mental <\/strong>que engloba as profiss\u00f5es de educa\u00e7\u00e3o f\u00edsica, enfermeiro e psic\u00f3logo.<\/p>\n","protected":false},"excerpt":{"rendered":"<p>O Programa de Resid\u00eancia Multiprofissional em Sa\u00fade Coletiva&nbsp; da Universidade Federal do Amap\u00e1 (PRMSC\/Unifap) atualmente possui tr\u00eas \u00e1reas de concentra\u00e7\u00e3o:&#8230;<\/p>\n","protected":false},"author":3921,"featured_media":0,"parent":17,"menu_order":1,"comment_status":"closed","ping_status":"closed","template":"","meta":{"inline_featured_image":false,"site-sidebar-layout":"default","site-content-layout":"","ast-site-content-layout":"default","site-content-style":"default","site-sidebar-style":"default","ast-global-header-display":"","ast-banner-title-visibility":"","ast-main-header-display":"","ast-hfb-above-header-display":"","ast-hfb-below-header-display":"","ast-hfb-mobile-header-display":"","site-post-title":"","ast-breadcrumbs-content":"","ast-featured-img":"","footer-sml-layout":"","theme-transparent-header-meta":"","adv-header-id-meta":"","stick-header-meta":"","header-above-stick-meta":"","header-main-stick-meta":"","header-below-stick-meta":"","astra-migrate-meta-layouts":"default","ast-page-background-enabled":"default","ast-page-background-meta":{"desktop":{"background-color":"var(--ast-global-color-4)","background-image":"","background-repeat":"repeat","background-position":"center center","background-size":"auto","background-attachment":"scroll","background-type":"","background-media":"","overlay-type":"","overlay-color":"","overlay-opacity":"","overlay-gradient":""},"tablet":{"background-color":"","background-image":"","background-repeat":"repeat","background-position":"center center","background-size":"auto","background-attachment":"scroll","background-type":"","background-media":"","overlay-type":"","overlay-color":"","overlay-opacity":"","overlay-gradient":""},"mobile":{"background-color":"","background-image":"","background-repeat":"repeat","background-position":"center center","background-size":"auto","background-attachment":"scroll","background-type":"","background-media":"","overlay-type":"","overlay-color":"","overlay-opacity":"","overlay-gradient":""}},"ast-content-background-meta":{"desktop":{"background-color":"var(--ast-global-color-5)","background-image":"","background-repeat":"repeat","background-position":"center center","background-size":"auto","background-attachment":"scroll","background-type":"","background-media":"","overlay-type":"","overlay-color":"","overlay-opacity":"","overlay-gradient":""},"tablet":{"background-color":"var(--ast-global-color-5)","background-image":"","background-repeat":"repeat","background-position":"center center","background-size":"auto","background-attachment":"scroll","background-type":"","background-media":"","overlay-type":"","overlay-color":"","overlay-opacity":"","overlay-gradient":""},"mobile":{"background-color":"var(--ast-global-color-5)","background-image":"","background-repeat":"repeat","background-position":"center center","background-size":"auto","background-attachment":"scroll","background-type":"","background-media":"","overlay-type":"","overlay-color":"","overlay-opacity":"","overlay-gradient":""}},"ngg_post_thumbnail":0,"footnotes":""},"class_list":["post-20","page","type-page","status-publish","hentry"],"_links":{"self":[{"href":"https:\/\/www2.unifap.br\/prmsc\/wp-json\/wp\/v2\/pages\/20","targetHints":{"allow":["GET"]}}],"collection":[{"href":"https:\/\/www2.unifap.br\/prmsc\/wp-json\/wp\/v2\/pages"}],"about":[{"href":"https:\/\/www2.unifap.br\/prmsc\/wp-json\/wp\/v2\/types\/page"}],"author":[{"embeddable":true,"href":"https:\/\/www2.unifap.br\/prmsc\/wp-json\/wp\/v2\/users\/3921"}],"replies":[{"embeddable":true,"href":"https:\/\/www2.unifap.br\/prmsc\/wp-json\/wp\/v2\/comments?post=20"}],"version-history":[{"count":1,"href":"https:\/\/www2.unifap.br\/prmsc\/wp-json\/wp\/v2\/pages\/20\/revisions"}],"predecessor-version":[{"id":24,"href":"https:\/\/www2.unifap.br\/prmsc\/wp-json\/wp\/v2\/pages\/20\/revisions\/24"}],"up":[{"embeddable":true,"href":"https:\/\/www2.unifap.br\/prmsc\/wp-json\/wp\/v2\/pages\/17"}],"wp:attachment":[{"href":"https:\/\/www2.unifap.br\/prmsc\/wp-json\/wp\/v2\/media?parent=20"}],"curies":[{"name":"wp","href":"https:\/\/api.w.org\/{rel}","templated":true}]}}