{"id":54,"date":"2021-11-18T16:56:17","date_gmt":"2021-11-18T18:56:17","guid":{"rendered":"http:\/\/www2.unifap.br\/prmsc\/?page_id=54"},"modified":"2021-11-29T17:09:08","modified_gmt":"2021-11-29T19:09:08","slug":"processo-seletivo-2021","status":"publish","type":"page","link":"https:\/\/www2.unifap.br\/prmsc\/processo-seletivo\/processo-seletivo-2021\/","title":{"rendered":"Processo Seletivo 2021"},"content":{"rendered":"<p align=\"Justify\"><span style=\"font-family: Verdana;font-size: small\">A Coordena\u00e7\u00e3o da Comiss\u00e3o de Resid\u00eancia Multiprofissional em Sa\u00fade Coletiva\u2013COREMU\/UNIFAP (Rodovia Juscelino Kubistchek, 02 Bairro Marco Zero, CEP 68903-419), torna p\u00fablico o presente Edital de Sele\u00e7\u00e3o de candidatos ao Programa de Resid\u00eancia Multiprofissional em Sa\u00fade Coletiva nas \u00e1reas de concentra\u00e7\u00e3o \u201cSa\u00fade da Crian\u00e7a e do Adolescente; Sa\u00fade do Adulto e do Idoso; Sa\u00fade Mental, Institu\u00eddo Pelo Art. 13 da Lei N\u00ba 11.129\/2005 e regulamentado pela Portaria Interministerial N\u00ba 1.077 de 12 de novembro de 2009, a qual disp\u00f5e sobre a Resid\u00eancia Multiprofissional em Sa\u00fade e institui o Programa Nacional de Bolsas para Resid\u00eancias Multiprofissionais em \u00c1rea Profissional da Sa\u00fade e a Comiss\u00e3o Nacional de Resid\u00eancia Multiprofissional em Sa\u00fade.<\/span><\/p>\n<p><span style=\"font-family: Verdana;font-size: small\"><span style=\"color: #ff0000;font-family: verdana;font-size: small\">Per\u00edodo de Inscri\u00e7\u00e3o:&nbsp;<\/span><span style=\"font-family: verdana;font-size: small\">08\/02\/2021 a 22\/02\/2021<\/span><\/span><\/p>\n<p>O Edital e demais documentos est\u00e3o publicados em&nbsp;<a href=\"http:\/\/www.unifap.br\/editais\/edital-no-01-de-01-de-fevereiro-de-2021-coremu-unifap\/\" target=\"_blank\" rel=\"noopener noreferrer\">http:\/\/www.unifap.br\/editais\/edital-no-01-de-01-de-fevereiro-de-2021-coremu-unifap\/<\/a><\/p>\n","protected":false},"excerpt":{"rendered":"<p>A Coordena\u00e7\u00e3o da Comiss\u00e3o de Resid\u00eancia Multiprofissional em Sa\u00fade Coletiva\u2013COREMU\/UNIFAP (Rodovia Juscelino Kubistchek, 02 Bairro Marco Zero, CEP 68903-419), torna&#8230;<\/p>\n","protected":false},"author":3921,"featured_media":0,"parent":44,"menu_order":3,"comment_status":"closed","ping_status":"closed","template":"","meta":{"inline_featured_image":false,"site-sidebar-layout":"default","site-content-layout":"","ast-site-content-layout":"default","site-content-style":"default","site-sidebar-style":"default","ast-global-header-display":"","ast-banner-title-visibility":"","ast-main-header-display":"","ast-hfb-above-header-display":"","ast-hfb-below-header-display":"","ast-hfb-mobile-header-display":"","site-post-title":"","ast-breadcrumbs-content":"","ast-featured-img":"","footer-sml-layout":"","theme-transparent-header-meta":"","adv-header-id-meta":"","stick-header-meta":"","header-above-stick-meta":"","header-main-stick-meta":"","header-below-stick-meta":"","astra-migrate-meta-layouts":"default","ast-page-background-enabled":"default","ast-page-background-meta":{"desktop":{"background-color":"var(--ast-global-color-4)","background-image":"","background-repeat":"repeat","background-position":"center center","background-size":"auto","background-attachment":"scroll","background-type":"","background-media":"","overlay-type":"","overlay-color":"","overlay-opacity":"","overlay-gradient":""},"tablet":{"background-color":"","background-image":"","background-repeat":"repeat","background-position":"center center","background-size":"auto","background-attachment":"scroll","background-type":"","background-media":"","overlay-type":"","overlay-color":"","overlay-opacity":"","overlay-gradient":""},"mobile":{"background-color":"","background-image":"","background-repeat":"repeat","background-position":"center center","background-size":"auto","background-attachment":"scroll","background-type":"","background-media":"","overlay-type":"","overlay-color":"","overlay-opacity":"","overlay-gradient":""}},"ast-content-background-meta":{"desktop":{"background-color":"var(--ast-global-color-5)","background-image":"","background-repeat":"repeat","background-position":"center center","background-size":"auto","background-attachment":"scroll","background-type":"","background-media":"","overlay-type":"","overlay-color":"","overlay-opacity":"","overlay-gradient":""},"tablet":{"background-color":"var(--ast-global-color-5)","background-image":"","background-repeat":"repeat","background-position":"center center","background-size":"auto","background-attachment":"scroll","background-type":"","background-media":"","overlay-type":"","overlay-color":"","overlay-opacity":"","overlay-gradient":""},"mobile":{"background-color":"var(--ast-global-color-5)","background-image":"","background-repeat":"repeat","background-position":"center center","background-size":"auto","background-attachment":"scroll","background-type":"","background-media":"","overlay-type":"","overlay-color":"","overlay-opacity":"","overlay-gradient":""}},"ngg_post_thumbnail":0,"footnotes":""},"class_list":["post-54","page","type-page","status-publish","hentry"],"_links":{"self":[{"href":"https:\/\/www2.unifap.br\/prmsc\/wp-json\/wp\/v2\/pages\/54","targetHints":{"allow":["GET"]}}],"collection":[{"href":"https:\/\/www2.unifap.br\/prmsc\/wp-json\/wp\/v2\/pages"}],"about":[{"href":"https:\/\/www2.unifap.br\/prmsc\/wp-json\/wp\/v2\/types\/page"}],"author":[{"embeddable":true,"href":"https:\/\/www2.unifap.br\/prmsc\/wp-json\/wp\/v2\/users\/3921"}],"replies":[{"embeddable":true,"href":"https:\/\/www2.unifap.br\/prmsc\/wp-json\/wp\/v2\/comments?post=54"}],"version-history":[{"count":1,"href":"https:\/\/www2.unifap.br\/prmsc\/wp-json\/wp\/v2\/pages\/54\/revisions"}],"predecessor-version":[{"id":55,"href":"https:\/\/www2.unifap.br\/prmsc\/wp-json\/wp\/v2\/pages\/54\/revisions\/55"}],"up":[{"embeddable":true,"href":"https:\/\/www2.unifap.br\/prmsc\/wp-json\/wp\/v2\/pages\/44"}],"wp:attachment":[{"href":"https:\/\/www2.unifap.br\/prmsc\/wp-json\/wp\/v2\/media?parent=54"}],"curies":[{"name":"wp","href":"https:\/\/api.w.org\/{rel}","templated":true}]}}