{"id":1181,"date":"2019-09-26T11:57:44","date_gmt":"2019-09-26T11:57:44","guid":{"rendered":"http:\/\/www2.unifap.br\/proap\/?page_id=1181"},"modified":"2024-02-22T14:07:02","modified_gmt":"2024-02-22T14:07:02","slug":"documentos","status":"publish","type":"page","link":"https:\/\/www2.unifap.br\/proap\/documentos-2\/documentos\/","title":{"rendered":"Documentos"},"content":{"rendered":"<p><a href=\"https:\/\/www2.unifap.br\/proap\/files\/2019\/09\/INSTRU%C3%87%C3%83O-NORMATIVA-N%C2%BA-01-2019.pdf\" target=\"_blank\" rel=\"attachment noopener wp-att-1149\">INSTRU\u00c7\u00c3O NORMATIVA N\u00ba 01-2019<\/a>&nbsp;&#8211;&nbsp;Estabelece normas para contra\u00e7\u00f5es diretas previstas no Art. 17, 24, Inc. III e seguintes, e Art. 25 da Lei 8.666\/93, no \u00e2mbito da Funda\u00e7\u00e3o Universidade Federal do Amap\u00e1.<\/p>\n<p><a href=\"http:\/\/www2.unifap.br\/proap\/files\/2019\/11\/IN-03-cess\u00e3o-de-espa\u00e7os-f\u00edsicos.pdf\" target=\"_blank\" rel=\"noopener\">INSTRU\u00c7\u00c3O NORMATIVA N\u00ba 03-2019<\/a>&nbsp;&#8211;&nbsp;Disp\u00f5e sobre a regulamenta\u00e7\u00e3o para a concess\u00e3o de uso do espa\u00e7o f\u00edsico a t\u00edtulo oneroso, no \u00e2mbito da Funda\u00e7\u00e3o da Universidade Federal do Amap\u00e1.<\/p>\n<p><a href=\"http:\/\/www2.unifap.br\/proap\/files\/2020\/05\/PORTARIA_0708-2020-_PROC._DE_REGISTRO_DE_PRECOS_IRP_E_ATAS_DE_REGISTRO_DE_PRECOS.pdf\">PORTARIA 0708-2020&nbsp;<\/a>&nbsp;&#8211;&nbsp;<span class=\"fontstyle0\">Estabelece rotina administrativa para o procedimento de Inten\u00e7\u00e3o de Registro de Pre\u00e7os (IRP) e para a aprova\u00e7\u00e3o de utiliza\u00e7\u00e3o das Atas de Registro de Pre\u00e7os da UNIFAP por \u00f3rg\u00e3o ou entidades n\u00e3o participantes.<\/span><\/p>\n<p>Ordens de Servi\u00e7o<\/p>\n<p><a href=\"http:\/\/www2.unifap.br\/proap\/files\/2023\/10\/ORDEM_SERVICO_PROAD_assinado-1.pdf\">Ordem de Servi\u00e7o n 01\/2023<\/a> &#8211; DISP\u00d5E SOBRE AS NORMAS E PROCEDIMENTOS DE SOLICITA\u00c7\u00c3O DE VE\u00cdCULOS OFICIAIS DA UNIFAP.<\/p>\n<p><a href=\"http:\/\/www2.unifap.br\/proap\/files\/2024\/02\/Plano-de-acao.pdf\">Plano de a\u00e7\u00e3o<\/a> &#8211; Disponibiliza\u00e7\u00e3o do inteiro teor dos processos licitat\u00f3rios nos sites dos \u00f3rg\u00e3os na internet<br \/>\nCumprimento da delibera\u00e7\u00e3o do AC\u00d3RD\u00c3O N\u00ba 389\/2020 &#8211; TCU \u2013 Plen\u00e1rio<\/p>\n","protected":false},"excerpt":{"rendered":"<p>INSTRU\u00c7\u00c3O NORMATIVA N\u00ba 01-2019&nbsp;&#8211;&nbsp;Estabelece normas para contra\u00e7\u00f5es diretas previstas no Art. 17, 24, Inc. III e seguintes, e Art. 25 da Lei 8.666\/93, no \u00e2mbito da Funda\u00e7\u00e3o Universidade Federal do Amap\u00e1. INSTRU\u00c7\u00c3O NORMATIVA N\u00ba 03-2019&nbsp;&#8211;&nbsp;Disp\u00f5e sobre a regulamenta\u00e7\u00e3o para a concess\u00e3o de uso do espa\u00e7o f\u00edsico a t\u00edtulo oneroso, no \u00e2mbito da Funda\u00e7\u00e3o da Universidade&hellip;<\/p>\n","protected":false},"author":1699,"featured_media":0,"parent":1103,"menu_order":1,"comment_status":"closed","ping_status":"closed","template":"","meta":{"inline_featured_image":false,"ngg_post_thumbnail":0,"footnotes":""},"class_list":["post-1181","page","type-page","status-publish","hentry"],"_links":{"self":[{"href":"https:\/\/www2.unifap.br\/proap\/wp-json\/wp\/v2\/pages\/1181","targetHints":{"allow":["GET"]}}],"collection":[{"href":"https:\/\/www2.unifap.br\/proap\/wp-json\/wp\/v2\/pages"}],"about":[{"href":"https:\/\/www2.unifap.br\/proap\/wp-json\/wp\/v2\/types\/page"}],"author":[{"embeddable":true,"href":"https:\/\/www2.unifap.br\/proap\/wp-json\/wp\/v2\/users\/1699"}],"replies":[{"embeddable":true,"href":"https:\/\/www2.unifap.br\/proap\/wp-json\/wp\/v2\/comments?post=1181"}],"version-history":[{"count":12,"href":"https:\/\/www2.unifap.br\/proap\/wp-json\/wp\/v2\/pages\/1181\/revisions"}],"predecessor-version":[{"id":1434,"href":"https:\/\/www2.unifap.br\/proap\/wp-json\/wp\/v2\/pages\/1181\/revisions\/1434"}],"up":[{"embeddable":true,"href":"https:\/\/www2.unifap.br\/proap\/wp-json\/wp\/v2\/pages\/1103"}],"wp:attachment":[{"href":"https:\/\/www2.unifap.br\/proap\/wp-json\/wp\/v2\/media?parent=1181"}],"curies":[{"name":"wp","href":"https:\/\/api.w.org\/{rel}","templated":true}]}}