{"id":1401,"date":"2023-02-28T20:00:11","date_gmt":"2023-02-28T20:00:11","guid":{"rendered":"https:\/\/www2.unifap.br\/proap\/?page_id=1401"},"modified":"2023-02-28T23:28:23","modified_gmt":"2023-02-28T23:28:23","slug":"editais","status":"publish","type":"page","link":"https:\/\/www2.unifap.br\/proap\/editais\/","title":{"rendered":"EDITAIS"},"content":{"rendered":"\t\t<div data-elementor-type=\"wp-page\" data-elementor-id=\"1401\" class=\"elementor elementor-1401\">\n\t\t\t\t\t\t<section class=\"elementor-section elementor-top-section elementor-element elementor-element-7e17adc9 elementor-section-boxed elementor-section-height-default elementor-section-height-default\" data-id=\"7e17adc9\" data-element_type=\"section\" data-e-type=\"section\">\n\t\t\t\t\t\t<div class=\"elementor-container elementor-column-gap-default\">\n\t\t\t\t\t<div class=\"elementor-column elementor-col-100 elementor-top-column elementor-element elementor-element-44cbbe61\" data-id=\"44cbbe61\" data-element_type=\"column\" data-e-type=\"column\">\n\t\t\t<div class=\"elementor-widget-wrap elementor-element-populated\">\n\t\t\t\t\t\t<div class=\"elementor-element elementor-element-72328424 elementor-widget elementor-widget-text-editor\" data-id=\"72328424\" data-element_type=\"widget\" data-e-type=\"widget\" data-widget_type=\"text-editor.default\">\n\t\t\t\t<div class=\"elementor-widget-container\">\n\t\t\t\t\t\t\t\t\t<p><a href=\"http:\/\/www2.unifap.br\/proap\/files\/2023\/02\/EDITAL-DO-PROGRAMA-DE-GESTAO.pdf\">EDITAL DO PROGRAMA DE GEST\u00c3O<\/a><\/p><p><a href=\"http:\/\/www2.unifap.br\/proap\/files\/2023\/02\/ADITIVO-AO-EDITAL-DO-PROGRAMA-DE-GESTAO.pdf\">ADITIVO AO EDITAL DO PROGRAMA DE GEST\u00c3O<\/a><\/p><p><a href=\"http:\/\/www2.unifap.br\/proap\/files\/2023\/02\/DECISAO-ADMINISTRATIVA-DO-PROGRAMA-DE-GESTAO.pdf\">DECIS\u00c3O ADMINISTRATIVA DO PROGRAMA DE GEST\u00c3O<\/a><\/p>\t\t\t\t\t\t\t\t<\/div>\n\t\t\t\t<\/div>\n\t\t\t\t\t<\/div>\n\t\t<\/div>\n\t\t\t\t\t<\/div>\n\t\t<\/section>\n\t\t\t\t<\/div>\n\t\t","protected":false},"excerpt":{"rendered":"<p>EDITAL DO PROGRAMA DE GEST\u00c3O ADITIVO AO EDITAL DO PROGRAMA DE GEST\u00c3O DECIS\u00c3O ADMINISTRATIVA DO PROGRAMA DE GEST\u00c3O<\/p>\n","protected":false},"author":833,"featured_media":0,"parent":0,"menu_order":0,"comment_status":"closed","ping_status":"closed","template":"","meta":{"inline_featured_image":false,"ngg_post_thumbnail":0,"footnotes":""},"class_list":["post-1401","page","type-page","status-publish","hentry"],"_links":{"self":[{"href":"https:\/\/www2.unifap.br\/proap\/wp-json\/wp\/v2\/pages\/1401","targetHints":{"allow":["GET"]}}],"collection":[{"href":"https:\/\/www2.unifap.br\/proap\/wp-json\/wp\/v2\/pages"}],"about":[{"href":"https:\/\/www2.unifap.br\/proap\/wp-json\/wp\/v2\/types\/page"}],"author":[{"embeddable":true,"href":"https:\/\/www2.unifap.br\/proap\/wp-json\/wp\/v2\/users\/833"}],"replies":[{"embeddable":true,"href":"https:\/\/www2.unifap.br\/proap\/wp-json\/wp\/v2\/comments?post=1401"}],"version-history":[{"count":5,"href":"https:\/\/www2.unifap.br\/proap\/wp-json\/wp\/v2\/pages\/1401\/revisions"}],"predecessor-version":[{"id":1422,"href":"https:\/\/www2.unifap.br\/proap\/wp-json\/wp\/v2\/pages\/1401\/revisions\/1422"}],"wp:attachment":[{"href":"https:\/\/www2.unifap.br\/proap\/wp-json\/wp\/v2\/media?parent=1401"}],"curies":[{"name":"wp","href":"https:\/\/api.w.org\/{rel}","templated":true}]}}