{"id":212,"date":"2017-08-10T17:46:19","date_gmt":"2017-08-10T20:46:19","guid":{"rendered":"http:\/\/www2.unifap.br\/processos\/?page_id=212"},"modified":"2018-01-30T13:28:13","modified_gmt":"2018-01-30T16:28:13","slug":"gestao-por-processo","status":"publish","type":"page","link":"https:\/\/www2.unifap.br\/processos\/gestao-por-processo\/","title":{"rendered":"GEST\u00c3O POR PROCESSOS"},"content":{"rendered":"<h1><a href=\"http:\/\/www2.unifap.br\/processos\/files\/2017\/08\/Reposit\u00f3rio-de-Processos2.jpg\"><img fetchpriority=\"high\" decoding=\"async\" class=\"aligncenter size-full wp-image-229\" alt=\"Reposit\u00f3rio de Processos\" src=\"http:\/\/www2.unifap.br\/processos\/files\/2017\/08\/Reposit\u00f3rio-de-Processos2.jpg\" width=\"1500\" height=\"800\" srcset=\"https:\/\/www2.unifap.br\/processos\/files\/2017\/08\/Reposit\u00f3rio-de-Processos2.jpg 1500w, https:\/\/www2.unifap.br\/processos\/files\/2017\/08\/Reposit\u00f3rio-de-Processos2-300x160.jpg 300w, https:\/\/www2.unifap.br\/processos\/files\/2017\/08\/Reposit\u00f3rio-de-Processos2-1024x546.jpg 1024w, https:\/\/www2.unifap.br\/processos\/files\/2017\/08\/Reposit\u00f3rio-de-Processos2-250x133.jpg 250w, https:\/\/www2.unifap.br\/processos\/files\/2017\/08\/Reposit\u00f3rio-de-Processos2-150x80.jpg 150w\" sizes=\"(max-width: 1500px) 100vw, 1500px\" \/><\/a>\u00a0O que \u00e9 processo de neg\u00f3cio<\/h1>\n<p>Para compreender BPM \u00e9 necess\u00e1rio compreender o significado de processo de neg\u00f3cio. No contexto de BPM, um &#8220;processo de neg\u00f3cio&#8221; \u00e9 um trabalho que entrega valor para os clientes ou apoia\/gerencia outros processos. Esse trabalho pode ser ponta a ponta, interfuncional e at\u00e9 mesmo interorganizacional. A no\u00e7\u00e3o de trabalho ponta a ponta interfuncional \u00e9 chave, pois envolve todo o trabalho, cruzando limites funcionais necess\u00e1rios para entregar valor para os clientes.<\/p>\n<p><i>Defini\u00e7\u00e3o:<\/i><\/p>\n<p><i>Processo \u00e9 uma agrega\u00e7\u00e3o de atividades e comportamentos executados por humanos ou m\u00e1quinas para alcan\u00e7ar um ou mais resultados.<\/i><i><\/i><\/p>\n<p>Processos s\u00e3o compostos por atividades inter-relacionadas que solucionam uma quest\u00e3o espec\u00edfica. Essas atividades s\u00e3o governadas por regras de neg\u00f3cio e vistas no contexto de seu relacionamento com outras atividades para fornecer uma vis\u00e3o de sequ\u00eancia e fluxo.<\/p>\n<p>Fonte: BPM CBOK 3.0 Vers\u00e3o 3.0<\/p>\n<p><a href=\"http:\/\/www2.unifap.br\/processos\/files\/2017\/08\/Projeto-POP-UNIFAP.pdf\">1 &#8211; Projeto-POP-UNIFAP<\/a><\/p>\n<p><a href=\"http:\/\/www2.unifap.br\/processos\/files\/2017\/08\/Modelo-manual-de-Processo_de_POP1.docx\">02 &#8211; Modelo-manual-de-Processo_de_POP<\/a><\/p>\n<p><a href=\"http:\/\/www2.unifap.br\/processos\/files\/2017\/08\/Passo-a-Passo-para-Mapear-processo-Projeto-POP-UNIFAP.pdf\">3 &#8211; Passo a Passo para Mapear processo &#8211; Projeto POP UNIFAP<\/a><\/p>\n<p><a href=\"http:\/\/www2.unifap.br\/processos\/files\/2017\/08\/Passo-para-Evitar-erros-comuns-na-hora-de-Mapear-processos.pdf\">4 &#8211; Passo para Evitar erros comuns na hora de Mapear processos<\/a><\/p>\n<p><a href=\"http:\/\/www2.unifap.br\/processos\/files\/2017\/08\/Painel-1-Planejamento-Projeto-POP-UNIFAP-Allan-Palmas.pdf\">5 &#8211; FORPLAD\/Palmas-TO -Projeto POP &#8211; UNIFAP &#8211; Prof. Allan Jasper\/PROPLAN<\/a><\/p>\n<p>&nbsp;<\/p>\n","protected":false},"excerpt":{"rendered":"<p>\u00a0O que \u00e9 processo de neg\u00f3cio Para compreender BPM \u00e9 necess\u00e1rio compreender o significado de processo de neg\u00f3cio. No contexto de BPM, um &#8220;processo de neg\u00f3cio&#8221; \u00e9 um trabalho que entrega valor para os clientes ou apoia\/gerencia outros processos. Esse&hellip; <\/p>\n<p><a href=\"https:\/\/www2.unifap.br\/processos\/gestao-por-processo\/\" class=\"readmore-button\">Continue Reading<\/a><\/p>\n","protected":false},"author":1735,"featured_media":0,"parent":0,"menu_order":0,"comment_status":"closed","ping_status":"closed","template":"","meta":{"inline_featured_image":false,"ngg_post_thumbnail":0,"footnotes":""},"class_list":["post-212","page","type-page","status-publish","hentry"],"_links":{"self":[{"href":"https:\/\/www2.unifap.br\/processos\/wp-json\/wp\/v2\/pages\/212","targetHints":{"allow":["GET"]}}],"collection":[{"href":"https:\/\/www2.unifap.br\/processos\/wp-json\/wp\/v2\/pages"}],"about":[{"href":"https:\/\/www2.unifap.br\/processos\/wp-json\/wp\/v2\/types\/page"}],"author":[{"embeddable":true,"href":"https:\/\/www2.unifap.br\/processos\/wp-json\/wp\/v2\/users\/1735"}],"replies":[{"embeddable":true,"href":"https:\/\/www2.unifap.br\/processos\/wp-json\/wp\/v2\/comments?post=212"}],"version-history":[{"count":12,"href":"https:\/\/www2.unifap.br\/processos\/wp-json\/wp\/v2\/pages\/212\/revisions"}],"predecessor-version":[{"id":222,"href":"https:\/\/www2.unifap.br\/processos\/wp-json\/wp\/v2\/pages\/212\/revisions\/222"}],"wp:attachment":[{"href":"https:\/\/www2.unifap.br\/processos\/wp-json\/wp\/v2\/media?parent=212"}],"curies":[{"name":"wp","href":"https:\/\/api.w.org\/{rel}","templated":true}]}}