{"id":23,"date":"2017-07-11T11:22:40","date_gmt":"2017-07-11T14:22:40","guid":{"rendered":"http:\/\/www2.unifap.br\/processos\/?page_id=23"},"modified":"2017-07-14T10:55:30","modified_gmt":"2017-07-14T13:55:30","slug":"audint","status":"publish","type":"page","link":"https:\/\/www2.unifap.br\/processos\/reitoria\/audint\/","title":{"rendered":"AUDINT"},"content":{"rendered":"<p><em><strong>Auditoria Interna da Universidade Federal do Amap\u00e1<br \/>\n<\/strong><\/em><\/p>\n<p><em><strong>1. PLANO ANUAL DE AUDITORIA INTERNA &#8211; PAINT<br \/>\n<\/strong><\/em><\/p>\n<p><strong><a href=\"http:\/\/www2.unifap.br\/processos\/files\/2017\/07\/Elabora\u00e7\u00e3o-do-PAINT1.pdf\">1.1 &#8211; Elabora\u00e7\u00e3o do PAINT. PDF<\/a><\/strong><\/p>\n<ul>\n<li><a href=\"http:\/\/www2.unifap.br\/processos\/files\/2017\/07\/1-elaboracao-do-paint1.pdf\">Elabora\u00e7\u00e3o do PAINT. Mapa do Processo<\/a><\/li>\n<\/ul>\n<ul>\n<li><a href=\"http:\/\/www2.unifap.br\/processos\/files\/2017\/07\/Analisar-parecer-CGU-sobre-o-PAINT.-Mapa-do-subprocesso.pdf\">Analisar parecer CGU sobre o PAINT. Mapa do subprocesso<\/a><\/li>\n<\/ul>\n<ul>\n<li><a href=\"http:\/\/www2.unifap.br\/processos\/files\/2017\/07\/Apreciar-e-aprovar-PAINT-CONDIR.-Mapa-do-subprocesso.pdf\">Apreciar e aprovar PAINT-CONDIR. Mapa do subprocesso<\/a><\/li>\n<\/ul>\n<p><em><strong>\u00a02<em><strong>. ACOMPANHAMENTO<\/strong><\/em><\/strong><\/em><\/p>\n<p><strong><a href=\"http:\/\/www2.unifap.br\/processos\/files\/2017\/07\/Acompanhamento-das-Recomenda\u00e7\u00f5es-da-AUDINT.-PDF.pdf\">2.1 &#8211; Acompanhamento das Recomenda\u00e7\u00f5es da AUDINT. PDF<\/a><\/strong><\/p>\n<ul>\n<li><a href=\"http:\/\/www2.unifap.br\/processos\/files\/2017\/07\/Acompanhamento-das-Recomenda\u00e7\u00f5es-da-AUDINT..pdf\">Acompanhamento das Recomenda\u00e7\u00f5es da AUDINT. Mapa do Processo<\/a><\/li>\n<\/ul>\n<p><em><strong><em>3<strong>. MONITORAMENTO<br \/>\n<\/strong><\/em><\/strong><\/em><\/p>\n<p><strong>\u00a03.1 &#8211; <a href=\"http:\/\/www2.unifap.br\/processos\/files\/2017\/07\/Acompanhamento-demandas-CGU.-PDF.pdf\">Acompanhamento demandas CGU. PDF<\/a><\/strong><\/p>\n<ul>\n<li><a href=\"http:\/\/www2.unifap.br\/processos\/files\/2017\/07\/Monitoramento-demandas-CGU.-Mapa-do-Processo.pdf\">Monitoramento demandas CGU. Mapa do Processo<\/a><\/li>\n<\/ul>\n<p><strong><a href=\"http:\/\/www2.unifap.br\/processos\/files\/2017\/07\/Acompanhamento-demandas-TCU.-PDF.pdf\">3.2 &#8211; Acompanhamento demandas TCU. PDF<\/a><\/strong><\/p>\n<ul>\n<li><a href=\"http:\/\/www2.unifap.br\/processos\/files\/2017\/07\/Monitoramento-TCU.-Mapa-do-processo.pdf\">Monitoramento TCU. Mapa do processo<\/a><\/li>\n<\/ul>\n<p style=\"text-align: center\"><strong><em>Eliana do Socorro de Brito Paix\u00e3o<\/em><\/strong><br \/>\n<em> Graduada em Ci\u00eancias Cont\u00e1beis com Especializa\u00e7\u00e3o MBA em Gest\u00e3o Empresarial FGV,<\/em><br \/>\n<em> Mestre em Desenvolvimento Regional,\u00a0<\/em><br \/>\n<em> Doutora em Educa\u00e7\u00e3o.<\/em><br \/>\n<strong><em> Cargo: Auditora-chefe<\/em><\/strong><\/p>\n<p style=\"text-align: center\"><i>\u00a0<\/i><b><i>Davi de Ara\u00fajo Sampaio<\/i><\/b><br \/>\n<i>Graduado em Direito com Especializa\u00e7\u00e3o em Direito Tribut\u00e1rio e Advocacia Trabalhista.<\/i><br \/>\n<b><i>Cargo: Auditor<\/i><\/b><\/p>\n<p style=\"text-align: center\"><i>\u00a0<\/i><b><i>Thaise Lamara Almeida Carvalho<\/i><\/b><br \/>\n<em>Graduada em Direito<\/em><br \/>\n<b><i>Cargo:Auditor<\/i><\/b><\/p>\n<p style=\"text-align: center\"><b><i>\u00a0<\/i><\/b><b><i>Albertina Silva Pereira<\/i><\/b><br \/>\n<em>Graduada em Administra\u00e7\u00e3o com Mestrado em Direito Ambiental e Pol\u00edticas P\u00fablicas.<\/em><br \/>\n<em><strong> Cargo: Administrador<\/strong><\/em><\/p>\n<p style=\"text-align: center\"><i>\u00a0<\/i><b><i>Marcilene C. da C. Couto<\/i><\/b><br \/>\n<em>Graduada em Ci\u00eancias Cont\u00e1beis com Especializa\u00e7\u00e3o em Controladoria, Auditoria e Finan\u00e7as.<\/em><br \/>\n<em> <b>Cargo: T\u00e9cnico em Contabilidade<\/b><\/em><\/p>\n","protected":false},"excerpt":{"rendered":"<p>Auditoria Interna da Universidade Federal do Amap\u00e1 1. PLANO ANUAL DE AUDITORIA INTERNA &#8211; PAINT 1.1 &#8211; Elabora\u00e7\u00e3o do PAINT. PDF Elabora\u00e7\u00e3o do PAINT. Mapa do Processo Analisar parecer CGU sobre o PAINT. Mapa do subprocesso Apreciar e aprovar PAINT-CONDIR.&hellip; <\/p>\n<p><a href=\"https:\/\/www2.unifap.br\/processos\/reitoria\/audint\/\" class=\"readmore-button\">Continue Reading<\/a><\/p>\n","protected":false},"author":1735,"featured_media":0,"parent":19,"menu_order":0,"comment_status":"closed","ping_status":"closed","template":"","meta":{"inline_featured_image":false,"ngg_post_thumbnail":0,"footnotes":""},"class_list":["post-23","page","type-page","status-publish","hentry"],"_links":{"self":[{"href":"https:\/\/www2.unifap.br\/processos\/wp-json\/wp\/v2\/pages\/23","targetHints":{"allow":["GET"]}}],"collection":[{"href":"https:\/\/www2.unifap.br\/processos\/wp-json\/wp\/v2\/pages"}],"about":[{"href":"https:\/\/www2.unifap.br\/processos\/wp-json\/wp\/v2\/types\/page"}],"author":[{"embeddable":true,"href":"https:\/\/www2.unifap.br\/processos\/wp-json\/wp\/v2\/users\/1735"}],"replies":[{"embeddable":true,"href":"https:\/\/www2.unifap.br\/processos\/wp-json\/wp\/v2\/comments?post=23"}],"version-history":[{"count":27,"href":"https:\/\/www2.unifap.br\/processos\/wp-json\/wp\/v2\/pages\/23\/revisions"}],"predecessor-version":[{"id":192,"href":"https:\/\/www2.unifap.br\/processos\/wp-json\/wp\/v2\/pages\/23\/revisions\/192"}],"up":[{"embeddable":true,"href":"https:\/\/www2.unifap.br\/processos\/wp-json\/wp\/v2\/pages\/19"}],"wp:attachment":[{"href":"https:\/\/www2.unifap.br\/processos\/wp-json\/wp\/v2\/media?parent=23"}],"curies":[{"name":"wp","href":"https:\/\/api.w.org\/{rel}","templated":true}]}}