{"id":238,"date":"2017-08-23T12:59:16","date_gmt":"2017-08-23T15:59:16","guid":{"rendered":"http:\/\/www2.unifap.br\/processos\/?page_id=238"},"modified":"2018-01-12T12:49:25","modified_gmt":"2018-01-12T15:49:25","slug":"diespo-div-estrutura-e-processos-organizacionais-2","status":"publish","type":"page","link":"https:\/\/www2.unifap.br\/processos\/proplan\/deplan\/diespo-div-estrutura-e-processos-organizacionais-2\/","title":{"rendered":"DIESPO &#8211; DIV. ESTRUTURA E PROCESSOS ORGANIZACIONAIS"},"content":{"rendered":"<p><strong>Divis\u00e3o de Estrutura e Processos Organizacionais<br \/>\n<\/strong><\/p>\n<p><em><strong>1 \u2013 <\/strong><\/em><strong><i><span style=\"color: #000000\">CRIA\u00c7\u00c3O DE UNIDADE ADMINISTRATIVA NA UNIVERSIDADE FEDERAL DO AMAP\u00c1<\/span><\/i><\/strong><\/p>\n<p><a href=\"http:\/\/www2.unifap.br\/processos\/files\/2017\/08\/01-PROCESSO-DE-CRIA\u00c7\u00c3O-DE-UNIDADE-ADMINISTRATIVA.pdf\">01 PROCESSO DE CRIA\u00c7\u00c3O DE UNIDADE ADMINISTRATIVA<\/a><\/p>\n<ul>\n<li><a href=\"http:\/\/www2.unifap.br\/processos\/files\/2017\/08\/01-Processo-de-Cria\u00e7\u00e3o-de-Nova-Unidade-Administrativa-Mapa-do-Processo.pdf\">01 Processo de Cria\u00e7\u00e3o de Nova Unidade Administrativa &#8211; Mapa do Processo<\/a><\/li>\n<li><a href=\"http:\/\/www2.unifap.br\/processos\/files\/2017\/08\/01.01-Subprocesso-de-Autua\u00e7\u00e3o-em-Forma-de-processo-Mapa-do-Subprocesso.pdf\">01.01 Subprocesso de Autua\u00e7\u00e3o em Forma de processo &#8211; Mapa do Subprocesso<\/a><\/li>\n<li><a href=\"http:\/\/www2.unifap.br\/processos\/files\/2017\/08\/01.02-Subprocesso-parecer-t\u00e9cnico-Mapa-do-Subprocesso.pdf\">01.02 Subprocesso parecer t\u00e9cnico &#8211; Mapa do Subprocesso<\/a><\/li>\n<li><a href=\"http:\/\/www2.unifap.br\/processos\/files\/2017\/08\/01.3-Subprocesso-Paracer-CLN-Mapa-do-Subprocesso.pdf\">01.3 Subprocesso Paracer CLN &#8211; Mapa do Subprocesso<\/a><\/li>\n<li><a href=\"http:\/\/www2.unifap.br\/processos\/files\/2017\/08\/01.4-Subprocesso-cria\u00e7\u00e3o-de-unidade-Mapa-do-Subprocesso.pdf\">01.4 Subprocesso cria\u00e7\u00e3o de unidade &#8211; Mapa do Subprocesso<\/a><\/li>\n<\/ul>\n","protected":false},"excerpt":{"rendered":"<p>Divis\u00e3o de Estrutura e Processos Organizacionais 1 \u2013 CRIA\u00c7\u00c3O DE UNIDADE ADMINISTRATIVA NA UNIVERSIDADE FEDERAL DO AMAP\u00c1 01 PROCESSO DE CRIA\u00c7\u00c3O DE UNIDADE ADMINISTRATIVA 01 Processo de Cria\u00e7\u00e3o de Nova Unidade Administrativa &#8211; Mapa do Processo 01.01 Subprocesso de Autua\u00e7\u00e3o&hellip; <\/p>\n<p><a href=\"https:\/\/www2.unifap.br\/processos\/proplan\/deplan\/diespo-div-estrutura-e-processos-organizacionais-2\/\" class=\"readmore-button\">Continue Reading<\/a><\/p>\n","protected":false},"author":1735,"featured_media":0,"parent":202,"menu_order":0,"comment_status":"closed","ping_status":"closed","template":"","meta":{"inline_featured_image":false,"ngg_post_thumbnail":0,"footnotes":""},"class_list":["post-238","page","type-page","status-publish","hentry"],"_links":{"self":[{"href":"https:\/\/www2.unifap.br\/processos\/wp-json\/wp\/v2\/pages\/238","targetHints":{"allow":["GET"]}}],"collection":[{"href":"https:\/\/www2.unifap.br\/processos\/wp-json\/wp\/v2\/pages"}],"about":[{"href":"https:\/\/www2.unifap.br\/processos\/wp-json\/wp\/v2\/types\/page"}],"author":[{"embeddable":true,"href":"https:\/\/www2.unifap.br\/processos\/wp-json\/wp\/v2\/users\/1735"}],"replies":[{"embeddable":true,"href":"https:\/\/www2.unifap.br\/processos\/wp-json\/wp\/v2\/comments?post=238"}],"version-history":[{"count":6,"href":"https:\/\/www2.unifap.br\/processos\/wp-json\/wp\/v2\/pages\/238\/revisions"}],"predecessor-version":[{"id":269,"href":"https:\/\/www2.unifap.br\/processos\/wp-json\/wp\/v2\/pages\/238\/revisions\/269"}],"up":[{"embeddable":true,"href":"https:\/\/www2.unifap.br\/processos\/wp-json\/wp\/v2\/pages\/202"}],"wp:attachment":[{"href":"https:\/\/www2.unifap.br\/processos\/wp-json\/wp\/v2\/media?parent=238"}],"curies":[{"name":"wp","href":"https:\/\/api.w.org\/{rel}","templated":true}]}}