{"id":7,"date":"2017-07-11T11:17:26","date_gmt":"2017-07-11T14:17:26","guid":{"rendered":"http:\/\/www2.unifap.br\/processos\/?page_id=7"},"modified":"2017-07-14T10:52:24","modified_gmt":"2017-07-14T13:52:24","slug":"procri","status":"publish","type":"page","link":"https:\/\/www2.unifap.br\/processos\/procri\/","title":{"rendered":"PROCRI"},"content":{"rendered":"<p><strong>Pr\u00f3-Reitoria de Coopera\u00e7\u00e3o e Rela\u00e7\u00f5es Interinstitucionais<\/strong><\/p>\n<p><em><strong>1 &#8211; PROGRAMA DE MOBILIDADE NACIONAL ANDIFES<\/strong><\/em><\/p>\n<p><strong><a href=\"http:\/\/www2.unifap.br\/processos\/files\/2017\/07\/Postula\u00e7\u00e3o-do-Acad\u00eamico-na-IFES-PDF.pdf\">1.1 &#8211; Postula\u00e7\u00e3o do Acad\u00eamico na IFES &#8211; PDF<\/a><\/strong><\/p>\n<ul>\n<li><a href=\"http:\/\/www2.unifap.br\/processos\/files\/2017\/07\/Postula\u00e7\u00e3o-do-Acad\u00eamico-na-IFES.-Mapa-do-Processo.pdf\">Postula\u00e7\u00e3o do Acad\u00eamico na IFES. Mapa do Processo<\/a><\/li>\n<\/ul>\n<p><strong><a href=\"http:\/\/www2.unifap.br\/processos\/files\/2017\/07\/Registro-de-Mobilidade-ANDIFES.-PDF.pdf\">1.2 &#8211; Registro de Mobilidade ANDIFES. PDF<\/a><\/strong><\/p>\n<ul>\n<li><a href=\"http:\/\/www2.unifap.br\/processos\/files\/2017\/07\/REGISTRO-DE-MOBILIDADE-ANDIFES.pdf\">Registro de Mobilidade Andifes &#8211;<\/a><a href=\"http:\/\/www2.unifap.br\/processos\/files\/2017\/07\/AN\u00c1LISE-DE-CR\u00c9DITOS-E-ARQUIVAMENTO-DO-PROCESSO.pdf\">Mapa de processo<\/a><\/li>\n<\/ul>\n<p><strong><a href=\"http:\/\/www2.unifap.br\/processos\/files\/2017\/07\/Revers\u00e3o-do-Registro-de-Mobilidade.-PDF.pdf\">1.3 &#8211; Revers\u00e3o do Registro de Mobilidade. PDF<\/a><\/strong><\/p>\n<ul>\n<li><a href=\"http:\/\/www2.unifap.br\/processos\/files\/2017\/07\/REVERS\u00c3O-DO-REGISTRO-DE-MOBILIDADE.pdf\">Revers\u00e3o do Registro de Mobilidade <\/a><a href=\"http:\/\/www2.unifap.br\/processos\/files\/2017\/07\/POSTULA\u00c7\u00c3O-DO-ACAD\u00caMICO-NA-IFES.pdf\"> &#8211; <\/a><a href=\"http:\/\/www2.unifap.br\/processos\/files\/2017\/07\/AN\u00c1LISE-DE-CR\u00c9DITOS-E-ARQUIVAMENTO-DO-PROCESSO.pdf\">Mapa de processo<\/a><\/li>\n<\/ul>\n<p><strong><a href=\"http:\/\/www2.unifap.br\/processos\/files\/2017\/07\/An\u00e1lise-de-Cr\u00e9ditos-e-Arquivamento-do-Processo.-PDF1.pdf\">1.4 &#8211; An\u00e1lise de Cr\u00e9ditos e Arquivamento do Processo. PDF<\/a><\/strong><\/p>\n<ul>\n<li><a href=\"http:\/\/www2.unifap.br\/processos\/files\/2017\/07\/AN\u00c1LISE-DE-CR\u00c9DITOS-E-ARQUIVAMENTO-DO-PROCESSO.pdf\">An\u00e1lise de Cr\u00e9ditos e Arquivamento do Processo &#8211; Mapa de processo<\/a><\/li>\n<\/ul>\n<p><em><strong>2 &#8211; TOP ESPANHA<br \/>\n<\/strong><\/em><\/p>\n<p><strong><a href=\"http:\/\/www2.unifap.br\/processos\/files\/2017\/07\/Processo-de-Sele\u00e7\u00e3o-TOP-ESPANHA.-PDF.pdf\">2.1 &#8211; Processo de Sele\u00e7\u00e3o TOP ESPANHA. PDF<\/a><\/strong><\/p>\n<ul>\n<li><a href=\"http:\/\/www2.unifap.br\/processos\/files\/2017\/07\/Processo-de-Sele\u00e7\u00e3o-TOP-ESPANHA-Mapa-de-Processo.pdf\">Processo de Sele\u00e7\u00e3o TOP ESPANHA &#8211; Mapa de Processo<\/a><\/li>\n<\/ul>\n<p><strong><a href=\"http:\/\/www2.unifap.br\/processos\/files\/2017\/07\/Formaliza\u00e7\u00e3o-do-Conv\u00eanio-UNIFAP-SANTANDER.-PDF.pdf\">2.2 &#8211; Formaliza\u00e7\u00e3o do Conv\u00eanio &#8211; UNIFAP- SANTANDER. PDF<\/a><\/strong><\/p>\n<ul>\n<li><a href=\"http:\/\/www2.unifap.br\/processos\/files\/2017\/07\/FORMALIZA\u00c7\u00c3O-DO-CONV\u00caNIO-UNIFAP-SANTANDER-TOP-ESPANHA1.pdf\">Formaliza\u00e7\u00e3o do Conv\u00eanio UNIFAP-SANTANDER &#8211; TOP ESPANHA &#8211; Mapa de Processo<\/a><\/li>\n<\/ul>\n<p><strong><a href=\"http:\/\/www2.unifap.br\/processos\/files\/2017\/07\/Formaliza\u00e7\u00e3o-do-Aluno-TOP-ESPANHA.-PDF.pdf\">2.3 &#8211; Formaliza\u00e7\u00e3o do Aluno TOP ESPANHA. PDF<\/a><\/strong><\/p>\n<ul>\n<li><a href=\"http:\/\/www2.unifap.br\/processos\/files\/2017\/07\/FORMALIZA\u00c7\u00c3O-DO-ALUNO-TOP-ESPANHA.pdf\">Formaliza\u00e7\u00e3o do Aluno TOP Espanha &#8211; Mapa de Processo<\/a><\/li>\n<\/ul>\n<p><em><strong>3 &#8211; IBERO-AMERICANO<br \/>\n<\/strong><\/em><\/p>\n<p><strong><a href=\"http:\/\/www2.unifap.br\/processos\/files\/2017\/07\/Processo-de-Sele\u00e7\u00e3o-IBERO.-PDF.pdf\">3.1 &#8211; Processo de Sele\u00e7\u00e3o IBERO. PDF<\/a><\/strong><\/p>\n<ul>\n<li><a href=\"http:\/\/www2.unifap.br\/processos\/files\/2017\/07\/PROCESSO-DE-SELE\u00c7\u00c3O-IBERO.pdf\">Processo de Sele\u00e7\u00e3o IBERO &#8211; Mapa de Processo<\/a><\/li>\n<\/ul>\n<p><strong><a href=\"http:\/\/www2.unifap.br\/processos\/files\/2017\/07\/Formaliza\u00e7\u00e3o-do-Conv\u00eanio-UNIFAP-SANTANDER.-PDF1.pdf\">3.2 &#8211; Formaliza\u00e7\u00e3o do Conv\u00eanio UNIFAP-SANTANDER. PDF<\/a><\/strong><\/p>\n<ul>\n<li><a href=\"http:\/\/www2.unifap.br\/processos\/files\/2017\/07\/FORMALIZA\u00c7\u00c3O-DO-CONV\u00caNIO-UNIFAP-SANTANDER.pdf\">Fomarliza\u00e7\u00e3o do Conv\u00eanio UNIFAP-SANTANDER. Mapa de Processo<\/a><\/li>\n<\/ul>\n<p><strong><a href=\"http:\/\/www2.unifap.br\/processos\/files\/2017\/07\/Registro-de-Mobilidade.-PDF.pdf\">3.3 &#8211; Registro de Mobilidade. PDF<\/a><\/strong><\/p>\n<ul>\n<li><a href=\"http:\/\/www2.unifap.br\/processos\/files\/2017\/07\/REGISTRO-DE-MOBILIDADE.pdf\">Registro de Mobilidade. Mapa de Processo<\/a><\/li>\n<\/ul>\n<p><strong><a href=\"http:\/\/www2.unifap.br\/processos\/files\/2017\/07\/Convoca\u00e7\u00e3o-de-participante-IBERO.-PDF.pdf\">3.4 &#8211; Convoca\u00e7\u00e3o de participante &#8211; IBERO. PDF<\/a><\/strong><\/p>\n<ul>\n<li><a href=\"http:\/\/www2.unifap.br\/processos\/files\/2017\/07\/Convoca\u00e7\u00e3o-de-participantes-IBERO2.pdf\">Convoca\u00e7\u00e3o de participantes &#8211; IBERO. Mapa de Processo<\/a><\/li>\n<\/ul>\n<p><strong><a href=\"http:\/\/www2.unifap.br\/processos\/files\/2017\/07\/Cadastro-no-Sistema-Santander.-PDF.pdf\">3.5 &#8211; Cadastro no Sistema Santander. PDF<\/a><\/strong><\/p>\n<ul>\n<li><a href=\"http:\/\/www2.unifap.br\/processos\/files\/2017\/07\/CADASTRO-NO-SISTEMA-SANTANDER.pdf\">Cadastro no Sistema Santander. Mapa de Processo<\/a><\/li>\n<\/ul>\n<p><strong><a href=\"http:\/\/www2.unifap.br\/processos\/files\/2017\/07\/Acompanhamento-de-Participante-do-Programa-IBERO.pdf\">3.6 &#8211; Acompanhamento de Participante do Programa IBERO. PDF<\/a><\/strong><\/p>\n<ul>\n<li><a href=\"http:\/\/www2.unifap.br\/processos\/files\/2017\/07\/ACOMPANHAMENTO-DE-PARTICIPANTE-IBERO.pdf\">Acompanhamento de participante IBERO. Mapa de processo<\/a><\/li>\n<\/ul>\n<p><strong><a href=\"http:\/\/www2.unifap.br\/processos\/files\/2017\/07\/Regresso-do-Participante-para-a-UNIFAP.-PDF.pdf\">3.7 &#8211; Regresso do Participante para a UNIFAP. PDF<\/a><\/strong><\/p>\n<ul>\n<li><a href=\"http:\/\/www2.unifap.br\/processos\/files\/2017\/07\/REGRESSO-DO-PARTICIPANTE-PARA-A-UNIFAP.pdf\">Regresso do Participante \u00e0 UNIFAP<\/a><\/li>\n<\/ul>\n<p><strong>4<\/strong><em><strong> &#8211; COFEE BREAK<\/strong><\/em><\/p>\n<p><strong><a href=\"http:\/\/www2.unifap.br\/processos\/files\/2017\/07\/Solicita\u00e7\u00e3o-de-Coffee-Break.-PDF.pdf\">4.1 &#8211; Solicita\u00e7\u00e3o de Coffee Break. PDF<\/a><\/strong><\/p>\n<ul>\n<li><a href=\"http:\/\/www2.unifap.br\/processos\/files\/2017\/07\/SOLICITA\u00c7\u00c3O-DE-COFFEE-BREAK.pdf\">Solicita\u00e7\u00e3o de Coffee Break. Mapa de Processo<\/a><\/li>\n<\/ul>\n<p><strong><a href=\"http:\/\/www2.unifap.br\/processos\/files\/2017\/07\/Realiza\u00e7\u00e3o-de-Coffee-Break.-PDF.pdf\">4.2 &#8211; Realiza\u00e7\u00e3o de Coffee Break. PDF<\/a><\/strong><\/p>\n<ul>\n<li><a href=\"http:\/\/www2.unifap.br\/processos\/files\/2017\/07\/REALIZA\u00c7\u00c3O-DO-COFFEE-BREAK.pdf\">Realizar Coffee Break. Mapa de Processo<\/a><\/li>\n<\/ul>\n<p><strong><a href=\"http:\/\/www2.unifap.br\/processos\/files\/2017\/07\/Solicita\u00e7\u00e3o-de-Pagamento-de-Servi\u00e7o-de-Coffee-Break.-PDF.pdf\">4.3 &#8211; Solicita\u00e7\u00e3o de Pagamento de Servi\u00e7o de Coffee Break. PDF<\/a><\/strong><\/p>\n<ul>\n<li><a href=\"http:\/\/www2.unifap.br\/processos\/files\/2017\/07\/PAGAMENTO-DE-SERVI\u00c7O-DE-COFFEE-BREAK.pdf\">Solicita\u00e7\u00e3o de Pagamento de Servi\u00e7o de Coffee Break. Mapa de Processo<\/a><\/li>\n<\/ul>\n<p><strong>5<\/strong><em><strong> &#8211; PROGRAMA DE ESTUDANTES &#8211; CONV\u00caNIO DE GRADUA\u00c7\u00c3O &#8211; PEC &#8211; G<br \/>\n<\/strong><\/em><\/p>\n<p><strong><a href=\"http:\/\/www2.unifap.br\/processos\/files\/2017\/07\/Formaliza\u00e7\u00e3o-do-Aluno-PEC-G.-PDF.pdf\">5.1 &#8211; Formaliza\u00e7\u00e3o do Aluno PEC &#8211; G. PDF<\/a><\/strong><\/p>\n<ul>\n<li><a href=\"http:\/\/www2.unifap.br\/processos\/files\/2017\/07\/FORMALIZA\u00c7\u00c3O-DO-ALUNO-PEC-G.pdf\">Formaliza\u00e7\u00e3o do Aluno PEC-G. Mapa de Processo<\/a><\/li>\n<\/ul>\n<p><strong><a href=\"http:\/\/www2.unifap.br\/processos\/files\/2017\/07\/Formaliza\u00e7\u00e3o-do-Programa-PEC-G.-PDF.pdf\">5.2 &#8211; Formaliza\u00e7\u00e3o do Programa PEC-G. PDF<\/a><\/strong><\/p>\n<ul>\n<li><a href=\"http:\/\/www2.unifap.br\/processos\/files\/2017\/07\/FORMALIZA\u00c7\u00c3O-DO-PROGRAMA-PEC-G.pdf\">Formaliza\u00e7\u00e3o do Programa PEC-G. Mapa de Processo<\/a><\/li>\n<\/ul>\n<p><strong>6<\/strong><em><strong> &#8211; PROGRAMA DE ALIAN\u00c7AS PARA EDUCA\u00c7\u00c3O E A CAPACITA\u00c7\u00c3O &#8211; PAEC<br \/>\n<\/strong><\/em><\/p>\n<p><strong><a href=\"http:\/\/www2.unifap.br\/processos\/files\/2017\/07\/Formaliza\u00e7\u00e3o-do-Programa-PAEC.-PDF.pdf\">6.1 &#8211; Formaliza\u00e7\u00e3o do Programa PAEC. PDF<\/a><\/strong><\/p>\n<ul>\n<li><a href=\"http:\/\/www2.unifap.br\/processos\/files\/2017\/07\/FORMALIZA\u00c7\u00c3O-DO-PROGRAMA-PAEC.pdf\">Formaliza\u00e7\u00e3o do Programa PAEC. Mapa de Processo<\/a><\/li>\n<\/ul>\n<p><strong><a href=\"http:\/\/www2.unifap.br\/processos\/files\/2017\/07\/Formaliza\u00e7\u00e3o-do-Aluno-PAEC-Emiss\u00e3o-de-Aceite.-PDF.pdf\">6.2 &#8211; Formaliza\u00e7\u00e3o do Aluno PAEC &#8211; Emiss\u00e3o de Aceite. PDF<\/a><\/strong><\/p>\n<ul>\n<li><a href=\"http:\/\/www2.unifap.br\/processos\/files\/2017\/07\/Formaliza\u00e7\u00e3o-do-Aluno-PAEC-\u2013-Emiss\u00e3o-de-Aceite.pdf\">Formaliza\u00e7\u00e3o do Aluno PAEC \u2013 Emiss\u00e3o de Aceite. Mapa de Processo<\/a><\/li>\n<\/ul>\n<p><strong>7<\/strong><em><strong> &#8211; PROGRAMA DE INTERC\u00c2MBIO BRASIL &#8211; COL\u00d4MBIA\/BRACOL<br \/>\n<\/strong><\/em><\/p>\n<p><strong>BRACOL &#8211; UNIFAP &#8211; COLOMBIA<\/strong><\/p>\n<p><strong><a href=\"http:\/\/www2.unifap.br\/processos\/files\/2017\/07\/Processo-de-Sele\u00e7\u00e3o-BRACOL.-PDF.pdf\">7.1 &#8211; Processo de Sele\u00e7\u00e3o BRACOL. PDF<\/a><\/strong><\/p>\n<ul>\n<li><a href=\"http:\/\/www2.unifap.br\/processos\/files\/2017\/07\/PROCESSO-DE-SELE\u00c7\u00c3O-BRACOL.pdf\">Processo de Sele\u00e7\u00e3o BRACOL. Mapa de Processo<\/a><\/li>\n<\/ul>\n<p><strong><a href=\"http:\/\/www2.unifap.br\/processos\/files\/2017\/07\/Formaliza\u00e7\u00e3o-do-Programa-BRACOL.-PDF.pdf\">7.2 &#8211; Formaliza\u00e7\u00e3o do Programa BRACOL. PDF<\/a><\/strong><\/p>\n<ul>\n<li><a href=\"http:\/\/www2.unifap.br\/processos\/files\/2017\/07\/FORMALIZA\u00c7\u00c3O-DO-PROGRAMA-BRACOL.pdf\">Formaiza\u00e7\u00e3o do Programa BRACOL. Mapa de Processo<\/a><\/li>\n<\/ul>\n<p><strong><a href=\"http:\/\/www2.unifap.br\/processos\/files\/2017\/07\/Formaliza\u00e7\u00e3o-do-Aluno-BRACOL.-PDF.pdf\">7.3 &#8211; Formaliza\u00e7\u00e3o do Aluno BRACOL. PDF<\/a><\/strong><\/p>\n<ul>\n<li><a href=\"http:\/\/www2.unifap.br\/processos\/files\/2017\/07\/FORMALIZA\u00c7\u00c3O-DO-ALUNO-BRACOL.pdf\">Formaliza\u00e7\u00e3o do aluno BRACOL. Mapa de Processo<\/a><\/li>\n<\/ul>\n<p><strong><a href=\"http:\/\/www2.unifap.br\/processos\/files\/2017\/07\/Aux\u00edlio-para-viagem-dos-aprovados-BRACOL.-PDF.pdf\">7.4 &#8211; Aux\u00edlio para viagem dos aprovados BRACOL. PDF<\/a><\/strong><\/p>\n<ul>\n<li><a href=\"http:\/\/www2.unifap.br\/processos\/files\/2017\/07\/Aux\u00edlio-para-viagem-dos-aprovados-BRACOL.pdf\">Aux\u00edlio para viagem dos aprovados BRACOL. Mapa de Processo<\/a><\/li>\n<\/ul>\n<p><strong>BRACOL &#8211; COLOMBIA &#8211; UNIFAP<\/strong><\/p>\n<p><strong><a href=\"http:\/\/www2.unifap.br\/processos\/files\/2017\/07\/Formaliza\u00e7\u00e3o-do-Programa-BRACOL.-PDF1.pdf\">7.5 &#8211; Formaliza\u00e7\u00e3o do Programa BRACOL. PDF<\/a><\/strong><\/p>\n<ul>\n<li><a href=\"http:\/\/www2.unifap.br\/processos\/files\/2017\/07\/FORMALIZA\u00c7\u00c3O-DO-PROGRAMA-BRACOL2.pdf\">Formaliza\u00e7\u00e3o do Programa BRACOL. Mapa de Processo<\/a><\/li>\n<\/ul>\n<p><strong><a href=\"http:\/\/www2.unifap.br\/processos\/files\/2017\/07\/Emiss\u00e3o-de-carta-de-aceite.-PDF.pdf\">7.6 &#8211; Emiss\u00e3o de carta de aceite. PDF<\/a><\/strong><\/p>\n<ul>\n<li><a href=\"http:\/\/www2.unifap.br\/processos\/files\/2017\/07\/EMISS\u00c3O-DE-CARTA-DE-ACEITE.pdf\">Emiss\u00e3o de Carta de Aceite. Mapa de Processo<\/a><\/li>\n<\/ul>\n<p>&nbsp;<\/p>\n<p align=\"center\">\u00a0<strong>Pr\u00f3-Reitor<\/strong><b><br \/>\n<\/b>Prof. Dr. Paulo Gustavo Pellegrino Correa<br \/>\npaulogustavo1978@gmail.com<\/p>\n<p align=\"center\"><strong>Secret\u00e1rios<br \/>\n<\/strong>Jos\u00e9 Cosme dos Anjos Farias<br \/>\ncosmefarias@unifap.br<\/p>\n<p align=\"center\">Manuela Santana G\u00f6rtz<br \/>\nmauela.gortz@unifap.br<\/p>\n<p align=\"center\">Jorge Filipe Souza Borges<br \/>\njorge.borges@unifap.br<\/p>\n","protected":false},"excerpt":{"rendered":"<p>Pr\u00f3-Reitoria de Coopera\u00e7\u00e3o e Rela\u00e7\u00f5es Interinstitucionais 1 &#8211; PROGRAMA DE MOBILIDADE NACIONAL ANDIFES 1.1 &#8211; Postula\u00e7\u00e3o do Acad\u00eamico na IFES &#8211; PDF Postula\u00e7\u00e3o do Acad\u00eamico na IFES. Mapa do Processo 1.2 &#8211; Registro de Mobilidade ANDIFES. PDF Registro de Mobilidade&hellip; <\/p>\n<p><a href=\"https:\/\/www2.unifap.br\/processos\/procri\/\" class=\"readmore-button\">Continue Reading<\/a><\/p>\n","protected":false},"author":1735,"featured_media":0,"parent":0,"menu_order":3,"comment_status":"closed","ping_status":"closed","template":"","meta":{"inline_featured_image":false,"ngg_post_thumbnail":0,"footnotes":""},"class_list":["post-7","page","type-page","status-publish","hentry"],"_links":{"self":[{"href":"https:\/\/www2.unifap.br\/processos\/wp-json\/wp\/v2\/pages\/7","targetHints":{"allow":["GET"]}}],"collection":[{"href":"https:\/\/www2.unifap.br\/processos\/wp-json\/wp\/v2\/pages"}],"about":[{"href":"https:\/\/www2.unifap.br\/processos\/wp-json\/wp\/v2\/types\/page"}],"author":[{"embeddable":true,"href":"https:\/\/www2.unifap.br\/processos\/wp-json\/wp\/v2\/users\/1735"}],"replies":[{"embeddable":true,"href":"https:\/\/www2.unifap.br\/processos\/wp-json\/wp\/v2\/comments?post=7"}],"version-history":[{"count":34,"href":"https:\/\/www2.unifap.br\/processos\/wp-json\/wp\/v2\/pages\/7\/revisions"}],"predecessor-version":[{"id":252,"href":"https:\/\/www2.unifap.br\/processos\/wp-json\/wp\/v2\/pages\/7\/revisions\/252"}],"wp:attachment":[{"href":"https:\/\/www2.unifap.br\/processos\/wp-json\/wp\/v2\/media?parent=7"}],"curies":[{"name":"wp","href":"https:\/\/api.w.org\/{rel}","templated":true}]}}