{"id":26,"date":"2016-10-04T11:52:27","date_gmt":"2016-10-04T11:52:27","guid":{"rendered":"http:\/\/www2.unifap.br\/procri-english\/?page_id=26"},"modified":"2019-09-18T17:08:05","modified_gmt":"2019-09-18T17:08:05","slug":"meet-procri","status":"publish","type":"page","link":"https:\/\/www2.unifap.br\/procri-english\/meet-procri\/","title":{"rendered":"Meet PROCRI"},"content":{"rendered":"<p style=\"text-align: center\"><strong>Pr\u00f3-Reitoria de Coopera\u00e7\u00e3o e Rela\u00e7\u00f5es Interinstitucionais \u2013 PROCRI<\/strong><\/p>\n<p style=\"text-align: center\">Pro-Rectory of Cooperation and Inter-institutional Relations<\/p>\n<p style=\"text-align: center\">PROCRI is located in the Rectory building, 1st floor.<\/p>\n<p align=\"center\">(Click on the image to locate the Rectory building)<img decoding=\"async\" class=\"aligncenter\" src=\"http:\/\/www2.unifap.br\/procri\/files\/2015\/08\/GIF_MAPA.gif\" alt=\"\" \/><\/p>\n<p style=\"text-align: center\"><strong>Address<\/strong><\/p>\n<p style=\"text-align: center\">Rod. Juscelino Kubitschek, KM-02.<br \/>\nJardim\u00a0Marco Zero.\u00a0CEP 68.903-419<br \/>\nMacap\u00e1 \/AP. Brasil<br \/>\n<strong>Phone:<\/strong>\u00a0+55 96 4009-2666<\/p>\n<p style=\"text-align: center\"><strong>Business hours<\/strong>: 8h \u00e0s 20h (from monday to friday)<\/p>\n<p style=\"text-align: center\"><strong>\u00a0E-mail:\u00a0<\/strong><u>procri@unifap.br\u00a0<\/u><strong>\u00a0 Facebook:\u00a0<\/strong><a href=\"https:\/\/www.facebook.com\/unifapproci\/\"><strong>https:\/\/www.facebook.com\/unifapproci\/<\/strong><\/a><\/p>\n<p style=\"text-align: center\"><strong>\u00a0Team\u00a0<\/strong><\/p>\n<p style=\"text-align: center\"><strong>Pro-Rector of Cooperation and Interinstitutional Relations<br \/>\n<\/strong>Silvio dos Santos Souza\/ silvio.sousa@unifap.br<\/p>\n<p style=\"text-align: center\"><strong>\u00a0<\/strong><\/p>\n<p style=\"text-align: center\"><strong>Administrative Staff<\/strong><\/p>\n<p style=\"text-align: center\">Jos\u00e9 Cosme dos Anjos Farias\/ cosmefarias@unifap.br<\/p>\n<p style=\"text-align: center\">Anderson Paix\u00e3o Moraes Marinho\/ anderson.marinho@unifap.br<\/p>\n<p style=\"text-align: center\">Manuela Santana G\u00f6rtz\/ manuela.gortz@unifap.br<\/p>\n<p style=\"text-align: center\">Merivaldo Oliveira\/ merivaldo@unifap.br<\/p>\n<p>&nbsp;<\/p>\n","protected":false},"excerpt":{"rendered":"<p>Pr\u00f3-Reitoria de Coopera\u00e7\u00e3o e Rela\u00e7\u00f5es Interinstitucionais \u2013 PROCRI Pro-Rectory of Cooperation and Inter-institutional Relations PROCRI is located in the Rectory building, 1st floor. (Click on the image to locate the Rectory building) Address Rod. Juscelino Kubitschek, KM-02. Jardim\u00a0Marco Zero.\u00a0CEP 68.903-419&hellip; <\/p>\n<p><a href=\"https:\/\/www2.unifap.br\/procri-english\/meet-procri\/\" class=\"readmore-button\">Continue Reading<\/a><\/p>\n","protected":false},"author":622,"featured_media":0,"parent":0,"menu_order":0,"comment_status":"open","ping_status":"open","template":"","meta":{"inline_featured_image":false,"ngg_post_thumbnail":0,"footnotes":""},"class_list":["post-26","page","type-page","status-publish","hentry"],"_links":{"self":[{"href":"https:\/\/www2.unifap.br\/procri-english\/wp-json\/wp\/v2\/pages\/26","targetHints":{"allow":["GET"]}}],"collection":[{"href":"https:\/\/www2.unifap.br\/procri-english\/wp-json\/wp\/v2\/pages"}],"about":[{"href":"https:\/\/www2.unifap.br\/procri-english\/wp-json\/wp\/v2\/types\/page"}],"author":[{"embeddable":true,"href":"https:\/\/www2.unifap.br\/procri-english\/wp-json\/wp\/v2\/users\/622"}],"replies":[{"embeddable":true,"href":"https:\/\/www2.unifap.br\/procri-english\/wp-json\/wp\/v2\/comments?post=26"}],"version-history":[{"count":8,"href":"https:\/\/www2.unifap.br\/procri-english\/wp-json\/wp\/v2\/pages\/26\/revisions"}],"predecessor-version":[{"id":73,"href":"https:\/\/www2.unifap.br\/procri-english\/wp-json\/wp\/v2\/pages\/26\/revisions\/73"}],"wp:attachment":[{"href":"https:\/\/www2.unifap.br\/procri-english\/wp-json\/wp\/v2\/media?parent=26"}],"curies":[{"name":"wp","href":"https:\/\/api.w.org\/{rel}","templated":true}]}}