{"id":41,"date":"2016-10-14T13:23:51","date_gmt":"2016-10-14T13:23:51","guid":{"rendered":"http:\/\/www2.unifap.br\/procri-english\/?page_id=41"},"modified":"2019-07-29T21:01:53","modified_gmt":"2019-07-29T21:01:53","slug":"our-team","status":"publish","type":"page","link":"https:\/\/www2.unifap.br\/procri-english\/meet-procri\/our-team\/","title":{"rendered":"Our Team"},"content":{"rendered":"<p><b>\u00a0 \u00a0 \u00a0 \u00a0 \u00a0 \u00a0 \u00a0 \u00a0 \u00a0 \u00a0 \u00a0 \u00a0 \u00a0 \u00a0 \u00a0 \u00a0 \u00a0 \u00a0 \u00a0 \u00a0 \u00a0 \u00a0 \u00a0 \u00a0JOS\u00c9 COSME DOS ANJOS FARIAS<\/b><\/p>\n<p style=\"text-align: center\" align=\"center\"><img decoding=\"async\" class=\" wp-image-47 aligncenter\" src=\"http:\/\/www2.unifap.br\/procri-english\/files\/2016\/10\/552e189e-3c64-48e4-8e19-b9e7685532ae-300x225.jpg\" alt=\"552e189e-3c64-48e4-8e19-b9e7685532ae\" width=\"180\" height=\"135\" srcset=\"https:\/\/www2.unifap.br\/procri-english\/files\/2016\/10\/552e189e-3c64-48e4-8e19-b9e7685532ae-300x225.jpg 300w, https:\/\/www2.unifap.br\/procri-english\/files\/2016\/10\/552e189e-3c64-48e4-8e19-b9e7685532ae-1024x768.jpg 1024w, https:\/\/www2.unifap.br\/procri-english\/files\/2016\/10\/552e189e-3c64-48e4-8e19-b9e7685532ae.jpg 1280w\" sizes=\"(max-width: 180px) 100vw, 180px\" \/><\/p>\n<p>ASSISTENTE EM ADMINISTRA\u00c7\u00c3O<\/p>\n<p>SECRET\u00c1RIO DA PROCRI<\/p>\n<ul>\n<li>Formado em administra\u00e7\u00e3o, especialista em gest\u00e3o e doc\u00eancia no ensino superior.<\/li>\n<li>Idiomas: italiano, espanhol e franc\u00eas.<\/li>\n<li>Viv\u00eancia internacional: It\u00e1lia e Fran\u00e7a.<\/li>\n<\/ul>\n<p><b>\u00a0 \u00a0 \u00a0 \u00a0 \u00a0 \u00a0 \u00a0 \u00a0 \u00a0 \u00a0 \u00a0 \u00a0 \u00a0 \u00a0 \u00a0 \u00a0 \u00a0 \u00a0 \u00a0 \u00a0 \u00a0 \u00a0 \u00a0 \u00a0 \u00a0 \u00a0<\/b><\/p>\n<p><b>\u00a0 \u00a0 \u00a0 \u00a0 \u00a0 \u00a0 \u00a0 \u00a0 \u00a0 \u00a0 \u00a0 \u00a0 \u00a0 \u00a0 \u00a0 \u00a0 \u00a0 \u00a0 \u00a0 \u00a0 \u00a0 \u00a0 \u00a0 \u00a0 \u00a0 MANUELA SANTANA G\u00d6RTZ<\/b><\/p>\n<p><img decoding=\"async\" class=\" wp-image-44 aligncenter\" src=\"http:\/\/www2.unifap.br\/procri-english\/files\/2016\/10\/dccc2836-0c5d-468e-a386-c1c7c36e2ab1-225x300.jpg\" alt=\"dccc2836-0c5d-468e-a386-c1c7c36e2ab1\" width=\"135\" height=\"180\" srcset=\"https:\/\/www2.unifap.br\/procri-english\/files\/2016\/10\/dccc2836-0c5d-468e-a386-c1c7c36e2ab1-225x300.jpg 225w, https:\/\/www2.unifap.br\/procri-english\/files\/2016\/10\/dccc2836-0c5d-468e-a386-c1c7c36e2ab1-768x1024.jpg 768w, https:\/\/www2.unifap.br\/procri-english\/files\/2016\/10\/dccc2836-0c5d-468e-a386-c1c7c36e2ab1.jpg 960w\" sizes=\"(max-width: 135px) 100vw, 135px\" \/><\/p>\n<p>ASSISTENTE EM ADMINISTRA\u00c7\u00c3O<img decoding=\"async\" src=\"https:\/\/web.whatsapp.com\/dccc2836-0c5d-468e-a386-c1c7c36e2ab1\" alt=\"\" \/><\/p>\n<ul>\n<li>Graduada em Turismo e Hotelaria pela<\/li>\n<li>Mestra em Estudo de Fronteiras (PPGEF\/UNIFAP)<\/li>\n<\/ul>\n<p>UNIFOR;<\/p>\n<ul>\n<li>Especializanda em Tradu\u00e7\u00e3o de Ingl\u00eas;<\/li>\n<li>Idiomas: Ingl\u00eas e Alem\u00e3o<\/li>\n<\/ul>\n<p><b>\u00a0 \u00a0 \u00a0 \u00a0 \u00a0 \u00a0 \u00a0 \u00a0 \u00a0 \u00a0 \u00a0 \u00a0 \u00a0 \u00a0 \u00a0 \u00a0 \u00a0 \u00a0 \u00a0 \u00a0 \u00a0 \u00a0 \u00a0 \u00a0 \u00a0 \u00a0 \u00a0 \u00a0 \u00a0 \u00a0 \u00a0 \u00a0TIAGO LUEDY<\/b><\/p>\n<p><b style=\"text-align: center\"><a href=\"http:\/\/www2.unifap.br\/procri-english\/files\/2016\/10\/unnamed.jpg\"><img decoding=\"async\" class=\" wp-image-43 aligncenter\" src=\"http:\/\/www2.unifap.br\/procri-english\/files\/2016\/10\/unnamed-260x300.jpg\" alt=\"unnamed\" width=\"156\" height=\"180\" srcset=\"https:\/\/www2.unifap.br\/procri-english\/files\/2016\/10\/unnamed-260x300.jpg 260w, https:\/\/www2.unifap.br\/procri-english\/files\/2016\/10\/unnamed.jpg 575w\" sizes=\"(max-width: 156px) 100vw, 156px\" \/><\/a><\/b><\/p>\n<p style=\"text-align: center\">ASSESSOR DE MOBILIDADE\u00a0INTERNACIONAL E COOPERA\u00c7\u00c3O DA PROCRI<\/p>\n<ul>\n<li>Professor efetivo em regime de Dedica\u00e7\u00e3o Exclusiva e membro do N\u00facleo Docente Estruturante (NDE) do curso de Rela\u00e7\u00f5es Internacionais da Universidade Federal do Amap\u00e1 (UNIFAP).<\/li>\n<li>\u00a0Bacharel em Rela\u00e7\u00f5es Internacionais pelo Centro Universit\u00e1rio da Bahia, Especialista em Rela\u00e7\u00f5es Internacionais pela Universidade Federal da Bahia (UFBA) e Mestrando em Desenvolvimento Regional pela Universidade Federal do Amap\u00e1 (UNIFAP).<\/li>\n<li>\u00a0Diretor da Editora da Universidade Federal do Amap\u00e1, Diretor do Laborat\u00f3rio de Rela\u00e7\u00f5es Internacionais e Geopol\u00edtica (LABRIGEO), Coordenador do N\u00facleo Estrat\u00e9gico Amaz\u00f4nico (NEA) do Instituto SUREAR para a Promo\u00e7\u00e3o da Integra\u00e7\u00e3o Latino-Americana.<\/li>\n<li>Coordenador Institucional do Programa de Interc\u00e2mbio Brasil-Col\u00f4mbia (BRACOL)<\/li>\n<\/ul>\n","protected":false},"excerpt":{"rendered":"<p>\u00a0 \u00a0 \u00a0 \u00a0 \u00a0 \u00a0 \u00a0 \u00a0 \u00a0 \u00a0 \u00a0 \u00a0 \u00a0 \u00a0 \u00a0 \u00a0 \u00a0 \u00a0 \u00a0 \u00a0 \u00a0 \u00a0 \u00a0 \u00a0JOS\u00c9 COSME DOS ANJOS FARIAS ASSISTENTE EM ADMINISTRA\u00c7\u00c3O SECRET\u00c1RIO DA PROCRI Formado em administra\u00e7\u00e3o, especialista em gest\u00e3o&hellip; <\/p>\n<p><a href=\"https:\/\/www2.unifap.br\/procri-english\/meet-procri\/our-team\/\" class=\"readmore-button\">Continue Reading<\/a><\/p>\n","protected":false},"author":622,"featured_media":0,"parent":26,"menu_order":0,"comment_status":"open","ping_status":"open","template":"","meta":{"inline_featured_image":false,"ngg_post_thumbnail":0,"footnotes":""},"class_list":["post-41","page","type-page","status-publish","hentry"],"_links":{"self":[{"href":"https:\/\/www2.unifap.br\/procri-english\/wp-json\/wp\/v2\/pages\/41","targetHints":{"allow":["GET"]}}],"collection":[{"href":"https:\/\/www2.unifap.br\/procri-english\/wp-json\/wp\/v2\/pages"}],"about":[{"href":"https:\/\/www2.unifap.br\/procri-english\/wp-json\/wp\/v2\/types\/page"}],"author":[{"embeddable":true,"href":"https:\/\/www2.unifap.br\/procri-english\/wp-json\/wp\/v2\/users\/622"}],"replies":[{"embeddable":true,"href":"https:\/\/www2.unifap.br\/procri-english\/wp-json\/wp\/v2\/comments?post=41"}],"version-history":[{"count":6,"href":"https:\/\/www2.unifap.br\/procri-english\/wp-json\/wp\/v2\/pages\/41\/revisions"}],"predecessor-version":[{"id":66,"href":"https:\/\/www2.unifap.br\/procri-english\/wp-json\/wp\/v2\/pages\/41\/revisions\/66"}],"up":[{"embeddable":true,"href":"https:\/\/www2.unifap.br\/procri-english\/wp-json\/wp\/v2\/pages\/26"}],"wp:attachment":[{"href":"https:\/\/www2.unifap.br\/procri-english\/wp-json\/wp\/v2\/media?parent=41"}],"curies":[{"name":"wp","href":"https:\/\/api.w.org\/{rel}","templated":true}]}}