{"id":1695,"date":"2015-03-18T15:37:16","date_gmt":"2015-03-18T15:37:16","guid":{"rendered":"http:\/\/www2.unifap.br\/procri\/?page_id=1695"},"modified":"2019-07-15T17:30:29","modified_gmt":"2019-07-15T17:30:29","slug":"idiomas-sem-fronteiras","status":"publish","type":"page","link":"https:\/\/www2.unifap.br\/procri\/idiomas-sem-fronteiras\/","title":{"rendered":"Idiomas sem Fronteiras"},"content":{"rendered":"<p>Tutorial de inscri\u00e7\u00e3o nos cursos: My English Online, nos cursos presenciais e TOEFL&nbsp;<a href=\"http:\/\/www2.unifap.br\/procri\/files\/2019\/07\/55549705_844526662547342_1942547479585095680_n-1.pdf\">Tutorial<\/a><\/p>\n<p>&nbsp;<\/p>\n<p>Ingl\u00eas sem Fronteiras: http:\/\/www2.unifap.br\/procri\/idiomas-sem-fronteiras\/ingles-sem-fronteiras\/&nbsp;\u200e<\/p>\n<p>Franc\u00eas sem Fronteiras :&nbsp;http:\/\/www2.unifap.br\/procri\/idiomas-sem-fronteiras\/frances-sem-fronteiras\/<\/p>\n<p>Toefl ITP:&nbsp;http:\/\/www2.unifap.br\/procri\/idiomas-sem-fronteiras\/toefl-itp\/<\/p>\n<h1>&nbsp;<\/h1>\n","protected":false},"excerpt":{"rendered":"<p>Tutorial de inscri\u00e7\u00e3o nos cursos: My English Online, nos cursos presenciais e TOEFL&nbsp;Tutorial &nbsp; Ingl\u00eas sem Fronteiras: http:\/\/www2.unifap.br\/procri\/idiomas-sem-fronteiras\/ingles-sem-fronteiras\/&nbsp;\u200e Franc\u00eas sem Fronteiras :&nbsp;http:\/\/www2.unifap.br\/procri\/idiomas-sem-fronteiras\/frances-sem-fronteiras\/ Toefl ITP:&nbsp;http:\/\/www2.unifap.br\/procri\/idiomas-sem-fronteiras\/toefl-itp\/ &nbsp;<\/p>\n","protected":false},"author":189,"featured_media":0,"parent":0,"menu_order":0,"comment_status":"open","ping_status":"open","template":"","meta":{"inline_featured_image":false,"ngg_post_thumbnail":0,"footnotes":""},"class_list":["post-1695","page","type-page","status-publish","hentry","entry"],"_links":{"self":[{"href":"https:\/\/www2.unifap.br\/procri\/wp-json\/wp\/v2\/pages\/1695","targetHints":{"allow":["GET"]}}],"collection":[{"href":"https:\/\/www2.unifap.br\/procri\/wp-json\/wp\/v2\/pages"}],"about":[{"href":"https:\/\/www2.unifap.br\/procri\/wp-json\/wp\/v2\/types\/page"}],"author":[{"embeddable":true,"href":"https:\/\/www2.unifap.br\/procri\/wp-json\/wp\/v2\/users\/189"}],"replies":[{"embeddable":true,"href":"https:\/\/www2.unifap.br\/procri\/wp-json\/wp\/v2\/comments?post=1695"}],"version-history":[{"count":13,"href":"https:\/\/www2.unifap.br\/procri\/wp-json\/wp\/v2\/pages\/1695\/revisions"}],"predecessor-version":[{"id":4532,"href":"https:\/\/www2.unifap.br\/procri\/wp-json\/wp\/v2\/pages\/1695\/revisions\/4532"}],"wp:attachment":[{"href":"https:\/\/www2.unifap.br\/procri\/wp-json\/wp\/v2\/media?parent=1695"}],"curies":[{"name":"wp","href":"https:\/\/api.w.org\/{rel}","templated":true}]}}