{"id":2012,"date":"2015-08-04T16:09:09","date_gmt":"2015-08-04T16:09:09","guid":{"rendered":"http:\/\/www2.unifap.br\/procri\/?page_id=2012"},"modified":"2017-03-14T18:03:51","modified_gmt":"2017-03-14T18:03:51","slug":"estude-na-unifap","status":"publish","type":"page","link":"https:\/\/www2.unifap.br\/procri\/estude-na-unifap\/","title":{"rendered":"Estude na UNIFAP"},"content":{"rendered":"<h1><span style=\"color: #ff0000\">Procedimento para a recep\u00e7\u00e3o de alunos estrangeiros<\/span><\/h1>\n<p style=\"text-align: justify\">Para manifestar interesse no ingresso em nossa universidade, \u00e9 necess\u00e1rio enviar uma mensagem ao endere\u00e7o eletr\u00f4nico <span style=\"text-decoration: underline;color: #0000ff\">procri@unifap.br<\/span>\u00a0<span style=\"color: #000000\">com o assunto &#8220;Candidatura a Mobilidade Internacional&#8221; e contendo a seguinte documenta\u00e7\u00e3o digitalizada (em formato .docx\/.doc ou .pdf):<\/span><\/p>\n<ul>\n<li>Ficha de requerimento para Mobilidade Internacional devidamente preenchida (<a href=\"http:\/\/www2.unifap.br\/procri\/files\/2015\/08\/Ficha-para-candidatura-alunos-estrangeiros.docx\">link<\/a>);<a href=\"http:\/\/www2.unifap.br\/procri\/files\/2015\/08\/Ficha-para-candidatura-alunos-estrangeiros.docx\"><br \/>\n<\/a><\/li>\n<li>Hist\u00f3rico Escolar da universidade de origem;<\/li>\n<li>Atestado de v\u00ednculo ou comprovante de matr\u00edcula da universidade de origem;<\/li>\n<li>Plano de disciplinas que pretende estudar, com a anu\u00eancia do professor da faculdade de origem.<\/li>\n<li>C\u00f3pia do passaporte do estudante;<\/li>\n<li>Endere\u00e7o residencial de destino (ser\u00e1 obrigat\u00f3rio na realiza\u00e7\u00e3o da matr\u00edcula);<\/li>\n<\/ul>\n<p style=\"text-align: justify\">A solicita\u00e7\u00e3o ser\u00e1 \u00a0analisada pela Coordena\u00e7\u00e3o do curso pretendido que verificar\u00e1 a disponibilidade de vaga por disciplina, a fim de emiss\u00e3o da Carta de Aceite e efetiva\u00e7\u00e3o dos tr\u00e2mites.<\/p>\n","protected":false},"excerpt":{"rendered":"<p>Procedimento para a recep\u00e7\u00e3o de alunos estrangeiros Para manifestar interesse no ingresso em nossa universidade, \u00e9 necess\u00e1rio enviar uma mensagem ao endere\u00e7o eletr\u00f4nico procri@unifap.br\u00a0com o assunto &#8220;Candidatura a Mobilidade Internacional&#8221; e contendo a seguinte documenta\u00e7\u00e3o digitalizada (em formato .docx\/.doc ou .pdf): Ficha de requerimento para Mobilidade Internacional devidamente preenchida (link); Hist\u00f3rico Escolar da universidade de&#8230;<\/p>\n","protected":false},"author":189,"featured_media":0,"parent":0,"menu_order":0,"comment_status":"open","ping_status":"open","template":"","meta":{"inline_featured_image":false,"ngg_post_thumbnail":0,"footnotes":""},"class_list":["post-2012","page","type-page","status-publish","hentry","entry"],"_links":{"self":[{"href":"https:\/\/www2.unifap.br\/procri\/wp-json\/wp\/v2\/pages\/2012","targetHints":{"allow":["GET"]}}],"collection":[{"href":"https:\/\/www2.unifap.br\/procri\/wp-json\/wp\/v2\/pages"}],"about":[{"href":"https:\/\/www2.unifap.br\/procri\/wp-json\/wp\/v2\/types\/page"}],"author":[{"embeddable":true,"href":"https:\/\/www2.unifap.br\/procri\/wp-json\/wp\/v2\/users\/189"}],"replies":[{"embeddable":true,"href":"https:\/\/www2.unifap.br\/procri\/wp-json\/wp\/v2\/comments?post=2012"}],"version-history":[{"count":12,"href":"https:\/\/www2.unifap.br\/procri\/wp-json\/wp\/v2\/pages\/2012\/revisions"}],"predecessor-version":[{"id":4186,"href":"https:\/\/www2.unifap.br\/procri\/wp-json\/wp\/v2\/pages\/2012\/revisions\/4186"}],"wp:attachment":[{"href":"https:\/\/www2.unifap.br\/procri\/wp-json\/wp\/v2\/media?parent=2012"}],"curies":[{"name":"wp","href":"https:\/\/api.w.org\/{rel}","templated":true}]}}