{"id":2022,"date":"2015-08-04T17:52:40","date_gmt":"2015-08-04T17:52:40","guid":{"rendered":"http:\/\/www2.unifap.br\/procri\/?page_id=2022"},"modified":"2015-08-04T18:41:04","modified_gmt":"2015-08-04T18:41:04","slug":"frances-sem-fronteiras","status":"publish","type":"page","link":"https:\/\/www2.unifap.br\/procri\/idiomas-sem-fronteiras\/frances-sem-fronteiras\/","title":{"rendered":"Franc\u00eas sem Fronteiras"},"content":{"rendered":"<p>Promovido pelo Minist\u00e9rio da Educa\u00e7\u00e3o (MEC) atrav\u00e9s da Secretaria de Educa\u00e7\u00e3o Superior (SESu) e da Coordena\u00e7\u00e3o de Aperfei\u00e7oamento de Pessoal de N\u00edvel Superior (CAPES), o principal objetivo do Programa Idiomas sem Fronteiras &#8211; Franc\u00eas \u00e9 incentivar o aprendizado da l\u00edngua francesa, al\u00e9m de propiciar uma mudan\u00e7a abrangente e estruturante no ensino de idiomas estrangeiros nas universidades do Pa\u00eds.<\/p>\n<p>Neste sentido, as a\u00e7\u00f5es do programa visam atender \u00e0 comunidade universit\u00e1ria brasileira com o objetivo de:<\/p>\n<ul>\n<li>\u00a0Proporcionar oportunidades de acesso a universidades de pa\u00edses onde a educa\u00e7\u00e3o superior \u00e9 conduzida em sua totalidade ou em parte por meio da l\u00edngua francesa.<\/li>\n<li>Aumentar o n\u00famero de professores e alunos estrangeiros em seus campi ampliando assim o processo de internacionaliza\u00e7\u00e3o das universidades brasileiras.<\/li>\n<\/ul>\n<p>Mais informa\u00e7\u00f5es em:\u00a0<a href=\"http:\/\/isf.mec.gov.br\/frances\/pt-br\/\">http:\/\/isf.mec.gov.br\/frances\/pt-br\/<\/a><\/p>\n","protected":false},"excerpt":{"rendered":"<p>Promovido pelo Minist\u00e9rio da Educa\u00e7\u00e3o (MEC) atrav\u00e9s da Secretaria de Educa\u00e7\u00e3o Superior (SESu) e da Coordena\u00e7\u00e3o de Aperfei\u00e7oamento de Pessoal de N\u00edvel Superior (CAPES), o principal objetivo do Programa Idiomas sem Fronteiras &#8211; Franc\u00eas \u00e9 incentivar o aprendizado da l\u00edngua francesa, al\u00e9m de propiciar uma mudan\u00e7a abrangente e estruturante no ensino de idiomas estrangeiros nas&#8230;<\/p>\n","protected":false},"author":189,"featured_media":0,"parent":1695,"menu_order":0,"comment_status":"open","ping_status":"open","template":"","meta":{"inline_featured_image":false,"ngg_post_thumbnail":0,"footnotes":""},"class_list":["post-2022","page","type-page","status-publish","hentry","entry"],"_links":{"self":[{"href":"https:\/\/www2.unifap.br\/procri\/wp-json\/wp\/v2\/pages\/2022","targetHints":{"allow":["GET"]}}],"collection":[{"href":"https:\/\/www2.unifap.br\/procri\/wp-json\/wp\/v2\/pages"}],"about":[{"href":"https:\/\/www2.unifap.br\/procri\/wp-json\/wp\/v2\/types\/page"}],"author":[{"embeddable":true,"href":"https:\/\/www2.unifap.br\/procri\/wp-json\/wp\/v2\/users\/189"}],"replies":[{"embeddable":true,"href":"https:\/\/www2.unifap.br\/procri\/wp-json\/wp\/v2\/comments?post=2022"}],"version-history":[{"count":3,"href":"https:\/\/www2.unifap.br\/procri\/wp-json\/wp\/v2\/pages\/2022\/revisions"}],"predecessor-version":[{"id":2031,"href":"https:\/\/www2.unifap.br\/procri\/wp-json\/wp\/v2\/pages\/2022\/revisions\/2031"}],"up":[{"embeddable":true,"href":"https:\/\/www2.unifap.br\/procri\/wp-json\/wp\/v2\/pages\/1695"}],"wp:attachment":[{"href":"https:\/\/www2.unifap.br\/procri\/wp-json\/wp\/v2\/media?parent=2022"}],"curies":[{"name":"wp","href":"https:\/\/api.w.org\/{rel}","templated":true}]}}