{"id":2024,"date":"2015-08-04T17:53:55","date_gmt":"2015-08-04T17:53:55","guid":{"rendered":"http:\/\/www2.unifap.br\/procri\/?page_id=2024"},"modified":"2019-03-29T14:35:18","modified_gmt":"2019-03-29T14:35:18","slug":"ingles-sem-fronteiras","status":"publish","type":"page","link":"https:\/\/www2.unifap.br\/procri\/idiomas-sem-fronteiras\/ingles-sem-fronteiras\/","title":{"rendered":"Ingl\u00eas sem Fronteiras"},"content":{"rendered":"<p><a href=\"http:\/\/www2.unifap.br\/procri\/files\/2015\/03\/Logo_IsF_nova-1.jpg\"><img fetchpriority=\"high\" decoding=\"async\" class=\"aligncenter\" src=\"http:\/\/www2.unifap.br\/procri\/files\/2015\/03\/Logo_IsF_nova-1-300x300.jpg\" alt=\"Logo_IsF_nova (1)\" width=\"300\" height=\"300\" \/><\/a><\/p>\n<p>O programa Ingl\u00eas sem Fronteiras oferece cursos presenciais para alunos, professores e t\u00e9cnicos da\u00a0UNIFAP.<\/p>\n<p>Os cursos possuem cargas hor\u00e1rias de 16h, 32h e 48h e buscam trabalhar as diversas habilidades da\u00a0l\u00edngua inglesa exigidas no mundo acad\u00eamico e profissional.<br \/>\nPara se inscrever, \u00e9 preciso comprovar seu n\u00edvel de ingl\u00eas. O sistema IsF aceita o TOEFL ou o My\u00a0English Online (MEO). Se voc\u00ea ainda n\u00e3o possui, acesse o MEO e fa\u00e7a seu teste de nivelamento online\u00a0(mesmo que nenhuma oferta de cursos esteja aberta).<br \/>\nAs ofertas s\u00e3o sempre divulgadas na p\u00e1gina do Idiomas sem Fronteiras do Facebook.<\/p>\n<p><a href=\"http:\/\/www2.unifap.br\/procri\/files\/2019\/03\/TUTORIAIS.pdf\">TUTORIAIS<\/a><\/p>\n<p style=\"text-align: center\">Maiores informa\u00e7\u00f5es:\u00a0unifap@programaisf.pro.br<\/p>\n","protected":false},"excerpt":{"rendered":"<p>O programa Ingl\u00eas sem Fronteiras oferece cursos presenciais para alunos, professores e t\u00e9cnicos da\u00a0UNIFAP. Os cursos possuem cargas hor\u00e1rias de 16h, 32h e 48h e buscam trabalhar as diversas habilidades da\u00a0l\u00edngua inglesa exigidas no mundo acad\u00eamico e profissional. Para se inscrever, \u00e9 preciso comprovar seu n\u00edvel de ingl\u00eas. O sistema IsF aceita o TOEFL ou&#8230;<\/p>\n","protected":false},"author":189,"featured_media":0,"parent":1695,"menu_order":1,"comment_status":"open","ping_status":"open","template":"","meta":{"inline_featured_image":false,"ngg_post_thumbnail":0,"footnotes":""},"class_list":["post-2024","page","type-page","status-publish","hentry","entry"],"_links":{"self":[{"href":"https:\/\/www2.unifap.br\/procri\/wp-json\/wp\/v2\/pages\/2024","targetHints":{"allow":["GET"]}}],"collection":[{"href":"https:\/\/www2.unifap.br\/procri\/wp-json\/wp\/v2\/pages"}],"about":[{"href":"https:\/\/www2.unifap.br\/procri\/wp-json\/wp\/v2\/types\/page"}],"author":[{"embeddable":true,"href":"https:\/\/www2.unifap.br\/procri\/wp-json\/wp\/v2\/users\/189"}],"replies":[{"embeddable":true,"href":"https:\/\/www2.unifap.br\/procri\/wp-json\/wp\/v2\/comments?post=2024"}],"version-history":[{"count":16,"href":"https:\/\/www2.unifap.br\/procri\/wp-json\/wp\/v2\/pages\/2024\/revisions"}],"predecessor-version":[{"id":4387,"href":"https:\/\/www2.unifap.br\/procri\/wp-json\/wp\/v2\/pages\/2024\/revisions\/4387"}],"up":[{"embeddable":true,"href":"https:\/\/www2.unifap.br\/procri\/wp-json\/wp\/v2\/pages\/1695"}],"wp:attachment":[{"href":"https:\/\/www2.unifap.br\/procri\/wp-json\/wp\/v2\/media?parent=2024"}],"curies":[{"name":"wp","href":"https:\/\/api.w.org\/{rel}","templated":true}]}}