{"id":2052,"date":"2015-08-06T12:39:30","date_gmt":"2015-08-06T12:39:30","guid":{"rendered":"http:\/\/www2.unifap.br\/procri\/?page_id=2052"},"modified":"2019-03-27T14:42:06","modified_gmt":"2019-03-27T14:42:06","slug":"toefl-itp","status":"publish","type":"page","link":"https:\/\/www2.unifap.br\/procri\/idiomas-sem-fronteiras\/toefl-itp\/","title":{"rendered":"TOEFL\u00ae ITP"},"content":{"rendered":"<p style=\"text-align: justify\">Em parceria com a\u00a0Mastertest, o Idiomas sem Fronteiras &#8211; Ingl\u00eas proporciona a estudantes e profissionais a realiza\u00e7\u00e3o do TOEFL\u00ae ITP como\u00a0teste de nivelamento\u00a0e\/ou\u00a0exame de profici\u00eancia\u00a0em l\u00edngua inglesa.<\/p>\n<h2 style=\"text-align: justify\"><strong>\u00a0<span style=\"color: #008000\">Por que fazer o TOEFL ITP?<\/span><\/strong><\/h2>\n<ul>\n<li style=\"text-align: justify\">Avalia exatamente qual \u00e9 o n\u00edvel de profici\u00eancia em que voc\u00ea se encontra, ainda que tenha pouco conhecimento em l\u00edngua inglesa;<\/li>\n<li style=\"text-align: justify\">\u00c9 uma oportunidade de acesso a cursos online e presenciais (conforme o perfil do candidato) para melhorar seu n\u00edvel em Ingl\u00eas<strong>*<\/strong>;<\/li>\n<li style=\"text-align: justify\">Os resultados dos testes<strong>**<\/strong>\u00a0em n\u00edvel nacional auxiliar\u00e3o o N\u00facleo Gestor do IsF a estabelecer estrat\u00e9gias para o aprimoramento do n\u00edvel lingu\u00edstico no Brasil;<\/li>\n<li style=\"text-align: justify\">\u00c9 aceito como comprovante de profici\u00eancia em l\u00edngua inglesa na maioria das universidades estrangeiras parceiras do Ci\u00eancia sem Fronteiras e outros programas de interc\u00e2mbio acad\u00eamico.<\/li>\n<\/ul>\n<p><em><strong>*<\/strong>A realiza\u00e7\u00e3o do TOEFL ITP pode ser usada para a inscri\u00e7\u00e3o nas demais a\u00e7\u00f5es do IsF &#8211; Ingl\u00eas. A partir da Oferta 4 de 2015, somente poder\u00e1 se inscrever nos cursos presenciais do IsF &#8211; Ingl\u00eas quem tiver seu resultado do teste.<\/em><\/p>\n<p><em><strong>**<\/strong>O resultado do teste n\u00e3o aprova ou reprova, apenas indica seu n\u00edvel em l\u00edngua inglesa.<\/em><\/p>\n<h2><span style=\"color: #008000\"><strong>Como est\u00e1 estruturado o teste?<\/strong><\/span><\/h2>\n<p>O teste avalia especialmente:<\/p>\n<ul>\n<li>Compreens\u00e3o auditiva<\/li>\n<li>Compreens\u00e3o escrita<\/li>\n<li>Vocabul\u00e1rio<\/li>\n<li>Gram\u00e1tica<\/li>\n<\/ul>\n<h2><span style=\"color: #008000\"><strong>Como participar?<\/strong><\/span><\/h2>\n<p>Fa\u00e7a sua inscri\u00e7\u00e3o com anteced\u00eancia no site\u00a0<a href=\"http:\/\/isfaluno.mec.gov.br\/\">http:\/\/isfaluno.mec.gov.br\/<\/a><\/p>\n<p>Leia o Manual do Candidato ao TOEFL ITP (<a href=\"http:\/\/isf.mec.gov.br\/ingles\/images\/pdf\/manual_candidato_toefl_itp.pdf\">link<\/a>)<\/p>\n<h2><span style=\"color: #008000\"><strong>J\u00e1 fez o teste?<\/strong><\/span><\/h2>\n<ul>\n<li>\n<h3>RESULTADO<\/h3>\n<\/li>\n<\/ul>\n<p>Dispon\u00edvel a partir de\u00a0<strong>45 dias*<\/strong>\u00a0ap\u00f3s a data de realiza\u00e7\u00e3o do teste.<\/p>\n<p>Para conferir seu <em>score<\/em>,\u00a0<a href=\"http:\/\/isfaluno.mec.gov.br\/\" target=\"_blank\" rel=\"noopener\">clique aqui<\/a>\u00a0e acesse a \u00e1rea em verde, referente ao Centro Aplicador.<\/p>\n<address>*Caso voc\u00ea tenha realizado o teste h\u00e1 mais de 45 dias e seu score n\u00e3o esteja dispon\u00edvel, entre em contato com a coordenado\u00e7\u00e3o IsF \u00a0da UNIFAP<\/address>\n<ul>\n<li>\n<h3>SCORE IMPRESSO<\/h3>\n<\/li>\n<\/ul>\n<p>Ap\u00f3s\u00a0<strong>30 dias<\/strong>\u00a0da divulga\u00e7\u00e3o\u00a0<em>online<\/em>\u00a0do seu <em>score<\/em>, o mesmo ser\u00e1 enviado em vers\u00e3o impressa para a <strong>Pr\u00f3-Reitoria de Coopera\u00e7\u00e3o e Rela\u00e7\u00f5es<\/strong> <strong>Interinstitucionais<\/strong> para o recebimento.<\/p>\n<ul>\n<li>\n<h3>INSCREVA-SE PARA OS CURSOS PRESENCIAIS!<\/h3>\n<\/li>\n<\/ul>\n<p>Alunos de universidades NucLi ter\u00e3o como requisito para a inscri\u00e7\u00e3o em cursos presenciais o seu <em>score<\/em> no TOEFL ITP, realizado pelo IsF &#8211; Ingl\u00eas.<\/p>\n<h2><\/h2>\n<h2><span style=\"color: #008000\"><strong>Coordena\u00e7\u00e3o<\/strong><\/span><\/h2>\n<p><strong>Juliana Attie<\/strong><br \/>\nCoordenadora Geral IsF UNIFAP<\/p>\n<p>Email:\u00a0unifap@programaisf.pro.br<\/p>\n<p>&nbsp;<\/p>\n","protected":false},"excerpt":{"rendered":"<p>Em parceria com a\u00a0Mastertest, o Idiomas sem Fronteiras &#8211; Ingl\u00eas proporciona a estudantes e profissionais a realiza\u00e7\u00e3o do TOEFL\u00ae ITP como\u00a0teste de nivelamento\u00a0e\/ou\u00a0exame de profici\u00eancia\u00a0em l\u00edngua inglesa. \u00a0Por que fazer o TOEFL ITP? Avalia exatamente qual \u00e9 o n\u00edvel de profici\u00eancia em que voc\u00ea se encontra, ainda que tenha pouco conhecimento em l\u00edngua inglesa; \u00c9&#8230;<\/p>\n","protected":false},"author":189,"featured_media":0,"parent":1695,"menu_order":0,"comment_status":"open","ping_status":"open","template":"","meta":{"inline_featured_image":false,"ngg_post_thumbnail":0,"footnotes":""},"class_list":["post-2052","page","type-page","status-publish","hentry","entry"],"_links":{"self":[{"href":"https:\/\/www2.unifap.br\/procri\/wp-json\/wp\/v2\/pages\/2052","targetHints":{"allow":["GET"]}}],"collection":[{"href":"https:\/\/www2.unifap.br\/procri\/wp-json\/wp\/v2\/pages"}],"about":[{"href":"https:\/\/www2.unifap.br\/procri\/wp-json\/wp\/v2\/types\/page"}],"author":[{"embeddable":true,"href":"https:\/\/www2.unifap.br\/procri\/wp-json\/wp\/v2\/users\/189"}],"replies":[{"embeddable":true,"href":"https:\/\/www2.unifap.br\/procri\/wp-json\/wp\/v2\/comments?post=2052"}],"version-history":[{"count":11,"href":"https:\/\/www2.unifap.br\/procri\/wp-json\/wp\/v2\/pages\/2052\/revisions"}],"predecessor-version":[{"id":4342,"href":"https:\/\/www2.unifap.br\/procri\/wp-json\/wp\/v2\/pages\/2052\/revisions\/4342"}],"up":[{"embeddable":true,"href":"https:\/\/www2.unifap.br\/procri\/wp-json\/wp\/v2\/pages\/1695"}],"wp:attachment":[{"href":"https:\/\/www2.unifap.br\/procri\/wp-json\/wp\/v2\/media?parent=2052"}],"curies":[{"name":"wp","href":"https:\/\/api.w.org\/{rel}","templated":true}]}}