{"id":2138,"date":"2015-08-10T12:43:56","date_gmt":"2015-08-10T12:43:56","guid":{"rendered":"http:\/\/www2.unifap.br\/procri\/?page_id=2138"},"modified":"2019-08-19T11:44:51","modified_gmt":"2019-08-19T11:44:51","slug":"contato","status":"publish","type":"page","link":"https:\/\/www2.unifap.br\/procri\/pro-reitoria\/contato\/","title":{"rendered":"Equipe e contatos"},"content":{"rendered":"<h2 style=\"text-align: center\"><span style=\"color: #000000\"><strong>Pr\u00f3-Reitoria de Coopera\u00e7\u00e3o e Rela\u00e7\u00f5es Interinstitucionais<\/strong><\/span><\/h2>\n<p style=\"text-align: center\">Atualmente a Pr\u00f3-reitoria est\u00e1 localizada no<span style=\"text-decoration: underline\"> pr\u00e9dio da Reitoria, 1\u00ba Andar.<\/span><i><br \/>\n<\/i><i>(clique na imagem para localizar o pr\u00e9dio da Reitoria<\/i><i>)<\/i><\/p>\n<h2 style=\"text-align: center\"><span style=\"color: #000000\"><strong><a href=\"http:\/\/www2.unifap.br\/procri\/files\/2015\/08\/GIF_MAPA.gif\"><img fetchpriority=\"high\" decoding=\"async\" class=\"aligncenter wp-image-2834\" src=\"http:\/\/www2.unifap.br\/procri\/files\/2015\/08\/GIF_MAPA.gif\" alt=\"GIF_MAPA\" width=\"346\" height=\"218\"><\/a><\/strong><\/span><strong><br \/>\n<span style=\"color: #000000\">Endere\u00e7o<\/span><\/strong><\/h2>\n<address>\n<p style=\"text-align: center\">Rod. Juscelino Kubitschek, KM-02.<br \/>\nJardim&nbsp;Marco Zero.&nbsp;CEP 68.903-419<br \/>\nMacap\u00e1 \/AP. Brasil<br \/>\n<strong>Telefones:<\/strong>&nbsp;96 4009-2666\/ Telefonista: 3312-1700<\/p>\n<p style=\"text-align: center\"><strong>Hor\u00e1rio de Funcionamento<\/strong>: 8h \u00e0s 20h (de segunda \u00e0 sexta-feira)<\/p>\n<p style=\"text-align: center\"><strong>&nbsp;Email:&nbsp;<\/strong><span style=\"text-decoration: underline\"><span style=\"color: #0000ff;text-decoration: underline\">procri@unifap.br&nbsp;<\/span><\/span><strong>&nbsp; Facebook:&nbsp;<a href=\"https:\/\/www.facebook.com\/unifapproci\/\">https:\/\/www.facebook.com\/unifapproci\/<\/a><br \/>\n<\/strong><\/p>\n<p style=\"text-align: center\">&nbsp;<\/p>\n<\/address>\n<h2 style=\"text-align: center\"><span style=\"color: #000000\"><strong>&nbsp;Equipe&nbsp;<\/strong><\/span><\/h2>\n<p align=\"center\"><strong>Pr\u00f3-Reitor<\/strong><b><br \/>\n<\/b>T\u00e9cnico Silvio dos Santos Souza\/ silvio.sousa@unifap.br<\/p>\n<p align=\"center\"><strong>T\u00e9cnicos administrativos<\/strong><\/p>\n<p align=\"center\">Jos\u00e9 Cosme dos Anjos Farias\/ cosmefarias@unifap.br<\/p>\n<p align=\"center\">Anderson Paix\u00e3o Moraes Marinho\/ anderson.marinho@unifap.br<\/p>\n<p align=\"center\">Manuela Santana G\u00f6rtz\/ mauela.gortz@unifap.br<\/p>\n<p align=\"center\">Merivaldo Oliveira\/ merivaldo@unifap.br<\/p>\n<p align=\"center\"><strong>Bolsistas<\/strong><\/p>\n<p align=\"center\">Guilherme Alfaia<\/p>\n<p>&nbsp;<\/p>\n","protected":false},"excerpt":{"rendered":"<p>Pr\u00f3-Reitoria de Coopera\u00e7\u00e3o e Rela\u00e7\u00f5es Interinstitucionais Atualmente a Pr\u00f3-reitoria est\u00e1 localizada no pr\u00e9dio da Reitoria, 1\u00ba Andar. (clique na imagem para localizar o pr\u00e9dio da Reitoria) Endere\u00e7o Rod. Juscelino Kubitschek, KM-02. Jardim&nbsp;Marco Zero.&nbsp;CEP 68.903-419 Macap\u00e1 \/AP. Brasil Telefones:&nbsp;96 4009-2666\/ Telefonista: 3312-1700 Hor\u00e1rio de Funcionamento: 8h \u00e0s 20h (de segunda \u00e0 sexta-feira) &nbsp;Email:&nbsp;procri@unifap.br&nbsp;&nbsp; Facebook:&nbsp;https:\/\/www.facebook.com\/unifapproci\/ &nbsp; &nbsp;Equipe&nbsp;&#8230;<\/p>\n","protected":false},"author":189,"featured_media":0,"parent":2,"menu_order":0,"comment_status":"open","ping_status":"open","template":"","meta":{"inline_featured_image":false,"ngg_post_thumbnail":0,"footnotes":""},"class_list":["post-2138","page","type-page","status-publish","hentry","entry"],"_links":{"self":[{"href":"https:\/\/www2.unifap.br\/procri\/wp-json\/wp\/v2\/pages\/2138","targetHints":{"allow":["GET"]}}],"collection":[{"href":"https:\/\/www2.unifap.br\/procri\/wp-json\/wp\/v2\/pages"}],"about":[{"href":"https:\/\/www2.unifap.br\/procri\/wp-json\/wp\/v2\/types\/page"}],"author":[{"embeddable":true,"href":"https:\/\/www2.unifap.br\/procri\/wp-json\/wp\/v2\/users\/189"}],"replies":[{"embeddable":true,"href":"https:\/\/www2.unifap.br\/procri\/wp-json\/wp\/v2\/comments?post=2138"}],"version-history":[{"count":39,"href":"https:\/\/www2.unifap.br\/procri\/wp-json\/wp\/v2\/pages\/2138\/revisions"}],"predecessor-version":[{"id":4285,"href":"https:\/\/www2.unifap.br\/procri\/wp-json\/wp\/v2\/pages\/2138\/revisions\/4285"}],"up":[{"embeddable":true,"href":"https:\/\/www2.unifap.br\/procri\/wp-json\/wp\/v2\/pages\/2"}],"wp:attachment":[{"href":"https:\/\/www2.unifap.br\/procri\/wp-json\/wp\/v2\/media?parent=2138"}],"curies":[{"name":"wp","href":"https:\/\/api.w.org\/{rel}","templated":true}]}}