{"id":2145,"date":"2015-08-10T12:56:56","date_gmt":"2015-08-10T12:56:56","guid":{"rendered":"http:\/\/www2.unifap.br\/procri\/?page_id=2145"},"modified":"2015-08-18T14:36:53","modified_gmt":"2015-08-18T14:36:53","slug":"bracol-programa-de-intercambio-de-estudantes-brasil-colombia","status":"publish","type":"page","link":"https:\/\/www2.unifap.br\/procri\/programasinternacionais\/bracol-programa-de-intercambio-de-estudantes-brasil-colombia\/","title":{"rendered":"Programa de Interc\u00e2mbio de Estudantes Brasil-Col\u00f4mbia \u2014 BRACOL"},"content":{"rendered":"<blockquote>\n<h3 style=\"text-align: center\">O Programa consiste no interc\u00e2mbio de estudantes de gradua\u00e7\u00e3o de universidades do Brasil e da Col\u00f4mbia. O objetivo principal \u00e9 contribuir para a e o fortalecimento regional por meio da aproxima\u00e7\u00e3o acad\u00eamico-cient\u00edfica de ambos os pa\u00edses. Para alunos de gradua\u00e7\u00e3o da UNIFAP, atrav\u00e9s de Conv\u00eanio firmado entre o Grupo Coimbra de Universidades Brasileiras (GCUB), a Asociaci\u00f3n Colombiana de Universidades &#8211; ASCUN e a UNIFAP.<\/h3>\n<\/blockquote>\n<p style=\"text-align: center\"><a style=\"text-align: justify\" href=\"http:\/\/www2.unifap.br\/procri\/files\/2015\/08\/692x360xcolombia-692x360.jpg.pagespeed.ic_.RX0jCVdPak.jpg\"><img fetchpriority=\"high\" decoding=\"async\" class=\"aligncenter  wp-image-2283\" alt=\"692x360xcolombia-692x360.jpg.pagespeed.ic.RX0jCVdPak\" src=\"http:\/\/www2.unifap.br\/procri\/files\/2015\/08\/692x360xcolombia-692x360.jpg.pagespeed.ic_.RX0jCVdPak.jpg\" width=\"388\" height=\"202\" srcset=\"https:\/\/www2.unifap.br\/procri\/files\/2015\/08\/692x360xcolombia-692x360.jpg.pagespeed.ic_.RX0jCVdPak.jpg 692w, https:\/\/www2.unifap.br\/procri\/files\/2015\/08\/692x360xcolombia-692x360.jpg.pagespeed.ic_.RX0jCVdPak-300x156.jpg 300w\" sizes=\"(max-width: 388px) 100vw, 388px\" \/><\/a><\/p>\n<ul>\n<li style=\"text-align: justify\"><span style=\"color: #000000\">Os cursos de gradua\u00e7\u00e3o contemplados pelo programa depende da disponibilidade e a aprova\u00e7\u00e3o das coordena\u00e7\u00f5es de cursos da UNIFAP e da universidade estrangeira, sendo apresentada no edital a ser lan\u00e7ado.<\/span><\/li>\n<li style=\"text-align: justify\"><span style=\"color: #000000\">\u00a0As despesas com alimenta\u00e7\u00e3o e alojamento s\u00e3o cobertas pela universidade anfitri\u00e3, que tamb\u00e9m poder\u00e1 oferecer curso de espanhol.<\/span><\/li>\n<li style=\"text-align: justify\"><span style=\"color: #000000\">A UNIFAP conceder\u00e1 uma ajuda de custo no valor de R$ 2.400,00 (dois mil e quatrocentos reais) aos alunos aprovados, dividida em seis parcelas de R$400,00 (quatrocentos reais).<\/span><\/li>\n<\/ul>\n<h3><span style=\"color: #ff0000\">Confira os editais\u00a0anteriores para o programa:<\/span><\/h3>\n<ul>\n<li>\n<p style=\"text-align: left\">\u00a0Programa BRACOL \u00a02015<\/p>\n<\/li>\n<\/ul>\n<p style=\"text-align: left\"><a href=\"http:\/\/www2.unifap.br\/procri\/files\/2015\/04\/EDITAL-09-2015-PROCRI-_BRACOL_-_2_final.pdf\">Edital N\u00ba09\/2015\/PROCRI\/UNIFAP<\/a><br \/>\n<a href=\"http:\/\/www2.unifap.br\/procri\/2015\/05\/11\/resultado-da-selecao-programa-de-intercambio-brasil-colombia-bracol\/\">Resultado<\/a><\/p>\n","protected":false},"excerpt":{"rendered":"<p>O Programa consiste no interc\u00e2mbio de estudantes de gradua\u00e7\u00e3o de universidades do Brasil e da Col\u00f4mbia. O objetivo principal \u00e9 contribuir para a e o fortalecimento regional por meio da aproxima\u00e7\u00e3o acad\u00eamico-cient\u00edfica de ambos os pa\u00edses. Para alunos de gradua\u00e7\u00e3o da UNIFAP, atrav\u00e9s de Conv\u00eanio firmado entre o Grupo Coimbra de Universidades Brasileiras (GCUB), a&#8230;<\/p>\n","protected":false},"author":189,"featured_media":0,"parent":2106,"menu_order":0,"comment_status":"open","ping_status":"open","template":"","meta":{"inline_featured_image":false,"ngg_post_thumbnail":0,"footnotes":""},"class_list":["post-2145","page","type-page","status-publish","hentry","entry"],"_links":{"self":[{"href":"https:\/\/www2.unifap.br\/procri\/wp-json\/wp\/v2\/pages\/2145","targetHints":{"allow":["GET"]}}],"collection":[{"href":"https:\/\/www2.unifap.br\/procri\/wp-json\/wp\/v2\/pages"}],"about":[{"href":"https:\/\/www2.unifap.br\/procri\/wp-json\/wp\/v2\/types\/page"}],"author":[{"embeddable":true,"href":"https:\/\/www2.unifap.br\/procri\/wp-json\/wp\/v2\/users\/189"}],"replies":[{"embeddable":true,"href":"https:\/\/www2.unifap.br\/procri\/wp-json\/wp\/v2\/comments?post=2145"}],"version-history":[{"count":14,"href":"https:\/\/www2.unifap.br\/procri\/wp-json\/wp\/v2\/pages\/2145\/revisions"}],"predecessor-version":[{"id":2287,"href":"https:\/\/www2.unifap.br\/procri\/wp-json\/wp\/v2\/pages\/2145\/revisions\/2287"}],"up":[{"embeddable":true,"href":"https:\/\/www2.unifap.br\/procri\/wp-json\/wp\/v2\/pages\/2106"}],"wp:attachment":[{"href":"https:\/\/www2.unifap.br\/procri\/wp-json\/wp\/v2\/media?parent=2145"}],"curies":[{"name":"wp","href":"https:\/\/api.w.org\/{rel}","templated":true}]}}