{"id":2447,"date":"2015-11-18T13:21:04","date_gmt":"2015-11-18T13:21:04","guid":{"rendered":"http:\/\/www2.unifap.br\/procri\/?page_id=2447"},"modified":"2017-10-02T20:26:06","modified_gmt":"2017-10-02T20:26:06","slug":"edital-152015procri_mobilidade-nacional-andifes-c-bolsa-santander","status":"publish","type":"page","link":"https:\/\/www2.unifap.br\/procri\/bolsas-para-pesquisa\/editais-2015\/edital-152015procri_mobilidade-nacional-andifes-c-bolsa-santander\/","title":{"rendered":"Edital 15\/2015\/PROCRI_Mobilidade Nacional Andifes c\/ Bolsa Santander"},"content":{"rendered":"<p align=\"center\"><b>LISTA HOMOLOGADA EDITAL 15\/2015\/PROCRI\/UNIFAP <\/b><\/p>\n<p align=\"center\"><b>SELE\u00c7\u00c3O DE ALUNOS \u00c0 BOLSA SANTANDER DE INCENTIVO \u00c0 MOBILIDADE NACIONAL <i>ANDIFES<\/i><\/b><\/p>\n<p><a href=\"http:\/\/www2.unifap.br\/procri\/files\/2015\/11\/LISTA-HOMOLOGA\u00c7\u00c3O-EDITAL-15-2015-PROCRI_Bolsa-Santander-Andifes_Mob-Nacional.pdf\">LISTA HOMOLOGA\u00c7\u00c3O-EDITAL 15-2015-PROCRI_Bolsa Santander-Andifes_Mob Nacional<\/a><\/p>\n<p><a href=\"http:\/\/www2.unifap.br\/procri\/files\/2015\/11\/PRORROGA\u00c7\u00c3O_EDITAL-15-2015-PROCRI_Bolsa-Santander-Andifes_Mob-Nacional.pdf\">PRORROGA\u00c7\u00c3O_EDITAL 15-2015-PROCRI_Bolsa Santander-Andifes_Mob Nacional<\/a><\/p>\n<p><a href=\"http:\/\/www2.unifap.br\/procri\/files\/2015\/11\/EDITAL-15-2015-PROCRI_Bolsa-Santander-Andifes_Mobilidade-Nacional.pdf\">EDITAL 15-2015-PROCRI_Bolsa Santander-Andifes_Mobilidade Nacional<\/a><\/p>\n","protected":false},"excerpt":{"rendered":"<p>LISTA HOMOLOGADA EDITAL 15\/2015\/PROCRI\/UNIFAP SELE\u00c7\u00c3O DE ALUNOS \u00c0 BOLSA SANTANDER DE INCENTIVO \u00c0 MOBILIDADE NACIONAL ANDIFES LISTA HOMOLOGA\u00c7\u00c3O-EDITAL 15-2015-PROCRI_Bolsa Santander-Andifes_Mob Nacional PRORROGA\u00c7\u00c3O_EDITAL 15-2015-PROCRI_Bolsa Santander-Andifes_Mob Nacional EDITAL 15-2015-PROCRI_Bolsa Santander-Andifes_Mobilidade Nacional<\/p>\n","protected":false},"author":189,"featured_media":0,"parent":2743,"menu_order":13,"comment_status":"open","ping_status":"closed","template":"","meta":{"inline_featured_image":false,"ngg_post_thumbnail":0,"footnotes":""},"class_list":["post-2447","page","type-page","status-publish","hentry","entry"],"_links":{"self":[{"href":"https:\/\/www2.unifap.br\/procri\/wp-json\/wp\/v2\/pages\/2447","targetHints":{"allow":["GET"]}}],"collection":[{"href":"https:\/\/www2.unifap.br\/procri\/wp-json\/wp\/v2\/pages"}],"about":[{"href":"https:\/\/www2.unifap.br\/procri\/wp-json\/wp\/v2\/types\/page"}],"author":[{"embeddable":true,"href":"https:\/\/www2.unifap.br\/procri\/wp-json\/wp\/v2\/users\/189"}],"replies":[{"embeddable":true,"href":"https:\/\/www2.unifap.br\/procri\/wp-json\/wp\/v2\/comments?post=2447"}],"version-history":[{"count":1,"href":"https:\/\/www2.unifap.br\/procri\/wp-json\/wp\/v2\/pages\/2447\/revisions"}],"predecessor-version":[{"id":2451,"href":"https:\/\/www2.unifap.br\/procri\/wp-json\/wp\/v2\/pages\/2447\/revisions\/2451"}],"up":[{"embeddable":true,"href":"https:\/\/www2.unifap.br\/procri\/wp-json\/wp\/v2\/pages\/2743"}],"wp:attachment":[{"href":"https:\/\/www2.unifap.br\/procri\/wp-json\/wp\/v2\/media?parent=2447"}],"curies":[{"name":"wp","href":"https:\/\/api.w.org\/{rel}","templated":true}]}}