{"id":2452,"date":"2015-11-18T20:54:55","date_gmt":"2015-11-18T20:54:55","guid":{"rendered":"http:\/\/www2.unifap.br\/procri\/?page_id=2452"},"modified":"2017-10-02T20:25:21","modified_gmt":"2017-10-02T20:25:21","slug":"edital-09-2015procriunifap_aux-proj-transfronteirico","status":"publish","type":"page","link":"https:\/\/www2.unifap.br\/procri\/bolsas-para-pesquisa\/editais-2015\/edital-09-2015procriunifap_aux-proj-transfronteirico\/","title":{"rendered":"Edital 09-2015\/PROCRI\/UNIFAP_Aux. Proj. Transfronteiri\u00e7o"},"content":{"rendered":"<p><a href=\"http:\/\/www2.unifap.br\/procri\/files\/2015\/11\/Retifica\u00e7\u00e3o_Edital-09-2015-PROCRI_Proj-Transfront-Prazo-Presta\u00e7\u00e3o-Contas.pdf\">Retifica\u00e7\u00e3o_Edital 09-2015-PROCRI_Proj Transfront &#8211; (Prazo Presta\u00e7\u00e3o Contas)<\/a><\/p>\n<p><a href=\"http:\/\/www2.unifap.br\/procri\/files\/2015\/11\/RESULTADO-DEFINITIVO-AUX.-PESQUISADOR-_PROJETOS-TRANSFRONTEIRI\u00c7OS.pdf\">RESULTADO DEFINITIVO AUX. PESQUISADOR _PROJETOS TRANSFRONTEIRI\u00c7OS<\/a><\/p>\n<p><a href=\"http:\/\/www2.unifap.br\/procri\/files\/2015\/11\/RESULTADO-PRELIMINAR-AUX.-PESQ-PROJETOS-TRANSFRONTEIRI\u00c7OS.pdf\">RESULTADO PRELIMINAR AUX. PESQ PROJETOS TRANSFRONTEIRI\u00c7OS<\/a><\/p>\n<p><a href=\"http:\/\/www2.unifap.br\/procri\/files\/2015\/11\/Edital-09-2015-PROCRI-UNIFAP_Aux\u00edlio-a-Projetos-Transfronteiri\u00e7os.pdf\">Edital 09-2015-PROCRI-UNIFAP_Aux\u00edlio a Projetos Transfronteiri\u00e7os<\/a> <a href=\"http:\/\/www2.unifap.br\/procri\/files\/2015\/06\/ANEXO-I_Ficha-de-Inscri\u00e7\u00e3o.docx\">ANEXOS: I-Inscr; <\/a><a href=\"http:\/\/www2.unifap.br\/procri\/files\/2015\/06\/ANEXO-II_Planilha-de-Pontua\u00e7\u00e3o-Projetos-Transfronteiri\u00e7os.docx\">II-Planilha de Pont; <\/a><a href=\"http:\/\/www2.unifap.br\/procri\/files\/2015\/06\/ANEXO-III_PROJETO-Transfronteiri\u00e7o.docx\">III-PROJETO<\/a><\/p>\n","protected":false},"excerpt":{"rendered":"<p>Retifica\u00e7\u00e3o_Edital 09-2015-PROCRI_Proj Transfront &#8211; (Prazo Presta\u00e7\u00e3o Contas) RESULTADO DEFINITIVO AUX. PESQUISADOR _PROJETOS TRANSFRONTEIRI\u00c7OS RESULTADO PRELIMINAR AUX. PESQ PROJETOS TRANSFRONTEIRI\u00c7OS Edital 09-2015-PROCRI-UNIFAP_Aux\u00edlio a Projetos Transfronteiri\u00e7os ANEXOS: I-Inscr; II-Planilha de Pont; III-PROJETO<\/p>\n","protected":false},"author":189,"featured_media":0,"parent":2743,"menu_order":8,"comment_status":"open","ping_status":"closed","template":"","meta":{"inline_featured_image":false,"ngg_post_thumbnail":0,"footnotes":""},"class_list":["post-2452","page","type-page","status-publish","hentry","entry"],"_links":{"self":[{"href":"https:\/\/www2.unifap.br\/procri\/wp-json\/wp\/v2\/pages\/2452","targetHints":{"allow":["GET"]}}],"collection":[{"href":"https:\/\/www2.unifap.br\/procri\/wp-json\/wp\/v2\/pages"}],"about":[{"href":"https:\/\/www2.unifap.br\/procri\/wp-json\/wp\/v2\/types\/page"}],"author":[{"embeddable":true,"href":"https:\/\/www2.unifap.br\/procri\/wp-json\/wp\/v2\/users\/189"}],"replies":[{"embeddable":true,"href":"https:\/\/www2.unifap.br\/procri\/wp-json\/wp\/v2\/comments?post=2452"}],"version-history":[{"count":2,"href":"https:\/\/www2.unifap.br\/procri\/wp-json\/wp\/v2\/pages\/2452\/revisions"}],"predecessor-version":[{"id":2745,"href":"https:\/\/www2.unifap.br\/procri\/wp-json\/wp\/v2\/pages\/2452\/revisions\/2745"}],"up":[{"embeddable":true,"href":"https:\/\/www2.unifap.br\/procri\/wp-json\/wp\/v2\/pages\/2743"}],"wp:attachment":[{"href":"https:\/\/www2.unifap.br\/procri\/wp-json\/wp\/v2\/media?parent=2452"}],"curies":[{"name":"wp","href":"https:\/\/api.w.org\/{rel}","templated":true}]}}