{"id":2512,"date":"2016-03-15T21:08:46","date_gmt":"2016-03-15T21:08:46","guid":{"rendered":"http:\/\/www2.unifap.br\/procri\/?page_id=2512"},"modified":"2016-07-20T20:04:19","modified_gmt":"2016-07-20T20:04:19","slug":"edital-no-022016procriunifap_top-espanha-santander-2016","status":"publish","type":"page","link":"https:\/\/www2.unifap.br\/procri\/bolsas-para-pesquisa\/editais-2016\/edital-no-022016procriunifap_top-espanha-santander-2016\/","title":{"rendered":"EDITAL N\u00ba 02\/2016\/PROCRI\/UNIFAP_TOP ESPANHA SANTANDER 2016"},"content":{"rendered":"<p>A Pr\u00f3-Reitoria de Coopera\u00e7\u00e3o e Rela\u00e7\u00f5es Interinstitucionais da Universidade Federal do Amap\u00e1 (PROCRI-UNIFAP) torna p\u00fablico o presente Edital, que trata da sele\u00e7\u00e3o de acad\u00eamicos graduandos da Unifap ao Programa TOP ESPA\u00d1A 2016 do Santander Universidades,\u00a0 mediante Conv\u00eanio firmado entre o SANTANDER e a UNIFAP. (Leia primeiramente todo o Edital)<\/p>\n<p><a href=\"http:\/\/www2.unifap.br\/procri\/files\/2016\/04\/RESULTADO-FINAL-TOP-ESPANHA-2016-SANTANDER.pdf\">RESULTADO FINAL TOP ESPANHA 2016 SANTANDER<\/a><\/p>\n<p><a href=\"http:\/\/www2.unifap.br\/procri\/files\/2016\/03\/RESULTADO-PRELIMINAR-TOP-ESPA\u00d1A-2016-SANTANDER.pdf\">RESULTADO PRELIMINAR TOP ESPA\u00d1A 2016 SANTANDER<\/a><\/p>\n<p><span style=\"color: #0000ff\"><a href=\"http:\/\/www2.unifap.br\/procri\/files\/2016\/02\/ERRATA-EDITAL-N\u00ba-02-2016-PROCRI-UNIFAP_TOP-ESPANHA-2016.pdf\"><span style=\"color: #0000ff\">ERRATA EDITAL N\u00ba 02-2016-TOP ESPANHA 2016<\/span><\/a><\/span><\/p>\n<p><span style=\"color: #0000ff\"><a href=\"http:\/\/www2.unifap.br\/procri\/files\/2016\/03\/QUADRO-DE-PONTUA\u00c7\u00c2O-TOP-ESPA\u00d1A-2016_CORRIGIDO.pdf\"><span style=\"color: #0000ff\">QUADRO DE PONTUA\u00c7\u00c2O TOP ESPA\u00d1A 2016_CORRIGIDO<\/span><\/a><\/span><\/p>\n<p><span style=\"color: #0000ff\"><a href=\"http:\/\/www2.unifap.br\/procri\/files\/2016\/03\/EDITAL-N\u00ba-02-2016-PROCRI-UNIFAP_TOP-ESPANHA-SANTANDER-2016.pdf\"><span style=\"color: #0000ff\">EDITAL N\u00ba 02-2016-PROCRI-UNIFAP_TOP ESPANHA SANTANDER 2016<\/span><\/a><\/span><\/p>\n<p><span style=\"color: #0000ff\"><a href=\"http:\/\/www2.unifap.br\/procri\/files\/2016\/03\/FORMUL\u00c1RIO-INSCRI\u00c7\u00c3O-PROCRI-TOP-ESPA\u00d1A-2016.pdf\"><span style=\"color: #0000ff\">FORMUL\u00c1RIO INSCRI\u00c7\u00c3O PROCRI TOP ESPA\u00d1A 2016<\/span><\/a><\/span><\/p>\n<p><span style=\"color: #0000ff\"><a href=\"http:\/\/www2.unifap.br\/procri\/files\/2016\/03\/FORMUL\u00c1RIO-DE-RECURSO.docx\"><span style=\"color: #0000ff\">FORMUL\u00c1RIO DE RECURSO<\/span><\/a><\/span><\/p>\n<p><span style=\"color: #0000ff\"><a href=\"http:\/\/www2.unifap.br\/procri\/files\/2016\/03\/PRINCIPIOS-GERAIS-DO-TOP-ESPA\u00d1A-2016.pdf\"><span style=\"color: #0000ff\">PRINCIPIOS GERAIS DO TOP ESPA\u00d1A 2016<\/span><\/a><\/span><\/p>\n","protected":false},"excerpt":{"rendered":"<p>A Pr\u00f3-Reitoria de Coopera\u00e7\u00e3o e Rela\u00e7\u00f5es Interinstitucionais da Universidade Federal do Amap\u00e1 (PROCRI-UNIFAP) torna p\u00fablico o presente Edital, que trata da sele\u00e7\u00e3o de acad\u00eamicos graduandos da Unifap ao Programa TOP ESPA\u00d1A 2016 do Santander Universidades,\u00a0 mediante Conv\u00eanio firmado entre o SANTANDER e a UNIFAP. (Leia primeiramente todo o Edital) RESULTADO FINAL TOP ESPANHA 2016 SANTANDER&#8230;<\/p>\n","protected":false},"author":189,"featured_media":0,"parent":2746,"menu_order":2,"comment_status":"open","ping_status":"closed","template":"","meta":{"inline_featured_image":false,"ngg_post_thumbnail":0,"footnotes":""},"class_list":["post-2512","page","type-page","status-publish","hentry","entry"],"_links":{"self":[{"href":"https:\/\/www2.unifap.br\/procri\/wp-json\/wp\/v2\/pages\/2512","targetHints":{"allow":["GET"]}}],"collection":[{"href":"https:\/\/www2.unifap.br\/procri\/wp-json\/wp\/v2\/pages"}],"about":[{"href":"https:\/\/www2.unifap.br\/procri\/wp-json\/wp\/v2\/types\/page"}],"author":[{"embeddable":true,"href":"https:\/\/www2.unifap.br\/procri\/wp-json\/wp\/v2\/users\/189"}],"replies":[{"embeddable":true,"href":"https:\/\/www2.unifap.br\/procri\/wp-json\/wp\/v2\/comments?post=2512"}],"version-history":[{"count":7,"href":"https:\/\/www2.unifap.br\/procri\/wp-json\/wp\/v2\/pages\/2512\/revisions"}],"predecessor-version":[{"id":2600,"href":"https:\/\/www2.unifap.br\/procri\/wp-json\/wp\/v2\/pages\/2512\/revisions\/2600"}],"up":[{"embeddable":true,"href":"https:\/\/www2.unifap.br\/procri\/wp-json\/wp\/v2\/pages\/2746"}],"wp:attachment":[{"href":"https:\/\/www2.unifap.br\/procri\/wp-json\/wp\/v2\/media?parent=2512"}],"curies":[{"name":"wp","href":"https:\/\/api.w.org\/{rel}","templated":true}]}}