{"id":2550,"date":"2016-04-01T21:17:32","date_gmt":"2016-04-01T21:17:32","guid":{"rendered":"http:\/\/www2.unifap.br\/procri\/?page_id=2550"},"modified":"2016-07-20T20:04:59","modified_gmt":"2016-07-20T20:04:59","slug":"edital-no032016procriunifap_intercambio-brasil-colombia-bracol","status":"publish","type":"page","link":"https:\/\/www2.unifap.br\/procri\/bolsas-para-pesquisa\/editais-2016\/edital-no032016procriunifap_intercambio-brasil-colombia-bracol\/","title":{"rendered":"EDITAL N\u00ba03\/2016\/PROCRI\/UNIFAP_INTERC\u00c2MBIO BRASIL-COL\u00d4MBIA &#8211; BRACOL"},"content":{"rendered":"<p><b>\u00a0<\/b>A Pr\u00f3-Reitoria de Coopera\u00e7\u00e3o e Rela\u00e7\u00f5es Interinstitucionais da Universidade Federal do Amap\u00e1 (PROCRI-UNIFAP) torna p\u00fablico o presente Edital para sele\u00e7\u00e3o de candidatos ao <b>Programa de Interc\u00e2mbio de Estudantes Brasil-Col\u00f4mbia (BRACOL)<\/b>, para alunos de gradua\u00e7\u00e3o da UNIFAP, atrav\u00e9s de Conv\u00eanio firmado entre o Grupo Coimbra de Universidades Brasileiras (GCUB), a Associa\u00e7\u00e3o Colombiana de Universidades (ASCUN) e a UNIFAP.<\/p>\n<p>CONVOCA\u00c7\u00c3O!!!!<\/p>\n<p>Comunicamos a TODOS OS APROVADOS que aparecem no Resultado Preliminar Bracol, a realiza\u00e7\u00e3o da reuni\u00e3o de orienta\u00e7\u00e3o no dia 22 de abril de 2016, sexta-feira, \u00e0s 16 horas, na Pr\u00f3-Reitoria de Coopera\u00e7\u00e3o e Rela\u00e7\u00f5es Interinstitucionais &#8211; PROCRI, no Pr\u00e9dio da Reitoria, 1\u00ba andar.<\/p>\n<p><a href=\"http:\/\/www2.unifap.br\/procri\/files\/2016\/04\/RESULTADO-FINAL-BRACOL.pdf\">RESULTADO FINAL BRACOL<\/a><\/p>\n<p><a href=\"http:\/\/www2.unifap.br\/procri\/files\/2016\/04\/RESULTADO-PRELIMINAR-BRACOL.pdf\">RESULTADO PRELIMINAR BRACOL<\/a><\/p>\n<p><span style=\"color: #0000ff\"><a href=\"http:\/\/www2.unifap.br\/procri\/files\/2016\/04\/EDITAL-03-2016-PROCRI-BRACOL.pdf\"><span style=\"color: #0000ff\">EDITAL 03-2016 PROCRI (BRACOL)<\/span><\/a> <\/span><\/p>\n<p><span style=\"color: #0000ff\"><a href=\"http:\/\/www2.unifap.br\/procri\/files\/2016\/04\/ANEXO-I_REQUERIMENTO-DE-INSCRI\u00c7\u00c3O-bracol-2016.docx\"><span style=\"color: #0000ff\">ANEXO I-REQUERIMENTO DE INSCRI\u00c7\u00c3O\u00a0<\/span><\/a><\/span><\/p>\n<p><span style=\"color: #0000ff\"> <a href=\"http:\/\/www2.unifap.br\/procri\/files\/2016\/04\/Anexo-II-FORMUL\u00c1RIO-DE-RECURSO.docx\"><span style=\"color: #0000ff\">Anexo II -FORMUL\u00c1RIO DE RECURSO<\/span><\/a> <\/span><\/p>\n<p><span style=\"color: #0000ff\"><a href=\"http:\/\/www2.unifap.br\/procri\/files\/2016\/04\/Anexo-4-Acordo-Espec\u00edfico-BRACOL.pdf\"><span style=\"color: #0000ff\">Anexo 4 &#8211; Acordo Espec\u00edfico BRACOL<\/span><\/a><\/span><\/p>\n","protected":false},"excerpt":{"rendered":"<p>\u00a0A Pr\u00f3-Reitoria de Coopera\u00e7\u00e3o e Rela\u00e7\u00f5es Interinstitucionais da Universidade Federal do Amap\u00e1 (PROCRI-UNIFAP) torna p\u00fablico o presente Edital para sele\u00e7\u00e3o de candidatos ao Programa de Interc\u00e2mbio de Estudantes Brasil-Col\u00f4mbia (BRACOL), para alunos de gradua\u00e7\u00e3o da UNIFAP, atrav\u00e9s de Conv\u00eanio firmado entre o Grupo Coimbra de Universidades Brasileiras (GCUB), a Associa\u00e7\u00e3o Colombiana de Universidades (ASCUN) e&#8230;<\/p>\n","protected":false},"author":189,"featured_media":0,"parent":2746,"menu_order":3,"comment_status":"open","ping_status":"open","template":"","meta":{"inline_featured_image":false,"ngg_post_thumbnail":0,"footnotes":""},"class_list":["post-2550","page","type-page","status-publish","hentry","entry"],"_links":{"self":[{"href":"https:\/\/www2.unifap.br\/procri\/wp-json\/wp\/v2\/pages\/2550","targetHints":{"allow":["GET"]}}],"collection":[{"href":"https:\/\/www2.unifap.br\/procri\/wp-json\/wp\/v2\/pages"}],"about":[{"href":"https:\/\/www2.unifap.br\/procri\/wp-json\/wp\/v2\/types\/page"}],"author":[{"embeddable":true,"href":"https:\/\/www2.unifap.br\/procri\/wp-json\/wp\/v2\/users\/189"}],"replies":[{"embeddable":true,"href":"https:\/\/www2.unifap.br\/procri\/wp-json\/wp\/v2\/comments?post=2550"}],"version-history":[{"count":5,"href":"https:\/\/www2.unifap.br\/procri\/wp-json\/wp\/v2\/pages\/2550\/revisions"}],"predecessor-version":[{"id":2610,"href":"https:\/\/www2.unifap.br\/procri\/wp-json\/wp\/v2\/pages\/2550\/revisions\/2610"}],"up":[{"embeddable":true,"href":"https:\/\/www2.unifap.br\/procri\/wp-json\/wp\/v2\/pages\/2746"}],"wp:attachment":[{"href":"https:\/\/www2.unifap.br\/procri\/wp-json\/wp\/v2\/media?parent=2550"}],"curies":[{"name":"wp","href":"https:\/\/api.w.org\/{rel}","templated":true}]}}