{"id":2673,"date":"2016-06-02T14:01:16","date_gmt":"2016-06-02T14:01:16","guid":{"rendered":"http:\/\/www2.unifap.br\/procri\/?page_id=2673"},"modified":"2016-07-20T20:06:17","modified_gmt":"2016-07-20T20:06:17","slug":"edital-05-de-mini-cursos-em-lingua-estrangeiras_professor-unifap","status":"publish","type":"page","link":"https:\/\/www2.unifap.br\/procri\/bolsas-para-pesquisa\/editais-2016\/edital-05-de-mini-cursos-em-lingua-estrangeiras_professor-unifap\/","title":{"rendered":"EDITAL 05\/2016 DE MINI-CURSOS EM L\u00cdNGUA ESTRANGEIRAS_PROFESSOR UNIFAP"},"content":{"rendered":"<p>&nbsp;<\/p>\n<p><a href=\"http:\/\/www2.unifap.br\/procri\/files\/2016\/07\/RESULTADO-FINAL-DA-SELE\u00c7\u00c3O-DE-PROJETOS-DE-MINICURSOS-EM-L\u00cdNGUA-ESTRANGEIRA.pdf\">RESULTADO FINAL\u00a0<\/a><\/p>\n<p><a href=\"http:\/\/www2.unifap.br\/procri\/files\/2016\/07\/RESULTADO-PRELIMINAR-DA-SELE\u00c7\u00c3O-DE-PROJETOS-DE-MINICURSOS-EM-L\u00cdNGUA-ESTRANGEIRA1.pdf\">RESULTADO PRELIMINAR\u00a0<\/a><\/p>\n<p><a href=\"http:\/\/www2.unifap.br\/procri\/files\/2016\/05\/EDITAL-DE-APOIO-A-MINICURSOS-EM-L\u00cdNGUA-ESTRANGEIRA1.pdf\">EDITAL DE APOIO A MINICURSOS EM L\u00cdNGUA ESTRANGEIRA<\/a><\/p>\n<p><strong><a href=\"http:\/\/www2.unifap.br\/procri\/files\/2016\/06\/Anexo1.docx\"><span style=\"color: #0000ff\">ANEXO 1<\/span> <\/a><\/strong><\/p>\n<p>&nbsp;<\/p>\n<p><a href=\"http:\/\/www2.unifap.br\/procri\/files\/2016\/06\/CONVITE-Mini-cursos-Idimoas-Professores1.jpg\"><img fetchpriority=\"high\" decoding=\"async\" class=\"aligncenter  wp-image-2660\" alt=\"CONVITE Mini-cursos Idimoas Professores1\" src=\"http:\/\/www2.unifap.br\/procri\/files\/2016\/06\/CONVITE-Mini-cursos-Idimoas-Professores1.jpg\" width=\"1754\" height=\"1240\" srcset=\"https:\/\/www2.unifap.br\/procri\/files\/2016\/06\/CONVITE-Mini-cursos-Idimoas-Professores1.jpg 1754w, https:\/\/www2.unifap.br\/procri\/files\/2016\/06\/CONVITE-Mini-cursos-Idimoas-Professores1-300x212.jpg 300w, https:\/\/www2.unifap.br\/procri\/files\/2016\/06\/CONVITE-Mini-cursos-Idimoas-Professores1-1024x723.jpg 1024w\" sizes=\"(max-width: 1754px) 100vw, 1754px\" \/><\/a><\/p>\n","protected":false},"excerpt":{"rendered":"<p>&nbsp; RESULTADO FINAL\u00a0 RESULTADO PRELIMINAR\u00a0 EDITAL DE APOIO A MINICURSOS EM L\u00cdNGUA ESTRANGEIRA ANEXO 1 &nbsp;<\/p>\n","protected":false},"author":189,"featured_media":0,"parent":2746,"menu_order":5,"comment_status":"open","ping_status":"open","template":"","meta":{"inline_featured_image":false,"ngg_post_thumbnail":0,"footnotes":""},"class_list":["post-2673","page","type-page","status-publish","hentry","entry"],"_links":{"self":[{"href":"https:\/\/www2.unifap.br\/procri\/wp-json\/wp\/v2\/pages\/2673","targetHints":{"allow":["GET"]}}],"collection":[{"href":"https:\/\/www2.unifap.br\/procri\/wp-json\/wp\/v2\/pages"}],"about":[{"href":"https:\/\/www2.unifap.br\/procri\/wp-json\/wp\/v2\/types\/page"}],"author":[{"embeddable":true,"href":"https:\/\/www2.unifap.br\/procri\/wp-json\/wp\/v2\/users\/189"}],"replies":[{"embeddable":true,"href":"https:\/\/www2.unifap.br\/procri\/wp-json\/wp\/v2\/comments?post=2673"}],"version-history":[{"count":7,"href":"https:\/\/www2.unifap.br\/procri\/wp-json\/wp\/v2\/pages\/2673\/revisions"}],"predecessor-version":[{"id":5380,"href":"https:\/\/www2.unifap.br\/procri\/wp-json\/wp\/v2\/pages\/2673\/revisions\/5380"}],"up":[{"embeddable":true,"href":"https:\/\/www2.unifap.br\/procri\/wp-json\/wp\/v2\/pages\/2746"}],"wp:attachment":[{"href":"https:\/\/www2.unifap.br\/procri\/wp-json\/wp\/v2\/media?parent=2673"}],"curies":[{"name":"wp","href":"https:\/\/api.w.org\/{rel}","templated":true}]}}