{"id":2847,"date":"2016-09-23T20:06:00","date_gmt":"2016-09-23T20:06:00","guid":{"rendered":"http:\/\/www2.unifap.br\/procri\/?page_id=2847"},"modified":"2017-02-03T13:55:16","modified_gmt":"2017-02-03T13:55:16","slug":"edital-062016procri_bolsa-santander-mob-andifes","status":"publish","type":"page","link":"https:\/\/www2.unifap.br\/procri\/bolsas-para-pesquisa\/editais-2016\/edital-062016procri_bolsa-santander-mob-andifes\/","title":{"rendered":"EDITAL 06\/2016\/PROCRI_BOLSA SANTANDER MOBILIDADE ANDIFES_2017.1"},"content":{"rendered":"<p>A Pr\u00f3-Reitoria de Coopera\u00e7\u00e3o e Rela\u00e7\u00f5es Interinstitucionais &#8211; PROCRI comunica o RESULTADO atualizado EDITAL 06\/2016\/PROCRI\/UNIFAP bolsas SANTANDER \u00e0 Mobilidade Nacional ANDIFES para 1\u00ba per\u00edodo letivo de 2017.<\/p>\n<p><span style=\"color: #000080\"><a href=\"http:\/\/www2.unifap.br\/procri\/files\/2016\/09\/RESULTADO-EDITAL-06-2016-Bolsa-Santander-Andifes_2017.1_atualizado-03.02.2017.pdf\"><span style=\"color: #000080\"><strong><span style=\"color: #0000ff\">RESULTADO EDITAL 06-2016-Bolsa Santander-Andifes_2017.1<\/span><\/strong>_<strong>atualizado 03.02.2017<\/strong><\/span><\/a><\/span><\/p>\n<p><strong><a href=\"http:\/\/www2.unifap.br\/procri\/files\/2016\/09\/RESULTADO-EDITAL-06-2016-Bolsa-Santander-Andifes_2017.1_atualizado-19.01.2017.pdf\">RESULTADO EDITAL 06-2016-Bolsa Santander-Andifes_2017.1_atualizado 19.01.2017<\/a><\/strong><\/p>\n<p><span style=\"color: #000080\"><strong><a href=\"http:\/\/www2.unifap.br\/procri\/files\/2016\/09\/RESULTADO-EDITAL-06-2016-Bolsa-Santander-Andifes_2017.1.pdf\"><span style=\"color: #000080\">RESULTADO EDITAL 06-2016-Bolsa Santander-Andifes_2017.1<\/span><\/a><\/strong><\/span><\/p>\n<p><span style=\"color: #0000ff\"><a href=\"http:\/\/www2.unifap.br\/procri\/files\/2016\/09\/RESULTADO-PRELIMINAR-EDITAL-06-2016-Bolsa-Santander-Andifes_2017.1.pdf\"><span style=\"color: #0000ff\">RESULTADO PRELIMINAR-EDITAL 06-2016-Bolsa Santander-Andifes_2017.1<\/span><\/a><\/span><\/p>\n<p><a href=\"http:\/\/www2.unifap.br\/procri\/files\/2016\/09\/HOMOLOGA\u00c7\u00c3O-INSCRITOS-EDITAL-06-2016-Bolsa-Santander-Andifes_2017.1.pdf\">HOMOLOGA\u00c7\u00c3O INSCRITOS-EDITAL 06-2016-Bolsa Santander-Andifes_2017.1<\/a><\/p>\n<p><a href=\"http:\/\/www2.unifap.br\/procri\/files\/2016\/08\/PRORROGA\u00c7\u00c3O-INSCRI\u00c7\u00c3O-EDITAL-06-2016-PROCRI-UNIFAP_Bolsa-Santander_Mobilidade-Andifes_1\u00ba-2017.pdf\">PRORROGA\u00c7\u00c3O INSCRI\u00c7\u00c3O EDITAL 06-2016-PROCRI-UNIFAP_Bolsa Santander_Mobilidade Andifes_1\u00ba-2017<\/a><\/p>\n<p><a href=\"http:\/\/www2.unifap.br\/procri\/files\/2016\/08\/EDITAL-06-2016-PROCRI-UNIFAP_Bolsa-Santander_Mobilidade-Nacional-Andifes_1\u00ba-2017-RETIFICA\u00c7\u00c3O.pdf\">RETIFICA\u00c7\u00c3O_EDITAL 06-2016-PROCRI-UNIFAP_Bolsa Santander_Mobilidade Nacional Andifes_1\u00ba-2017<\/a><\/p>\n<p><a href=\"http:\/\/www2.unifap.br\/procri\/files\/2016\/08\/EDITAL-06-2016-PROCRI-UNIFAP_Bolsa-Santander_Mobilidade-Nacional-Andifes_1\u00ba-2017.pdf\">EDITAL 06-2016-PROCRI-UNIFAP_Bolsa Santander_Mobilidade Nacional Andifes_1\u00ba-2017<\/a><\/p>\n<p><a href=\"http:\/\/www2.unifap.br\/procri\/files\/2016\/08\/Convenio_Andifes_de_Mobilidade_Academica.pdf\">Convenio_Andifes_de_Mobilidade_Academica<\/a><\/p>\n<p><a href=\"http:\/\/www2.unifap.br\/procri\/files\/2016\/08\/Lista-das-Universidades-Mobilidade-Academica.pdf\">Lista das Universidades Mobilidade Academica<\/a><\/p>\n<p><a href=\"http:\/\/www2.unifap.br\/procri\/files\/2016\/09\/ANEXO-I-FICHA-DE-CADASTRO1.docx\">ANEXO I -FICHA DE CADASTRO<\/a><\/p>\n<p><a href=\"http:\/\/www2.unifap.br\/procri\/files\/2016\/09\/ANEXO-II-PLANO-DE-DISCIPLINAS1.docx\">ANEXO II &#8211; PLANO DE DISCIPLINAS<\/a><\/p>\n<p><a href=\"http:\/\/www2.unifap.br\/procri\/files\/2016\/09\/FORMUL\u00c1RIO-INSCRI\u00c7\u00c3O-atualizado.docx\">FORMUL\u00c1RIO-INSCRI\u00c7\u00c3O atualizado<\/a><\/p>\n<p>&nbsp;<\/p>\n","protected":false},"excerpt":{"rendered":"<p>A Pr\u00f3-Reitoria de Coopera\u00e7\u00e3o e Rela\u00e7\u00f5es Interinstitucionais &#8211; PROCRI comunica o RESULTADO atualizado EDITAL 06\/2016\/PROCRI\/UNIFAP bolsas SANTANDER \u00e0 Mobilidade Nacional ANDIFES para 1\u00ba per\u00edodo letivo de 2017. RESULTADO EDITAL 06-2016-Bolsa Santander-Andifes_2017.1_atualizado 03.02.2017 RESULTADO EDITAL 06-2016-Bolsa Santander-Andifes_2017.1_atualizado 19.01.2017 RESULTADO EDITAL 06-2016-Bolsa Santander-Andifes_2017.1 RESULTADO PRELIMINAR-EDITAL 06-2016-Bolsa Santander-Andifes_2017.1 HOMOLOGA\u00c7\u00c3O INSCRITOS-EDITAL 06-2016-Bolsa Santander-Andifes_2017.1 PRORROGA\u00c7\u00c3O INSCRI\u00c7\u00c3O EDITAL 06-2016-PROCRI-UNIFAP_Bolsa Santander_Mobilidade Andifes_1\u00ba-2017&#8230;<\/p>\n","protected":false},"author":189,"featured_media":0,"parent":2746,"menu_order":7,"comment_status":"open","ping_status":"open","template":"","meta":{"inline_featured_image":false,"ngg_post_thumbnail":0,"footnotes":""},"class_list":["post-2847","page","type-page","status-publish","hentry","entry"],"_links":{"self":[{"href":"https:\/\/www2.unifap.br\/procri\/wp-json\/wp\/v2\/pages\/2847","targetHints":{"allow":["GET"]}}],"collection":[{"href":"https:\/\/www2.unifap.br\/procri\/wp-json\/wp\/v2\/pages"}],"about":[{"href":"https:\/\/www2.unifap.br\/procri\/wp-json\/wp\/v2\/types\/page"}],"author":[{"embeddable":true,"href":"https:\/\/www2.unifap.br\/procri\/wp-json\/wp\/v2\/users\/189"}],"replies":[{"embeddable":true,"href":"https:\/\/www2.unifap.br\/procri\/wp-json\/wp\/v2\/comments?post=2847"}],"version-history":[{"count":12,"href":"https:\/\/www2.unifap.br\/procri\/wp-json\/wp\/v2\/pages\/2847\/revisions"}],"predecessor-version":[{"id":2942,"href":"https:\/\/www2.unifap.br\/procri\/wp-json\/wp\/v2\/pages\/2847\/revisions\/2942"}],"up":[{"embeddable":true,"href":"https:\/\/www2.unifap.br\/procri\/wp-json\/wp\/v2\/pages\/2746"}],"wp:attachment":[{"href":"https:\/\/www2.unifap.br\/procri\/wp-json\/wp\/v2\/media?parent=2847"}],"curies":[{"name":"wp","href":"https:\/\/api.w.org\/{rel}","templated":true}]}}