{"id":3025,"date":"2017-03-29T18:18:20","date_gmt":"2017-03-29T18:18:20","guid":{"rendered":"http:\/\/www2.unifap.br\/procri\/?page_id=3025"},"modified":"2017-05-04T20:15:12","modified_gmt":"2017-05-04T20:15:12","slug":"edital-0022017procriunifap-de-13-de-marco-de-2017","status":"publish","type":"page","link":"https:\/\/www2.unifap.br\/procri\/bolsas-para-pesquisa\/editais-2017\/edital-0022017procriunifap-de-13-de-marco-de-2017\/","title":{"rendered":"EDITAL 002\/2017\/PROCRI\/UNIFAP_AUX. MOB. NAC. OIAPOQUE"},"content":{"rendered":"<p>Edital publicado no dia 13\/03\/2017 na p\u00e1g\u00a0 http:\/\/www2.unifap.br\/procri\/page\/2\/<\/p>\n<p>A Pr\u00f3-Reitoria de Coopera\u00e7\u00e3o e Rela\u00e7\u00f5es Interinstitucionais (PROCRI) em parceria com a Pr\u00f3-Reitoria de Extens\u00e3o e Assuntos Comunit\u00e1rios (PROEAC) torna p\u00fablico o presente Edital para sele\u00e7\u00e3o de estudantes do Campus Binacional do Oiapoque, interessados em participar do Programa de Mobilidade Acad\u00eamica Nacional para o segundo (2\u00ba) per\u00edodo de 2017.<\/p>\n<p><a href=\"http:\/\/www2.unifap.br\/procri\/files\/2017\/05\/RESULTADO-Edital-002-2017-PROCRI-UNIFAP_Aux_Mob-Nac_alunos_Oiapoque_atual1.pdf\"><strong>RESULTADO<\/strong> Edital 002-2017-PROCRI-UNIFAP_Aux_Mob Nac_alunos_Oiapoque_atual<\/a>\u00a0(04\/05\/2017, 17:14h)<\/p>\n<p><span style=\"color: #0000ff\"><strong><span style=\"color: #000080\">AVISO<\/span> <\/strong>(04\/05\/2017): Informamos que chegaram hoje \u00e0 Procri as inscri\u00e7\u00f5es nos envelopes, portanto aguardem o resultado preliminar para esta tarde.<\/span><\/p>\n<p><span style=\"color: #000080\"><a href=\"http:\/\/www2.unifap.br\/procri\/files\/2017\/03\/PRORROGA\u00c7\u00c3O-DE-PRAZOS-Edital-002-2017-PROCRI-UNIFAP_Aux_Mob-Nac_alunos_Oiapoque_atual.pdf\"><span style=\"color: #000080\">PRORROGA\u00c7\u00c3O DE PRAZOS Edital 002-2017-PROCRI-UNIFAP_Aux_Mob Nac_alunos_Oiapoque_atual<\/span><\/a><\/span><\/p>\n<p><span style=\"color: #000080\"><a href=\"http:\/\/www2.unifap.br\/procri\/files\/2017\/03\/ERRATA_IRA-e-Integraliza\u00e7\u00e3o.pdf\"><span style=\"color: #000080\">ERRATA_IRA e Integraliza\u00e7\u00e3o<\/span><\/a><\/span><\/p>\n<p><span style=\"color: #000080\"><a href=\"http:\/\/www2.unifap.br\/procri\/files\/2017\/03\/Edital-002-2017-PROCRI-UNIFAP_Aux_Mob-Nac_alunos_Oiapoque_atual1.pdf\"><span style=\"color: #000080\">Edital 002-2017-PROCRI-UNIFAP_Aux_Mob Nac_alunos_Oiapoque<\/span><\/a><\/span><\/p>\n<p><span style=\"color: #000080\"><a href=\"http:\/\/www2.unifap.br\/procri\/files\/2017\/03\/CHECK-LIST-DOCUMENTOS1.pdf\"><span style=\"color: #000080\">CHECK-LIST DOCUMENTOS<\/span><\/a><\/span><\/p>\n<p><span style=\"color: #000080\"><a href=\"http:\/\/www2.unifap.br\/procri\/files\/2017\/03\/ANEXO-I-FICHA-DE-CADASTRO.docx\"><span style=\"color: #000080\">ANEXO I -FICHA DE CADASTRO<\/span><\/a> <a href=\"http:\/\/www2.unifap.br\/procri\/files\/2017\/03\/ANEXO-III-PLANILHA-PONTUA\u00c7\u00c3O.docx\"><span style=\"color: #000080\">ANEXO III-PLANILHA PONTUA\u00c7\u00c3O<\/span><\/a> <a href=\"http:\/\/www2.unifap.br\/procri\/files\/2017\/03\/ANEXO-II-PLANO-DE-DISCIPLINAS.docx\"><span style=\"color: #000080\">ANEXO II &#8211; PLANO DE DISCIPLINAS<\/span><\/a><\/span><\/p>\n<p><span style=\"color: #000080\"> <a href=\"http:\/\/www2.unifap.br\/procri\/files\/2017\/03\/FORMUL\u00c1RIO-DE-RECURSO.docx\"><span style=\"color: #000080\">FORMUL\u00c1RIO DE RECURSO<\/span><\/a><\/span><\/p>\n","protected":false},"excerpt":{"rendered":"<p>Edital publicado no dia 13\/03\/2017 na p\u00e1g\u00a0 http:\/\/www2.unifap.br\/procri\/page\/2\/ A Pr\u00f3-Reitoria de Coopera\u00e7\u00e3o e Rela\u00e7\u00f5es Interinstitucionais (PROCRI) em parceria com a Pr\u00f3-Reitoria de Extens\u00e3o e Assuntos Comunit\u00e1rios (PROEAC) torna p\u00fablico o presente Edital para sele\u00e7\u00e3o de estudantes do Campus Binacional do Oiapoque, interessados em participar do Programa de Mobilidade Acad\u00eamica Nacional para o segundo (2\u00ba) per\u00edodo&#8230;<\/p>\n","protected":false},"author":189,"featured_media":0,"parent":3039,"menu_order":1,"comment_status":"open","ping_status":"open","template":"","meta":{"inline_featured_image":false,"ngg_post_thumbnail":0,"footnotes":""},"class_list":["post-3025","page","type-page","status-publish","hentry","entry"],"_links":{"self":[{"href":"https:\/\/www2.unifap.br\/procri\/wp-json\/wp\/v2\/pages\/3025","targetHints":{"allow":["GET"]}}],"collection":[{"href":"https:\/\/www2.unifap.br\/procri\/wp-json\/wp\/v2\/pages"}],"about":[{"href":"https:\/\/www2.unifap.br\/procri\/wp-json\/wp\/v2\/types\/page"}],"author":[{"embeddable":true,"href":"https:\/\/www2.unifap.br\/procri\/wp-json\/wp\/v2\/users\/189"}],"replies":[{"embeddable":true,"href":"https:\/\/www2.unifap.br\/procri\/wp-json\/wp\/v2\/comments?post=3025"}],"version-history":[{"count":9,"href":"https:\/\/www2.unifap.br\/procri\/wp-json\/wp\/v2\/pages\/3025\/revisions"}],"predecessor-version":[{"id":3140,"href":"https:\/\/www2.unifap.br\/procri\/wp-json\/wp\/v2\/pages\/3025\/revisions\/3140"}],"up":[{"embeddable":true,"href":"https:\/\/www2.unifap.br\/procri\/wp-json\/wp\/v2\/pages\/3039"}],"wp:attachment":[{"href":"https:\/\/www2.unifap.br\/procri\/wp-json\/wp\/v2\/media?parent=3025"}],"curies":[{"name":"wp","href":"https:\/\/api.w.org\/{rel}","templated":true}]}}