{"id":3105,"date":"2017-04-27T16:21:56","date_gmt":"2017-04-27T16:21:56","guid":{"rendered":"http:\/\/www2.unifap.br\/procri\/?page_id=3105"},"modified":"2017-06-12T19:07:25","modified_gmt":"2017-06-12T19:07:25","slug":"edital-072017procri_apoio-a-minicursos-em-lingua-estrangeira","status":"publish","type":"page","link":"https:\/\/www2.unifap.br\/procri\/bolsas-para-pesquisa\/editais-2017\/edital-072017procri_apoio-a-minicursos-em-lingua-estrangeira\/","title":{"rendered":"EDITAL 07\/2017\/PROCRI_APOIO A MINICURSOS EM L\u00cdNGUA ESTRANGEIRA"},"content":{"rendered":"<p><strong><\/strong>A Pr\u00f3-Reitoria de Coopera\u00e7\u00e3o e Rela\u00e7\u00f5es Interinstitucionais da Universidade Federal do Amap\u00e1 (PROCRI-UNIFAP) torna p\u00fablico o presente Edital para inscri\u00e7\u00e3o e sele\u00e7\u00e3o de docentes da institui\u00e7\u00e3o com objetivo de ofertar minicursos em l\u00ednguas estrangeiras.<\/p>\n<p>(Edital publicado em 18\/04\/2017 no site: http:\/\/www2.unifap.br\/procri\/)<\/p>\n<p><strong><span style=\"color: #000080\"><a href=\"http:\/\/www2.unifap.br\/procri\/files\/2017\/04\/EDITAL-N\u00ba-07_2017-APOIO-A-MINICURSOS-EM-L\u00cdNGUA-ESTRANGEIRA-EDI\u00c7\u00c3O-2017.pdf\"><span style=\"color: #000080\">EDITAL N\u00ba 07_2017 &#8211; APOIO A MINICURSOS EM L\u00cdNGUA ESTRANGEIRA &#8211; EDI\u00c7\u00c3O 2017<\/span><\/a><\/span><\/strong><\/p>\n<p><strong><span style=\"color: #000080\"><a href=\"http:\/\/www2.unifap.br\/procri\/files\/2017\/04\/Anexo1-ATUALIZADO.docx\"><span style=\"color: #000080\">Anexo1 &#8211; Planilha de pontua\u00e7\u00e3o<\/span><\/a><\/span><\/strong><\/p>\n","protected":false},"excerpt":{"rendered":"<p>A Pr\u00f3-Reitoria de Coopera\u00e7\u00e3o e Rela\u00e7\u00f5es Interinstitucionais da Universidade Federal do Amap\u00e1 (PROCRI-UNIFAP) torna p\u00fablico o presente Edital para inscri\u00e7\u00e3o e sele\u00e7\u00e3o de docentes da institui\u00e7\u00e3o com objetivo de ofertar minicursos em l\u00ednguas estrangeiras. (Edital publicado em 18\/04\/2017 no site: http:\/\/www2.unifap.br\/procri\/) EDITAL N\u00ba 07_2017 &#8211; APOIO A MINICURSOS EM L\u00cdNGUA ESTRANGEIRA &#8211; EDI\u00c7\u00c3O 2017 Anexo1&#8230;<\/p>\n","protected":false},"author":189,"featured_media":0,"parent":3039,"menu_order":6,"comment_status":"open","ping_status":"open","template":"","meta":{"inline_featured_image":false,"ngg_post_thumbnail":0,"footnotes":""},"class_list":["post-3105","page","type-page","status-publish","hentry","entry"],"_links":{"self":[{"href":"https:\/\/www2.unifap.br\/procri\/wp-json\/wp\/v2\/pages\/3105","targetHints":{"allow":["GET"]}}],"collection":[{"href":"https:\/\/www2.unifap.br\/procri\/wp-json\/wp\/v2\/pages"}],"about":[{"href":"https:\/\/www2.unifap.br\/procri\/wp-json\/wp\/v2\/types\/page"}],"author":[{"embeddable":true,"href":"https:\/\/www2.unifap.br\/procri\/wp-json\/wp\/v2\/users\/189"}],"replies":[{"embeddable":true,"href":"https:\/\/www2.unifap.br\/procri\/wp-json\/wp\/v2\/comments?post=3105"}],"version-history":[{"count":1,"href":"https:\/\/www2.unifap.br\/procri\/wp-json\/wp\/v2\/pages\/3105\/revisions"}],"predecessor-version":[{"id":3106,"href":"https:\/\/www2.unifap.br\/procri\/wp-json\/wp\/v2\/pages\/3105\/revisions\/3106"}],"up":[{"embeddable":true,"href":"https:\/\/www2.unifap.br\/procri\/wp-json\/wp\/v2\/pages\/3039"}],"wp:attachment":[{"href":"https:\/\/www2.unifap.br\/procri\/wp-json\/wp\/v2\/media?parent=3105"}],"curies":[{"name":"wp","href":"https:\/\/api.w.org\/{rel}","templated":true}]}}