{"id":3376,"date":"2017-07-19T12:20:01","date_gmt":"2017-07-19T12:20:01","guid":{"rendered":"http:\/\/www2.unifap.br\/procri\/?page_id=3376"},"modified":"2017-11-21T20:31:20","modified_gmt":"2017-11-21T20:31:20","slug":"edital-no-112017procriunifap-auxilio-pesquisador-para-mobilidade-internacional-livre","status":"publish","type":"page","link":"https:\/\/www2.unifap.br\/procri\/bolsas-para-pesquisa\/editais-2017\/edital-no-112017procriunifap-auxilio-pesquisador-para-mobilidade-internacional-livre\/","title":{"rendered":"EDITAL N\u00ba 11\/2017\/PROCRI\/UNIFAP \u2013 AUX\u00cdLIO PESQUISADOR PARA MOBILIDADE INTERNACIONAL LIVRE"},"content":{"rendered":"<p style=\"text-align: center\">A <b>UNIVERSIDADE FEDERAL DO AMAP\u00c1 &#8211; UNIFAP<\/b>, atrav\u00e9s da Pr\u00f3-Reitoria de Coopera\u00e7\u00e3o e Rela\u00e7\u00f5es Interinstitucionais &#8211; PROCRI, torna p\u00fablica a inscri\u00e7\u00e3o e sele\u00e7\u00e3o de professores da institui\u00e7\u00e3o para participarem do <b>PROGRAMA DE AUX\u00cdLIO PESQUISADOR PARA MOBILIDADE INTERNACIONAL LIVRE.<\/b><\/p>\n<p style=\"text-align: center\"><a href=\"http:\/\/www2.unifap.br\/procri\/files\/2017\/07\/EDITAL-11_2017_MOB.-INTER.-LIVRE6.pdf\">EDITAL <\/a><\/p>\n<p style=\"text-align: center\"><a href=\"http:\/\/www2.unifap.br\/procri\/files\/2017\/07\/ANEXOS-I-II5.docx\">ANEXOS I &#8211; II<\/a><\/p>\n<p style=\"text-align: center\"><a href=\"http:\/\/www2.unifap.br\/procri\/files\/2017\/07\/ANEXO-III-PLANILHA-DE-PONTUA\u00c7\u00c3O5.docx\">ANEXO III &#8211; PLANILHA DE PONTUA\u00c7\u00c3O<\/a><\/p>\n<p style=\"text-align: center\"><a href=\"http:\/\/www2.unifap.br\/procri\/files\/2017\/07\/ANEXOS-IV-V-VI5.docx\">ANEXOS IV-V-VI<\/a>\u00a0&#8211; PRESTA\u00c7\u00c3O DE CONTAS<\/p>\n<p style=\"text-align: center\"><a href=\"http:\/\/www2.unifap.br\/procri\/files\/2017\/07\/ANEXO-VII-UNIV-PARCEIRAS5.docx\">ANEXO-VII<\/a>\u00a0&#8211; UNIV. PARCEIRAS<\/p>\n<p style=\"text-align: center\">\u00a0<a href=\"http:\/\/www2.unifap.br\/procri\/files\/2017\/07\/Formul\u00e1rio-de-Recurso1.docx\">Formul\u00e1rio de Recurso<\/a><\/p>\n<p style=\"text-align: center\"><a href=\"http:\/\/www2.unifap.br\/procri\/files\/2017\/07\/RESULTADO-PRELIMINAR-EDITAL-11_2017_MOB-LIVRE.pdf\">RESULTADO PRELIMINAR\u00a0<\/a><\/p>\n<p style=\"text-align: center\"><a href=\"http:\/\/www2.unifap.br\/procri\/files\/2017\/07\/RESULTADO-FINAL-EDITAL-11_2017_MOB-LIVRE.pdf\">RESULTADO FINAL\u00a0<\/a><\/p>\n","protected":false},"excerpt":{"rendered":"<p>A UNIVERSIDADE FEDERAL DO AMAP\u00c1 &#8211; UNIFAP, atrav\u00e9s da Pr\u00f3-Reitoria de Coopera\u00e7\u00e3o e Rela\u00e7\u00f5es Interinstitucionais &#8211; PROCRI, torna p\u00fablica a inscri\u00e7\u00e3o e sele\u00e7\u00e3o de professores da institui\u00e7\u00e3o para participarem do PROGRAMA DE AUX\u00cdLIO PESQUISADOR PARA MOBILIDADE INTERNACIONAL LIVRE. EDITAL ANEXOS I &#8211; II ANEXO III &#8211; PLANILHA DE PONTUA\u00c7\u00c3O ANEXOS IV-V-VI\u00a0&#8211; PRESTA\u00c7\u00c3O DE CONTAS ANEXO-VII\u00a0&#8211;&#8230;<\/p>\n","protected":false},"author":888,"featured_media":0,"parent":3039,"menu_order":10,"comment_status":"open","ping_status":"closed","template":"","meta":{"inline_featured_image":false,"ngg_post_thumbnail":0,"footnotes":""},"class_list":["post-3376","page","type-page","status-publish","hentry","entry"],"_links":{"self":[{"href":"https:\/\/www2.unifap.br\/procri\/wp-json\/wp\/v2\/pages\/3376","targetHints":{"allow":["GET"]}}],"collection":[{"href":"https:\/\/www2.unifap.br\/procri\/wp-json\/wp\/v2\/pages"}],"about":[{"href":"https:\/\/www2.unifap.br\/procri\/wp-json\/wp\/v2\/types\/page"}],"author":[{"embeddable":true,"href":"https:\/\/www2.unifap.br\/procri\/wp-json\/wp\/v2\/users\/888"}],"replies":[{"embeddable":true,"href":"https:\/\/www2.unifap.br\/procri\/wp-json\/wp\/v2\/comments?post=3376"}],"version-history":[{"count":7,"href":"https:\/\/www2.unifap.br\/procri\/wp-json\/wp\/v2\/pages\/3376\/revisions"}],"predecessor-version":[{"id":3726,"href":"https:\/\/www2.unifap.br\/procri\/wp-json\/wp\/v2\/pages\/3376\/revisions\/3726"}],"up":[{"embeddable":true,"href":"https:\/\/www2.unifap.br\/procri\/wp-json\/wp\/v2\/pages\/3039"}],"wp:attachment":[{"href":"https:\/\/www2.unifap.br\/procri\/wp-json\/wp\/v2\/media?parent=3376"}],"curies":[{"name":"wp","href":"https:\/\/api.w.org\/{rel}","templated":true}]}}