{"id":3384,"date":"2017-07-19T12:22:55","date_gmt":"2017-07-19T12:22:55","guid":{"rendered":"http:\/\/www2.unifap.br\/procri\/?page_id=3384"},"modified":"2017-09-29T23:07:23","modified_gmt":"2017-09-29T23:07:23","slug":"edital-no-122017procriunifap-auxilio-pesquisador-do-campus-binacional-oiapoque-para-mobilidade-internacional-regiao-guianas","status":"publish","type":"page","link":"https:\/\/www2.unifap.br\/procri\/bolsas-para-pesquisa\/editais-2017\/edital-no-122017procriunifap-auxilio-pesquisador-do-campus-binacional-oiapoque-para-mobilidade-internacional-regiao-guianas\/","title":{"rendered":"EDITAL N\u00ba 12\/2017\/PROCRI\/UNIFAP \u2013 AUX\u00cdLIO PESQUISADOR DO CAMPUS BINACIONAL \u2013 OIAPOQUE PARA MOBILIDADE INTERNACIONAL \u201cREGI\u00c3O GUIANAS\u201d"},"content":{"rendered":"<p style=\"text-align: center\">A <b>UNIVERSIDADE FEDERAL DO AMAPA &#8211; UNIFAP<\/b>, atrav\u00e9s da Pr\u00f3-Reitoria de Coopera\u00e7\u00e3o e Rela\u00e7\u00f5es Interinstitucionais &#8211; PROCRI, torna p\u00fablica a inscri\u00e7\u00e3o e sele\u00e7\u00e3o de professores da institui\u00e7\u00e3o para participarem do <b>PROGRAMA <\/b><b>AUX\u00cdLIO PESQUISADOR DO CAMPUS BINACIONAL-OIAPOQUE PARA MOBILIDADE INTERNACIONAL \u201cREGI\u00c3O GUIANAS\u201d.<\/b><\/p>\n<p style=\"text-align: center\"><a href=\"http:\/\/www2.unifap.br\/procri\/files\/2017\/07\/EDITAL-12_2017_MOB.-INTER.-GUIANAS-OIAPOQUE1.pdf\">EDITAL<\/a><\/p>\n<p style=\"text-align: center\"><a href=\"http:\/\/www2.unifap.br\/procri\/files\/2017\/07\/ANEXOS-I-II6.docx\">ANEXOS I-II<\/a><\/p>\n<p style=\"text-align: center\"><a href=\"http:\/\/www2.unifap.br\/procri\/files\/2017\/07\/ANEXO-III-PLANILHA-DE-PONTUA\u00c7\u00c3O6.docx\">ANEXO III &#8211; PLANILHA DE PONTUA\u00c7\u00c3O<\/a><\/p>\n<p style=\"text-align: center\"><a href=\"http:\/\/www2.unifap.br\/procri\/files\/2017\/07\/ANEXOS-IV-V-VI6.docx\">ANEXOS IV-V-VI<\/a>\u00a0&#8211; PRESTA\u00c7\u00c3O DE CONTAS<\/p>\n<p style=\"text-align: center\"><a href=\"http:\/\/www2.unifap.br\/procri\/files\/2017\/07\/ANEXO-VII-UNIV-PARCEIRAS5.docx\">ANEXO-VII-UNIV-PARCEIRAS<\/a><\/p>\n<p style=\"text-align: center\"><a href=\"http:\/\/www2.unifap.br\/procri\/files\/2017\/07\/Formul\u00e1rio-de-Recurso2.docx\">Formul\u00e1rio de Recurso<\/a><\/p>\n<p style=\"text-align: center\"><a href=\"http:\/\/www2.unifap.br\/procri\/files\/2017\/07\/RESULTADO-PRELIMINAR-EDITAL-12_2017_MOB-REGI\u00c3O-GUIANAS-OIAPOQUE.pdf\">RESULTADO PRELIMINAR\u00a0<\/a><\/p>\n<p style=\"text-align: center\"><a href=\"http:\/\/www2.unifap.br\/procri\/files\/2017\/07\/RESULTADO-FINAL-EDITAL-12_2017_MOB-REGI\u00c3O-GUIANAS-OIAPOQUE.pdf\">RESULTADO FINAL\u00a0<\/a><\/p>\n","protected":false},"excerpt":{"rendered":"<p>A UNIVERSIDADE FEDERAL DO AMAPA &#8211; UNIFAP, atrav\u00e9s da Pr\u00f3-Reitoria de Coopera\u00e7\u00e3o e Rela\u00e7\u00f5es Interinstitucionais &#8211; PROCRI, torna p\u00fablica a inscri\u00e7\u00e3o e sele\u00e7\u00e3o de professores da institui\u00e7\u00e3o para participarem do PROGRAMA AUX\u00cdLIO PESQUISADOR DO CAMPUS BINACIONAL-OIAPOQUE PARA MOBILIDADE INTERNACIONAL \u201cREGI\u00c3O GUIANAS\u201d. EDITAL ANEXOS I-II ANEXO III &#8211; PLANILHA DE PONTUA\u00c7\u00c3O ANEXOS IV-V-VI\u00a0&#8211; PRESTA\u00c7\u00c3O DE CONTAS&#8230;<\/p>\n","protected":false},"author":888,"featured_media":0,"parent":3039,"menu_order":11,"comment_status":"open","ping_status":"closed","template":"","meta":{"inline_featured_image":false,"ngg_post_thumbnail":0,"footnotes":""},"class_list":["post-3384","page","type-page","status-publish","hentry","entry"],"_links":{"self":[{"href":"https:\/\/www2.unifap.br\/procri\/wp-json\/wp\/v2\/pages\/3384","targetHints":{"allow":["GET"]}}],"collection":[{"href":"https:\/\/www2.unifap.br\/procri\/wp-json\/wp\/v2\/pages"}],"about":[{"href":"https:\/\/www2.unifap.br\/procri\/wp-json\/wp\/v2\/types\/page"}],"author":[{"embeddable":true,"href":"https:\/\/www2.unifap.br\/procri\/wp-json\/wp\/v2\/users\/888"}],"replies":[{"embeddable":true,"href":"https:\/\/www2.unifap.br\/procri\/wp-json\/wp\/v2\/comments?post=3384"}],"version-history":[{"count":5,"href":"https:\/\/www2.unifap.br\/procri\/wp-json\/wp\/v2\/pages\/3384\/revisions"}],"predecessor-version":[{"id":3489,"href":"https:\/\/www2.unifap.br\/procri\/wp-json\/wp\/v2\/pages\/3384\/revisions\/3489"}],"up":[{"embeddable":true,"href":"https:\/\/www2.unifap.br\/procri\/wp-json\/wp\/v2\/pages\/3039"}],"wp:attachment":[{"href":"https:\/\/www2.unifap.br\/procri\/wp-json\/wp\/v2\/media?parent=3384"}],"curies":[{"name":"wp","href":"https:\/\/api.w.org\/{rel}","templated":true}]}}