{"id":3511,"date":"2017-09-29T23:14:12","date_gmt":"2017-09-29T23:14:12","guid":{"rendered":"http:\/\/www2.unifap.br\/procri\/?page_id=3511"},"modified":"2018-03-13T17:59:26","modified_gmt":"2018-03-13T17:59:26","slug":"edital-152017_selecao-bolsas-santanderandifes-mobilidade-_1o2018","status":"publish","type":"page","link":"https:\/\/www2.unifap.br\/procri\/bolsas-para-pesquisa\/editais-2017\/edital-152017_selecao-bolsas-santanderandifes-mobilidade-_1o2018\/","title":{"rendered":"EDITAL 15\/2017_SELE\u00c7\u00c3O SANTANDER\/ANDIFES MOB_1\u00ba\/2018_ 15 BOLSAS"},"content":{"rendered":"<p>A Pr\u00f3-Reitoria de Coopera\u00e7\u00e3o e Rela\u00e7\u00f5es Interinstitucionais \u2013 PROCRI publica o presente Edital para sele\u00e7\u00e3o de alunos interessados na Mobilidade Acad\u00eamica Nacional com bolsa Santander\/Andifes para estudar no 1\u00ba per\u00edodo letivo de 2018 em outra Universidade Federal.<\/p>\n<p><span style=\"color: #003366\"><span style=\"color: #000080\"><span style=\"color: #0000ff\">(13<strong>\/03\/2018<\/strong> <\/span>&#8211; 14:54h)<\/span> <strong><a href=\"http:\/\/www2.unifap.br\/procri\/files\/2017\/09\/RESULTADO-FINAL-C.-CARTAS-DE-ACEITA\u00c7\u00c3O-Andifes-Santander-2018.1.pdf\">RESULTADO FINAL C. CARTAS DE ACEITA\u00c7\u00c3O Andifes-Santander-2018.1<\/a><\/strong><\/span><strong><span style=\"color: #0000ff\"><br \/>\n<\/span><\/strong><\/p>\n<p><span style=\"color: #000000\">(14\/11\/2017 &#8211; 17:00h): AVISO IMPORTANTE: O Santander concedeu mais 10 bolsas, portanto ser\u00e3o 15 o total de bolsas\/2018.1\u00a0<a href=\"http:\/\/www2.unifap.br\/procri\/files\/2017\/09\/RESULTADO-Edital-015-2017-PROCRI-UNIFAP_Andifes-Santander-2018.1_15-BOLSAS1.pdf\"><span style=\"color: #000000\">RESULTADO Edital 015-2017-PROCRI-UNIFAP_Andifes-Santander-2018.1_15 BOLSAS<\/span><\/a>\u00a0 \u00a0<\/span><\/p>\n<p><span style=\"color: #000000\">30\/10\/2017 &#8211; 10:20h)\u00a0<a href=\"http:\/\/www2.unifap.br\/procri\/files\/2017\/09\/RESULTADO-PRELIMINAR-Edital-015-2017-PROCRI-UNIFAP_Andifes-Santander-2018.1.pdf\"><span style=\"color: #000000\">RESULTADO PRELIMINAR Edital 015-2017-PROCRI-UNIFAP_Andifes-Santander-2018.1<\/span><\/a><\/span><\/p>\n<p><span style=\"color: #000000\">(26\/10\/2017 &#8211; 13:33h) <a href=\"http:\/\/www2.unifap.br\/procri\/files\/2017\/09\/HOMOLOGA\u00c7\u00c3O-DA-LISTA-DE-INSCRI\u00c7\u00d5ES-Edital-015-2017-PROCRI-UNIFAP_Andifes-Santander-2018.11.pdf\"><span style=\"color: #000000\">HOMOLOGA\u00c7\u00c3O DA LISTA DE INSCRI\u00c7\u00d5ES Edital 015-2017-Bolsa Andifes-Santander-2018.1<\/span><\/a><\/span><\/p>\n<p><span style=\"color: #000000\"><a href=\"http:\/\/www2.unifap.br\/procri\/files\/2017\/09\/EDITAL-15-2017-PROCRI-UNIFAP_Bolsa-Santander_Mobilidade-ANDIFES_1\u00ba-2018.pdf\"><span style=\"color: #000000\">EDITAL 15-2017-PROCRI-UNIFAP_Bolsa Santander_Mobilidade ANDIFES_1\u00ba-2018<\/span><\/a><\/span><\/p>\n<p><span style=\"color: #000000\"><a href=\"http:\/\/www2.unifap.br\/procri\/files\/2017\/09\/ANEXO-I-FICHA-DE-CADASTRO.docx\"><span style=\"color: #000000\">ANEXO I -FICHA DE CADASTRO<\/span><\/a>\u00a0\u00a0\u00a0\u00a0 <a href=\"http:\/\/www2.unifap.br\/procri\/files\/2017\/09\/ANEXO-II-PLANO-DE-DISCIPLINAS.docx\"><span style=\"color: #000000\">ANEXO II &#8211; PLANO DE DISCIPLINAS<\/span><\/a>\u00a0\u00a0 \u00a0 <a href=\"http:\/\/www2.unifap.br\/procri\/files\/2017\/09\/ANEXO-III-PLANILHA-PONTUA\u00c7\u00c3O.docx\"><span style=\"color: #000000\">ANEXO III-PLANILHA PONTUA\u00c7\u00c3O<\/span><\/a><\/span><\/p>\n<p><span style=\"color: #000000\"><a href=\"http:\/\/www2.unifap.br\/procri\/files\/2017\/09\/CONV\u00caNIO-ANDIFES.pdf\"><span style=\"color: #000000\">CONV\u00caNIO ANDIFES<\/span><\/a>\u00a0\u00a0\u00a0\u00a0\u00a0\u00a0\u00a0\u00a0\u00a0 <a href=\"http:\/\/www2.unifap.br\/procri\/files\/2017\/09\/Lista-das-Universidades-Mobilidade-Academica.pdf\"><span style=\"color: #000000\">Lista das Universidades Mobilidade Academica<\/span><\/a><\/span><\/p>\n<p><span style=\"color: #000000\"><a href=\"http:\/\/www2.unifap.br\/procri\/files\/2017\/09\/FORMUL\u00c1RIO-DE-RECURSO.docx\"><span style=\"color: #000000\">FORMUL\u00c1RIO DE RECURSO<br \/>\n<\/span><\/a><\/span><\/p>\n<p><span style=\"color: #000000\"><a href=\"http:\/\/www2.unifap.br\/procri\/files\/2017\/09\/RELAT\u00d3RIO-DE-VIAGEM.docx\"><span style=\"color: #000000\">RELAT\u00d3RIO DE VIAGEM<\/span><\/a><\/span><\/p>\n","protected":false},"excerpt":{"rendered":"<p>A Pr\u00f3-Reitoria de Coopera\u00e7\u00e3o e Rela\u00e7\u00f5es Interinstitucionais \u2013 PROCRI publica o presente Edital para sele\u00e7\u00e3o de alunos interessados na Mobilidade Acad\u00eamica Nacional com bolsa Santander\/Andifes para estudar no 1\u00ba per\u00edodo letivo de 2018 em outra Universidade Federal. (13\/03\/2018 &#8211; 14:54h) RESULTADO FINAL C. CARTAS DE ACEITA\u00c7\u00c3O Andifes-Santander-2018.1 (14\/11\/2017 &#8211; 17:00h): AVISO IMPORTANTE: O Santander concedeu&#8230;<\/p>\n","protected":false},"author":189,"featured_media":0,"parent":3039,"menu_order":14,"comment_status":"open","ping_status":"closed","template":"","meta":{"inline_featured_image":false,"ngg_post_thumbnail":0,"footnotes":""},"class_list":["post-3511","page","type-page","status-publish","hentry","entry"],"_links":{"self":[{"href":"https:\/\/www2.unifap.br\/procri\/wp-json\/wp\/v2\/pages\/3511","targetHints":{"allow":["GET"]}}],"collection":[{"href":"https:\/\/www2.unifap.br\/procri\/wp-json\/wp\/v2\/pages"}],"about":[{"href":"https:\/\/www2.unifap.br\/procri\/wp-json\/wp\/v2\/types\/page"}],"author":[{"embeddable":true,"href":"https:\/\/www2.unifap.br\/procri\/wp-json\/wp\/v2\/users\/189"}],"replies":[{"embeddable":true,"href":"https:\/\/www2.unifap.br\/procri\/wp-json\/wp\/v2\/comments?post=3511"}],"version-history":[{"count":29,"href":"https:\/\/www2.unifap.br\/procri\/wp-json\/wp\/v2\/pages\/3511\/revisions"}],"predecessor-version":[{"id":3839,"href":"https:\/\/www2.unifap.br\/procri\/wp-json\/wp\/v2\/pages\/3511\/revisions\/3839"}],"up":[{"embeddable":true,"href":"https:\/\/www2.unifap.br\/procri\/wp-json\/wp\/v2\/pages\/3039"}],"wp:attachment":[{"href":"https:\/\/www2.unifap.br\/procri\/wp-json\/wp\/v2\/media?parent=3511"}],"curies":[{"name":"wp","href":"https:\/\/api.w.org\/{rel}","templated":true}]}}